{"id":19622,"date":"2023-08-22T17:06:10","date_gmt":"2023-08-22T14:06:10","guid":{"rendered":"https:\/\/t4t-com-php8.wp-dev.int.theitops.net\/?page_id=19622"},"modified":"2024-02-08T17:01:26","modified_gmt":"2024-02-08T15:01:26","slug":"conflicts-of-interest","status":"publish","type":"page","link":"https:\/\/www.t4trade-cn.com\/es\/conflicts-of-interest\/","title":{"rendered":"Conflicts of interest"},"content":{"rendered":"<div data-elementor-type=\"wp-page\" data-elementor-id=\"19622\" class=\"elementor elementor-19622\" data-elementor-post-type=\"page\">\n\t\t\t\t\t\t<section class=\"elementor-section elementor-top-section elementor-element elementor-element-c2325d1 elementor-section-boxed elementor-section-height-default elementor-section-height-default wpr-particle-no wpr-jarallax-no wpr-parallax-no wpr-sticky-section-no\" data-id=\"c2325d1\" data-element_type=\"section\" data-settings=\"{&quot;background_background&quot;:&quot;classic&quot;}\">\n\t\t\t\t\t\t<div class=\"elementor-container elementor-column-gap-default\">\n\t\t\t\t\t<div class=\"elementor-column elementor-col-100 elementor-top-column elementor-element elementor-element-828f5e2\" data-id=\"828f5e2\" data-element_type=\"column\">\n\t\t\t<div class=\"elementor-widget-wrap elementor-element-populated\">\n\t\t\t\t\t\t<div class=\"elementor-element elementor-element-85c85d0 elementor-widget elementor-widget-heading\" data-id=\"85c85d0\" data-element_type=\"widget\" data-widget_type=\"heading.default\">\n\t\t\t\t<div class=\"elementor-widget-container\">\n\t\t\t\t\t<h1 class=\"elementor-heading-title elementor-size-default\">Conflicts of interest policy<\/h1>\t\t\t\t<\/div>\n\t\t\t\t<\/div>\n\t\t\t\t<div class=\"elementor-element elementor-element-ce95abf elementor-widget elementor-widget-text-editor\" data-id=\"ce95abf\" data-element_type=\"widget\" data-widget_type=\"text-editor.default\">\n\t\t\t\t<div class=\"elementor-widget-container\">\n\t\t\t\t\t\t\t\t\t<p>T4Trade is a trade name of Tradeco Limited (hereinafter the \u201cCompany\u201d) and has its registered office at F20, 1<sup>st<\/sup> Floor, Eden Plaza, Eden Island, Seychelles.<\/p><p>The Company has established a Conflicts of Interest Policy (the \u201cPolicy\u201d) in an attempt to take all reasonable steps to identify conflicts of interest between itself, including its managers, employees or any person directly or indirectly linked to the Company by control and its clients or between one client and another that arise in the course of providing any investment or ancillary services, or combinations thereof.<\/p><p>The Company maintains and operates effective organisational and administrative arrangements with a view of taking all reasonable steps designed to prevent and manage conflicts of interest that may arise during the provision of any investment service from adversely affecting the interests of its clients.<\/p><p>In case where, the organisational and administrative arrangements established by the Company to prevent or manage a conflict\u00a0 are not sufficient to ensure, with reasonable confidence, that the risks of damage to the interests of the clients will be prevented, the Company shall clearly proceed with the disclosure of such conflict. The said disclosure shall be done in a durable medium indicating the general nature and source of conflicts of interest, the risks to the Client with sufficient details so as to allow the Client to take an informed decision with the regards to its investment as well as the steps taken to mitigate such risks.<\/p><h3><strong>Identification of Potential Conflicts of Interest<\/strong><\/h3><p><strong>\u00a0<\/strong><\/p><p>For the purposes of identifying the types of conflicts of interest that arise in the course of providing investment services and whose existence may damage the interests of a client, the Company takes into account, by way of minimum criteria, the question of whether the Company or a relevant person, or a person directly or indirectly linked by control to the Company, is in any of the following situations, whether as a result of providing investment or ancillary services or investment activities:<\/p><ol><li>The Company or a relevant person is likely to make a financial gain, or avoid a financial loss, at the expense of the client;<\/li><li>The Company or a relevant person has an interest in the outcome of a service provided to the client or of a transaction carried out on behalf of the client, which is distinct from the client&#8217;s interest in that outcome;<\/li><li>The Company or a relevant person has a financial or other incentive to favour the interest of another client or group of clients over the interests of the client;<\/li><li>The Company or a relevant person carries on the same business as the client;<\/li><li>The Company or a relevant person receives or will receive from a person other than the client, an inducement in relation to a service provided to the client, in the form of monies, goods or services, other than the standard commission or fee for that service;<\/li><\/ol><p><u>For the avoidance of any doubt, a relevant person in relation to the Company means any of<\/u> <u>the following:<\/u><\/p><ol><li>a director, partner or equivalent, manager, or securities dealer representative of the Company ;<\/li><li>an employee of the Company as well as any other natural person whose services are placed at the disposal and under the control of the Company and who is involved in the provision by the Company of investment services and activities;<\/li><li>a natural person who is directly involved in the provision of services to the Company under an outsourcing arrangement for the purpose of the provision by the Company of investment services and activities;<\/li><\/ol><h3><strong>Managing Conflicts of Interest<\/strong><\/h3><p><strong>\u00a0<\/strong><\/p><p>The Company has established suitable and adequate internal procedures for minimising any potential conflicts of interest. The Company maintains a compliance department that is an independent unit within the Company. Some of the duties of the compliance officer is to monitor any possible deviation from the Company\u2019s internal policies and procedures as well as identifying and managing any possible conflicts of interest.<\/p><p>The procedures followed and measures adopted in the Policy include the following, as are necessary and appropriate for the Company to ensure the requisite degree of independence:<\/p><ol><li>effective procedures to prevent or control the exchange of information between relevant persons engaged in activities involving a risk of a conflict of interest where the exchange of that information may harm the interests of one or more clients;<\/li><li>the separate supervision of relevant persons whose principal functions involve carrying out activities on behalf of, or providing services to, clients whose interests may conflict, or who otherwise represent different interests that may conflict, including those of the Company;<\/li><li>the removal of any direct link between the remuneration of relevant persons principally engaged in one activity and the remuneration of, or revenues generated by, different relevant persons principally engaged in another activity, where a conflict of interest may arise in relation to those activities;<\/li><li>measures to prevent or limit any person from exercising inappropriate influence over the way in which a relevant person carries out investment or ancillary services or activities;<\/li><li>measures to prevent or control the simultaneous or sequential involvement of a relevant person in separate investment or ancillary services or activities where such involvement may impair the proper management of the conflicts of interest.<\/li><\/ol><p>More specifically, the Company states some of the policies and procedures that it has implemented for managing possible conflicts of interest below:<\/p><ul><li>Establishment of Chinese Walls for preventing the communication of material non- public information between departments,<\/li><li>The supervision and segregation of duties of relevant persons who are involved in the provision of services to Clients whose interests may conflict, or who otherwise represent different interests that may conflict, including those of the Company,<\/li><li>Establishment of an ongoing monitoring program based on which regular checks are conducted for the assessment of the Company\u2019s procedures, policies and internal controls,<\/li><li>In the case where the Company distributes marketing communication to its clients, it ensures that the said communication is reviewed and approved by the compliance department prior to distribution. The compliance department also ensures that such communication meets the relevant definition of marketing communication as well as having the appropriate disclosure statement,<\/li><li>Personal account dealing restrictions are in place for minimising the relevant person\u2019s own<\/li><li>Procedures set for regular review and monitoring of the execution arrangements with the execution venue, hedging\/ liquidity or price providers as well as on a continuous<\/li><li>No remuneration, discount or nonmonetary benefit is accepted by the Company or a relevant person which would infringe the requirements on conflicts of interest or inducements or order execution<\/li><li>Procedures in regards to the monitoring of access to electronic<\/li><\/ul><p>For further details with regards to the Company\u2019s conflicts of interest policies and procedures, you should contact the compliance department.<\/p><h3><strong>Disclosure of conflict of interest<\/strong><\/h3><p><strong>\u00a0<\/strong><\/p><p>In case where, the organisational and administrative arrangements established by the Company to prevent or manage a conflict\u00a0 are not sufficient to ensure, with reasonable confidence, that the risks of damage to the interests of the clients will be prevented, the Company shall clearly proceed with the disclosure of such conflict.<\/p><p>Prior to carry out a transaction or provide an investment to a client, the Company should disclose any actual or potential conflict of interest to the client provided that the measures<\/p><p>taken by the Company are not sufficient to ensure that the risks of damage to the interests of the client will be avoided.<\/p><p>The above disclosure shall include sufficient detail, taking into account the nature of the client, source of conflicts of interest, the risks to the client to enable him to take an informed decision with respect to the investment service in the context of which the conflict of interest arises. The Company reserves the right not to proceed with the transaction or matter giving rise to the conflict if such disclosure is not sufficient to manage a conflict.<\/p><h3><strong>Amendment \/ Review<\/strong><\/h3><p><strong>\u00a0<\/strong><\/p><p>The Company has the right to amend the current Policy at its discretion and at any time it considers is suitable and appropriate. The Company shall review and amend the current policy as needed on at least on an annual basis.<\/p><p>Where organisational or administrative arrangements made by the Company to manage conflicts of interest are not sufficient to ensure, with reasonable confidence, that risks of damage to client interests will be prevented, it shall clearly disclose the general nature and\/or sources of conflicts of interest to the client before undertaking business on its behalf.<\/p><h3><strong>General Information<\/strong><\/h3><p><strong>\u00a0<\/strong><\/p><p>Should you have any questions in relation to the Company\u2019s conflicts of interest policy, please contact the Compliance department of the Company at: <a style=\"color: blue;\" href=\"mailto:compliance@t4trade.com\">compliance@t4trade.com.<\/a><\/p><p>\u00a0<\/p><p><em>01 September 2022 &#8211; Version: 2022\/001 Copyright \u00a9 2022 Tradeco Limited. All Rights Reserved<\/em><\/p>\t\t\t\t\t\t\t\t<\/div>\n\t\t\t\t<\/div>\n\t\t\t\t\t<\/div>\n\t\t<\/div>\n\t\t\t\t\t<\/div>\n\t\t<\/section>\n\t\t\t\t<\/div>","protected":false},"excerpt":{"rendered":"<p>Conflicts of interest policy T4Trade is a trade name of Tradeco Limited (hereinafter the \u201cCompany\u201d) and has its&#8230;<\/p>","protected":false},"author":1,"featured_media":0,"parent":0,"menu_order":0,"comment_status":"closed","ping_status":"closed","template":"elementor_header_footer","meta":{"_acf_changed":false,"inline_featured_image":false,"footnotes":""},"class_list":["post-19622","page","type-page","status-publish","hentry","entry"],"acf":[],"yoast_head":"<!-- This site is optimized with the Yoast SEO Premium plugin v26.2 (Yoast SEO v26.5) - https:\/\/yoast.com\/wordpress\/plugins\/seo\/ -->\n<title>Conflicts of interest - T4Trade<\/title>\n<meta name=\"description\" content=\"The Company has established a Conflicts of Interest Policy in an attempt to take all reasonable steps to identify conflicts of interest.\" \/>\n<meta name=\"robots\" content=\"index, follow, max-snippet:-1, max-image-preview:large, max-video-preview:-1\" \/>\n<link rel=\"canonical\" href=\"https:\/\/www.t4trade.com\/es\/wp-json\/wp\/v2\/pages\/19622\/\" \/>\n<meta property=\"og:locale\" content=\"es_ES\" \/>\n<meta property=\"og:type\" content=\"article\" \/>\n<meta property=\"og:title\" content=\"Conflicts of interest\" \/>\n<meta property=\"og:description\" content=\"The Company has established a Conflicts of Interest Policy in an attempt to take all reasonable steps to identify conflicts of interest.\" \/>\n<meta property=\"og:url\" content=\"https:\/\/www.t4trade-cn.com\/es\/conflicts-of-interest\/\" \/>\n<meta property=\"og:site_name\" content=\"T4Trade\" \/>\n<meta property=\"article:modified_time\" content=\"2024-02-08T15:01:26+00:00\" \/>\n<meta name=\"twitter:card\" content=\"summary_large_image\" \/>\n<meta name=\"twitter:label1\" content=\"Tiempo de lectura\" \/>\n\t<meta name=\"twitter:data1\" content=\"7 minutos\" \/>\n<script type=\"application\/ld+json\" class=\"yoast-schema-graph\">{\"@context\":\"https:\/\/schema.org\",\"@graph\":[{\"@type\":\"WebPage\",\"@id\":\"https:\/\/www.t4trade-cn.com\/es\/conflicts-of-interest\/\",\"url\":\"https:\/\/www.t4trade-cn.com\/es\/conflicts-of-interest\/\",\"name\":\"Conflicts of interest - T4Trade\",\"isPartOf\":{\"@id\":\"https:\/\/www.t4trade-cn.com\/es\/#website\"},\"datePublished\":\"2023-08-22T14:06:10+00:00\",\"dateModified\":\"2024-02-08T15:01:26+00:00\",\"description\":\"The Company has established a Conflicts of Interest Policy in an attempt to take all reasonable steps to identify conflicts of interest.\",\"breadcrumb\":{\"@id\":\"https:\/\/www.t4trade-cn.com\/es\/conflicts-of-interest\/#breadcrumb\"},\"inLanguage\":\"es\",\"potentialAction\":[{\"@type\":\"ReadAction\",\"target\":[\"https:\/\/www.t4trade-cn.com\/es\/conflicts-of-interest\/\"]}]},{\"@type\":\"BreadcrumbList\",\"@id\":\"https:\/\/www.t4trade-cn.com\/es\/conflicts-of-interest\/#breadcrumb\",\"itemListElement\":[{\"@type\":\"ListItem\",\"position\":1,\"name\":\"Home\",\"item\":\"https:\/\/www.t4trade-cn.com\/es\/\"},{\"@type\":\"ListItem\",\"position\":2,\"name\":\"Conflicts of interest\"}]},{\"@type\":\"WebSite\",\"@id\":\"https:\/\/www.t4trade-cn.com\/es\/#website\",\"url\":\"https:\/\/www.t4trade-cn.com\/es\/\",\"name\":\"T4Trade\",\"description\":\"\",\"publisher\":{\"@id\":\"https:\/\/www.t4trade-cn.com\/es\/#organization\"},\"potentialAction\":[{\"@type\":\"SearchAction\",\"target\":{\"@type\":\"EntryPoint\",\"urlTemplate\":\"https:\/\/www.t4trade-cn.com\/es\/?s={search_term_string}\"},\"query-input\":{\"@type\":\"PropertyValueSpecification\",\"valueRequired\":true,\"valueName\":\"search_term_string\"}}],\"inLanguage\":\"es\"},{\"@type\":\"Organization\",\"@id\":\"https:\/\/www.t4trade-cn.com\/es\/#organization\",\"name\":\"T4Trade\",\"url\":\"https:\/\/www.t4trade-cn.com\/es\/\",\"logo\":{\"@type\":\"ImageObject\",\"inLanguage\":\"es\",\"@id\":\"https:\/\/www.t4trade-cn.com\/es\/#\/schema\/logo\/image\/\",\"url\":\"\/wp-content\/uploads\/2021\/10\/Group.svg\",\"contentUrl\":\"\/wp-content\/uploads\/2021\/10\/Group.svg\",\"width\":145,\"height\":33,\"caption\":\"T4Trade\"},\"image\":{\"@id\":\"https:\/\/www.t4trade-cn.com\/es\/#\/schema\/logo\/image\/\"}}]}<\/script>\n<!-- \/ Yoast SEO Premium plugin. -->","yoast_head_json":{"title":"Conflictos de inter\u00e9s - T4Trade","description":"La empresa ha establecido una pol\u00edtica de conflictos de inter\u00e9s en un intento de tomar todas las medidas razonables para identificar conflictos de inter\u00e9s.","robots":{"index":"index","follow":"follow","max-snippet":"max-snippet:-1","max-image-preview":"max-image-preview:large","max-video-preview":"max-video-preview:-1"},"canonical":"https:\/\/www.t4trade.com\/es\/wp-json\/wp\/v2\/pages\/19622\/","og_locale":"es_ES","og_type":"article","og_title":"Conflicts of interest","og_description":"The Company has established a Conflicts of Interest Policy in an attempt to take all reasonable steps to identify conflicts of interest.","og_url":"https:\/\/www.t4trade-cn.com\/es\/conflicts-of-interest\/","og_site_name":"T4Trade","article_modified_time":"2024-02-08T15:01:26+00:00","twitter_card":"summary_large_image","twitter_misc":{"Tiempo de lectura":"7 minutos"},"schema":{"@context":"https:\/\/schema.org","@graph":[{"@type":"WebPage","@id":"https:\/\/www.t4trade-cn.com\/es\/conflicts-of-interest\/","url":"https:\/\/www.t4trade-cn.com\/es\/conflicts-of-interest\/","name":"Conflictos de inter\u00e9s - T4Trade","isPartOf":{"@id":"https:\/\/www.t4trade-cn.com\/es\/#website"},"datePublished":"2023-08-22T14:06:10+00:00","dateModified":"2024-02-08T15:01:26+00:00","description":"La empresa ha establecido una pol\u00edtica de conflictos de inter\u00e9s en un intento de tomar todas las medidas razonables para identificar conflictos de inter\u00e9s.","breadcrumb":{"@id":"https:\/\/www.t4trade-cn.com\/es\/conflicts-of-interest\/#breadcrumb"},"inLanguage":"es","potentialAction":[{"@type":"ReadAction","target":["https:\/\/www.t4trade-cn.com\/es\/conflicts-of-interest\/"]}]},{"@type":"BreadcrumbList","@id":"https:\/\/www.t4trade-cn.com\/es\/conflicts-of-interest\/#breadcrumb","itemListElement":[{"@type":"ListItem","position":1,"name":"Home","item":"https:\/\/www.t4trade-cn.com\/es\/"},{"@type":"ListItem","position":2,"name":"Conflicts of interest"}]},{"@type":"WebSite","@id":"https:\/\/www.t4trade-cn.com\/es\/#website","url":"https:\/\/www.t4trade-cn.com\/es\/","name":"T4Trade","description":"","publisher":{"@id":"https:\/\/www.t4trade-cn.com\/es\/#organization"},"potentialAction":[{"@type":"SearchAction","target":{"@type":"EntryPoint","urlTemplate":"https:\/\/www.t4trade-cn.com\/es\/?s={search_term_string}"},"query-input":{"@type":"PropertyValueSpecification","valueRequired":true,"valueName":"search_term_string"}}],"inLanguage":"es"},{"@type":"Organization","@id":"https:\/\/www.t4trade-cn.com\/es\/#organization","name":"T4Trade","url":"https:\/\/www.t4trade-cn.com\/es\/","logo":{"@type":"ImageObject","inLanguage":"es","@id":"https:\/\/www.t4trade-cn.com\/es\/#\/schema\/logo\/image\/","url":"\/wp-content\/uploads\/2021\/10\/Group.svg","contentUrl":"\/wp-content\/uploads\/2021\/10\/Group.svg","width":145,"height":33,"caption":"T4Trade"},"image":{"@id":"https:\/\/www.t4trade-cn.com\/es\/#\/schema\/logo\/image\/"}}]}},"_links":{"self":[{"href":"https:\/\/www.t4trade-cn.com\/es\/wp-json\/wp\/v2\/pages\/19622","targetHints":{"allow":["GET"]}}],"collection":[{"href":"https:\/\/www.t4trade-cn.com\/es\/wp-json\/wp\/v2\/pages"}],"about":[{"href":"https:\/\/www.t4trade-cn.com\/es\/wp-json\/wp\/v2\/types\/page"}],"author":[{"embeddable":true,"href":"https:\/\/www.t4trade-cn.com\/es\/wp-json\/wp\/v2\/users\/1"}],"replies":[{"embeddable":true,"href":"https:\/\/www.t4trade-cn.com\/es\/wp-json\/wp\/v2\/comments?post=19622"}],"version-history":[{"count":10,"href":"https:\/\/www.t4trade-cn.com\/es\/wp-json\/wp\/v2\/pages\/19622\/revisions"}],"predecessor-version":[{"id":23685,"href":"https:\/\/www.t4trade-cn.com\/es\/wp-json\/wp\/v2\/pages\/19622\/revisions\/23685"}],"wp:attachment":[{"href":"https:\/\/www.t4trade-cn.com\/es\/wp-json\/wp\/v2\/media?parent=19622"}],"curies":[{"name":"wp","href":"https:\/\/api.w.org\/{rel}","templated":true}]}}