{"id":27692,"date":"2024-05-03T11:03:49","date_gmt":"2024-05-03T08:03:49","guid":{"rendered":"https:\/\/t4t-com-php8.wp-dev.int.theitops.net\/?page_id=27692"},"modified":"2024-07-22T16:25:23","modified_gmt":"2024-07-22T13:25:23","slug":"avoiding-the-vague","status":"publish","type":"page","link":"https:\/\/www.t4trade-cn.com\/es\/trading-psychology\/trading-instincts\/avoiding-the-vague\/","title":{"rendered":"Evitar lo desconocido"},"content":{"rendered":"<div data-elementor-type=\"wp-page\" data-elementor-id=\"27692\" class=\"elementor elementor-27692\" data-elementor-post-type=\"page\">\n\t\t\t\t<div class=\"elementor-element elementor-element-2825719 e-con-full e-flex wpr-particle-no wpr-jarallax-no wpr-parallax-no wpr-sticky-section-no e-con e-parent\" data-id=\"2825719\" data-element_type=\"container\">\n\t\t<div class=\"elementor-element elementor-element-dd4e533 e-flex e-con-boxed wpr-particle-no wpr-jarallax-no wpr-parallax-no wpr-sticky-section-no e-con e-child\" data-id=\"dd4e533\" data-element_type=\"container\">\n\t\t\t\t\t<div class=\"e-con-inner\">\n\t\t\t\t<div class=\"elementor-element elementor-element-85f68b1 elementor-widget elementor-widget-breadcrumbs\" data-id=\"85f68b1\" data-element_type=\"widget\" data-widget_type=\"breadcrumbs.default\">\n\t\t\t\t<div class=\"elementor-widget-container\">\n\t\t\t\t\t<p id=\"breadcrumbs\"><span><span><a href=\"https:\/\/www.t4trade-cn.com\/es\/\">Home<\/a><\/span><\/span><\/p>\t\t\t\t<\/div>\n\t\t\t\t<\/div>\n\t\t\t\t<div class=\"elementor-element elementor-element-5aa4c00 elementor-widget elementor-widget-html\" data-id=\"5aa4c00\" data-element_type=\"widget\" data-widget_type=\"html.default\">\n\t\t\t\t<div class=\"elementor-widget-container\">\n\t\t\t\t\t<script>\r\nwindow.addEventListener('DOMContentLoaded', function() {\r\n  var homeLink = document.querySelector('#breadcrumbs a:first-child');\r\n  if (homeLink) {\r\n    homeLink.textContent = 'Tools & Education';\r\n  }\r\n});\r\n<\/script>\t\t\t\t<\/div>\n\t\t\t\t<\/div>\n\t\t\t\t\t<\/div>\n\t\t\t\t<\/div>\n\t\t<div class=\"elementor-element elementor-element-49dd2f6 e-flex e-con-boxed wpr-particle-no wpr-jarallax-no wpr-parallax-no wpr-sticky-section-no e-con e-child\" data-id=\"49dd2f6\" data-element_type=\"container\">\n\t\t\t\t\t<div class=\"e-con-inner\">\n\t\t\t\t<div class=\"elementor-element elementor-element-5a53902 elementor-widget elementor-widget-heading\" data-id=\"5a53902\" data-element_type=\"widget\" data-widget_type=\"heading.default\">\n\t\t\t\t<div class=\"elementor-widget-container\">\n\t\t\t\t\t<h1 class=\"elementor-heading-title elementor-size-default\">Evitar lo desconocido<\/h1>\t\t\t\t<\/div>\n\t\t\t\t<\/div>\n\t\t\t\t<div class=\"elementor-element elementor-element-c59cf3a elementor-widget__width-initial elementor-widget elementor-widget-text-editor\" data-id=\"c59cf3a\" data-element_type=\"widget\" data-widget_type=\"text-editor.default\">\n\t\t\t\t<div class=\"elementor-widget-container\">\n\t\t\t\t\t\t\t\t\t<p>Si ha estudiado psicolog\u00eda del trading, seguro que ha o\u00eddo hablar del impacto de los instintos en el trading.<\/p>\t\t\t\t\t\t\t\t<\/div>\n\t\t\t\t<\/div>\n\t\t\t\t\t<\/div>\n\t\t\t\t<\/div>\n\t\t<div class=\"elementor-element elementor-element-a3cb9a7 e-flex e-con-boxed wpr-particle-no wpr-jarallax-no wpr-parallax-no wpr-sticky-section-no e-con e-child\" data-id=\"a3cb9a7\" data-element_type=\"container\">\n\t\t\t\t\t<div class=\"e-con-inner\">\n\t\t<div class=\"elementor-element elementor-element-cb2caf5 e-flex e-con-boxed wpr-particle-no wpr-jarallax-no wpr-parallax-no wpr-sticky-section-no e-con e-child\" data-id=\"cb2caf5\" data-element_type=\"container\" data-settings=\"{&quot;background_background&quot;:&quot;classic&quot;}\">\n\t\t\t\t\t<div class=\"e-con-inner\">\n\t\t<div class=\"elementor-element elementor-element-8ec44fc e-con-full e-flex wpr-particle-no wpr-jarallax-no wpr-parallax-no wpr-sticky-section-no e-con e-child\" data-id=\"8ec44fc\" data-element_type=\"container\">\n\t\t\t\t<div class=\"elementor-element elementor-element-248fa0c elementor-widget elementor-widget-text-editor\" data-id=\"248fa0c\" data-element_type=\"widget\" data-widget_type=\"text-editor.default\">\n\t\t\t\t<div class=\"elementor-widget-container\">\n\t\t\t\t\t\t\t\t\t<p>Estos \"instintos de trading\" son aquellos presentimientos o intuiciones que sentimos cuando estamos a punto de tomar una decisi\u00f3n financiera. Suelen basarse en la experiencia o en la informaci\u00f3n que ha ido adquiriendo a lo largo de su viaje por el trading.<\/p><p>Este concepto suele dividirse en tres partes: sesgo sensorial, evitar lo desconocido y tangibilidad de la anticipaci\u00f3n.<\/p>\t\t\t\t\t\t\t\t<\/div>\n\t\t\t\t<\/div>\n\t\t\t\t<\/div>\n\t\t<div class=\"elementor-element elementor-element-efa62a8 e-con-full e-flex wpr-particle-no wpr-jarallax-no wpr-parallax-no wpr-sticky-section-no e-con e-child\" data-id=\"efa62a8\" data-element_type=\"container\">\n\t\t\t\t<div class=\"elementor-element elementor-element-44e3211 elementor-absolute elementor-widget elementor-widget-image\" data-id=\"44e3211\" data-element_type=\"widget\" data-settings=\"{&quot;_position&quot;:&quot;absolute&quot;}\" data-widget_type=\"image.default\">\n\t\t\t\t<div class=\"elementor-widget-container\">\n\t\t\t\t\t\t\t\t\t\t\t\t\t\t\t<img fetchpriority=\"high\" decoding=\"async\" width=\"324\" height=\"353\" src=\"\/wp-content\/uploads\/2024\/05\/cloud-checkmark-trading.png\" class=\"attachment-full size-full wp-image-27695\" alt=\"\" srcset=\"\/wp-content\/uploads\/2024\/05\/cloud-checkmark-trading.png 324w, \/wp-content\/uploads\/2024\/05\/cloud-checkmark-trading-275x300.png 275w, \/wp-content\/uploads\/2024\/05\/cloud-checkmark-trading-11x12.png 11w\" sizes=\"(max-width: 324px) 100vw, 324px\" style=\"width:100%;height:108.95%;max-width:324px\" \/>\t\t\t\t\t\t\t\t\t\t\t\t\t\t\t<\/div>\n\t\t\t\t<\/div>\n\t\t\t\t<\/div>\n\t\t\t\t\t<\/div>\n\t\t\t\t<\/div>\n\t\t\t\t\t<\/div>\n\t\t\t\t<\/div>\n\t\t\t\t<\/div>\n\t\t<div class=\"elementor-element elementor-element-064e92f e-flex e-con-boxed wpr-particle-no wpr-jarallax-no wpr-parallax-no wpr-sticky-section-no e-con e-parent\" data-id=\"064e92f\" data-element_type=\"container\">\n\t\t\t\t\t<div class=\"e-con-inner\">\n\t\t\t\t<div class=\"elementor-element elementor-element-353c2d6 elementor-widget__width-initial elementor-widget elementor-widget-heading\" data-id=\"353c2d6\" data-element_type=\"widget\" data-widget_type=\"heading.default\">\n\t\t\t\t<div class=\"elementor-widget-container\">\n\t\t\t\t\t<h2 class=\"elementor-heading-title elementor-size-default\">El miedo a lo desconocido<\/h2>\t\t\t\t<\/div>\n\t\t\t\t<\/div>\n\t\t\t\t<div class=\"elementor-element elementor-element-258d74a elementor-widget__width-initial elementor-widget elementor-widget-text-editor\" data-id=\"258d74a\" data-element_type=\"widget\" data-widget_type=\"text-editor.default\">\n\t\t\t\t<div class=\"elementor-widget-container\">\n\t\t\t\t\t\t\t\t\t<p>Evitar lo desconocido es un fen\u00f3meno interesante, ya que habla del temor a las situaciones que no conocemos y solemos eludir por este motivo.<\/p>\t\t\t\t\t\t\t\t<\/div>\n\t\t\t\t<\/div>\n\t\t<div class=\"elementor-element elementor-element-ca4fb5f e-con-full e-flex wpr-particle-no wpr-jarallax-no wpr-parallax-no wpr-sticky-section-no e-con e-child\" data-id=\"ca4fb5f\" data-element_type=\"container\">\n\t\t<div class=\"elementor-element elementor-element-041437f e-con-full e-flex wpr-particle-no wpr-jarallax-no wpr-parallax-no wpr-sticky-section-no e-con e-child\" data-id=\"041437f\" data-element_type=\"container\">\n\t\t\t\t<div class=\"elementor-element elementor-element-9f99321 elementor-widget elementor-widget-text-editor\" data-id=\"9f99321\" data-element_type=\"widget\" data-widget_type=\"text-editor.default\">\n\t\t\t\t<div class=\"elementor-widget-container\">\n\t\t\t\t\t\t\t\t\t<p>Dicho de otra manera, cuando evitamos lo desconocido, la incertidumbre sobre si va a producirse un resultado o evento concreto nos impide pasar a la acci\u00f3n. En el contexto del trading, esto puede atribuirse al temor a perder dinero.<\/p><p>Temer lo que no se conoce no es extra\u00f1o entre los traders, sobre todo entre los principiantes que no tienen la experiencia o la habilidad necesarias para manejar las complejidades del mercado. Sin embargo, hay unas cuantas maneras de gestionar mejor este temor para conseguir mejores resultados.<\/p><p>Por ejemplo, un trader puede tener miedo a lo desconocido si le falta informaci\u00f3n sobre los mercados, lo que puede provocar sensaci\u00f3n de incertidumbre a causa de la impredecibilidad de dichos mercados. Para superar estos miedos, es fundamental no dejar nunca de aprender y estudiar los mercados, ni de monitorizar noticias o tendencias relevantes.<\/p>\t\t\t\t\t\t\t\t<\/div>\n\t\t\t\t<\/div>\n\t\t\t\t<\/div>\n\t\t<div class=\"elementor-element elementor-element-260b492 e-con-full e-flex wpr-particle-no wpr-jarallax-no wpr-parallax-no wpr-sticky-section-no e-con e-child\" data-id=\"260b492\" data-element_type=\"container\">\n\t\t\t\t<div class=\"elementor-element elementor-element-b638eaf elementor-widget elementor-widget-image\" data-id=\"b638eaf\" data-element_type=\"widget\" data-widget_type=\"image.default\">\n\t\t\t\t<div class=\"elementor-widget-container\">\n\t\t\t\t\t\t\t\t\t\t\t\t\t\t\t<img decoding=\"async\" width=\"310\" height=\"352\" src=\"\/wp-content\/uploads\/2024\/05\/shield-question-risk.png\" class=\"attachment-full size-full wp-image-27702\" alt=\"\" srcset=\"\/wp-content\/uploads\/2024\/05\/shield-question-risk.png 310w, \/wp-content\/uploads\/2024\/05\/shield-question-risk-264x300.png 264w, \/wp-content\/uploads\/2024\/05\/shield-question-risk-11x12.png 11w\" sizes=\"(max-width: 310px) 100vw, 310px\" style=\"width:100%;height:113.55%;max-width:310px\" \/>\t\t\t\t\t\t\t\t\t\t\t\t\t\t\t<\/div>\n\t\t\t\t<\/div>\n\t\t\t\t<\/div>\n\t\t\t\t<\/div>\n\t\t<div class=\"elementor-element elementor-element-2871232 e-con-full e-flex wpr-particle-no wpr-jarallax-no wpr-parallax-no wpr-sticky-section-no e-con e-child\" data-id=\"2871232\" data-element_type=\"container\">\n\t\t<div class=\"elementor-element elementor-element-2712432 e-con-full e-flex wpr-particle-no wpr-jarallax-no wpr-parallax-no wpr-sticky-section-no e-con e-child\" data-id=\"2712432\" data-element_type=\"container\">\n\t\t\t\t<div class=\"elementor-element elementor-element-1238f32 elementor-widget elementor-widget-image\" data-id=\"1238f32\" data-element_type=\"widget\" data-widget_type=\"image.default\">\n\t\t\t\t<div class=\"elementor-widget-container\">\n\t\t\t\t\t\t\t\t\t\t\t\t\t\t\t<img decoding=\"async\" width=\"408\" height=\"356\" src=\"\/wp-content\/uploads\/2024\/05\/profit-management-chart.png\" class=\"attachment-full size-full wp-image-27703\" alt=\"\" srcset=\"\/wp-content\/uploads\/2024\/05\/profit-management-chart.png 408w, \/wp-content\/uploads\/2024\/05\/profit-management-chart-300x262.png 300w, \/wp-content\/uploads\/2024\/05\/profit-management-chart-14x12.png 14w\" sizes=\"(max-width: 408px) 100vw, 408px\" style=\"width:100%;height:87.25%;max-width:408px\" \/>\t\t\t\t\t\t\t\t\t\t\t\t\t\t\t<\/div>\n\t\t\t\t<\/div>\n\t\t\t\t<\/div>\n\t\t<div class=\"elementor-element elementor-element-a69e614 e-con-full e-flex wpr-particle-no wpr-jarallax-no wpr-parallax-no wpr-sticky-section-no e-con e-child\" data-id=\"a69e614\" data-element_type=\"container\">\n\t\t\t\t<div class=\"elementor-element elementor-element-244fcc5 elementor-widget elementor-widget-text-editor\" data-id=\"244fcc5\" data-element_type=\"widget\" data-widget_type=\"text-editor.default\">\n\t\t\t\t<div class=\"elementor-widget-container\">\n\t\t\t\t\t\t\t\t\t<p>Adem\u00e1s, puede que los traders sientan temor a implementar diferentes estrategias de trading o a consultar diferentes fuentes porque est\u00e1n influidos por las t\u00e9cnicas que han empleado o que les han recomendado hasta el momento.<\/p><p>Saber enfrentarse a este sesgo exige tener la mente abierta, ser consciente de nuestra conducta y estar dispuestos a adaptarnos seg\u00fan los resultados que vayamos obteniendo.<\/p><p>Curiosamente, tambi\u00e9n hay traders que permiten que el miedo a perder sustituya a sus razones por obtener beneficios, y, como resultado, muchas veces se privan de tomar decisiones financieras, con lo que pierden oportunidades para hacer una operaci\u00f3n o posibles beneficios.<\/p><p>Para mitigar este miedo, nos puede ayudar entender que es normal perder dinero cuando hacemos trading y adoptar medidas de gesti\u00f3n del riesgo eficaces.<\/p>\t\t\t\t\t\t\t\t<\/div>\n\t\t\t\t<\/div>\n\t\t\t\t<\/div>\n\t\t\t\t<\/div>\n\t\t\t\t\t<\/div>\n\t\t\t\t<\/div>\n\t\t<div class=\"elementor-element elementor-element-7f7eb98 e-flex e-con-boxed wpr-particle-no wpr-jarallax-no wpr-parallax-no wpr-sticky-section-no e-con e-parent\" data-id=\"7f7eb98\" data-element_type=\"container\">\n\t\t\t\t\t<div class=\"e-con-inner\">\n\t\t<div class=\"elementor-element elementor-element-f5bb772 e-flex e-con-boxed wpr-particle-no wpr-jarallax-no wpr-parallax-no wpr-sticky-section-no e-con e-child\" data-id=\"f5bb772\" data-element_type=\"container\" data-settings=\"{&quot;background_background&quot;:&quot;classic&quot;}\">\n\t\t\t\t\t<div class=\"e-con-inner\">\n\t\t<div class=\"elementor-element elementor-element-d5ff39b e-con-full e-flex wpr-particle-no wpr-jarallax-no wpr-parallax-no wpr-sticky-section-no e-con e-child\" data-id=\"d5ff39b\" data-element_type=\"container\">\n\t\t\t\t<div class=\"elementor-element elementor-element-8835561 elementor-widget elementor-widget-heading\" data-id=\"8835561\" data-element_type=\"widget\" data-widget_type=\"heading.default\">\n\t\t\t\t<div class=\"elementor-widget-container\">\n\t\t\t\t\t<h2 class=\"elementor-heading-title elementor-size-default\">Superar el miedo en el trading<\/h2>\t\t\t\t<\/div>\n\t\t\t\t<\/div>\n\t\t\t\t<div class=\"elementor-element elementor-element-63075c7 elementor-widget__width-initial elementor-widget elementor-widget-text-editor\" data-id=\"63075c7\" data-element_type=\"widget\" data-widget_type=\"text-editor.default\">\n\t\t\t\t<div class=\"elementor-widget-container\">\n\t\t\t\t\t\t\t\t\t<p>Superar el miedo y triunfar en el trading exige desarrollar resistencia emocional para poder gestionar respuestas como el miedo, el p\u00e1nico o la ansiedad.<\/p><p>Algunas de las herramientas que tenemos para gestionar estas emociones y crear confianza es dise\u00f1ar un plan de trading y ce\u00f1irse a \u00e9l, y llevar un diario donde consignar todas las operaciones.<\/p><p>Adem\u00e1s, muchas veces los traders pueden paliar sus inquietudes buscando la ayuda de profesionales expertos, sobre todo en periodos de volatilidad elevada.<\/p>\t\t\t\t\t\t\t\t<\/div>\n\t\t\t\t<\/div>\n\t\t\t\t<\/div>\n\t\t<div class=\"elementor-element elementor-element-ab65209 e-con-full e-flex wpr-particle-no wpr-jarallax-no wpr-parallax-no wpr-sticky-section-no e-con e-child\" data-id=\"ab65209\" data-element_type=\"container\">\n\t\t\t\t<div class=\"elementor-element elementor-element-3be39a2 elementor-widget elementor-widget-image\" data-id=\"3be39a2\" data-element_type=\"widget\" data-widget_type=\"image.default\">\n\t\t\t\t<div class=\"elementor-widget-container\">\n\t\t\t\t\t\t\t\t\t\t\t\t\t\t\t<img loading=\"lazy\" decoding=\"async\" width=\"288\" height=\"352\" src=\"\/wp-content\/uploads\/2024\/05\/notepad-journal-professional.png\" class=\"attachment-full size-full wp-image-27710\" alt=\"\" srcset=\"\/wp-content\/uploads\/2024\/05\/notepad-journal-professional.png 288w, \/wp-content\/uploads\/2024\/05\/notepad-journal-professional-245x300.png 245w, \/wp-content\/uploads\/2024\/05\/notepad-journal-professional-10x12.png 10w\" sizes=\"(max-width: 288px) 100vw, 288px\" style=\"width:100%;height:122.22%;max-width:288px\" \/>\t\t\t\t\t\t\t\t\t\t\t\t\t\t\t<\/div>\n\t\t\t\t<\/div>\n\t\t\t\t<\/div>\n\t\t\t\t\t<\/div>\n\t\t\t\t<\/div>\n\t\t\t\t\t<\/div>\n\t\t\t\t<\/div>\n\t\t\t\t<\/div>","protected":false},"excerpt":{"rendered":"<p>Avoiding the vague In the course of learning more about trading psychology, you\u2019ll have probably read or heard&#8230;<\/p>","protected":false},"author":19,"featured_media":0,"parent":27660,"menu_order":0,"comment_status":"closed","ping_status":"closed","template":"elementor_header_footer","meta":{"_acf_changed":false,"inline_featured_image":false,"footnotes":""},"class_list":["post-27692","page","type-page","status-publish","hentry","entry"],"acf":[],"yoast_head":"<!-- This site is optimized with the Yoast SEO Premium plugin v26.2 (Yoast SEO v26.5) - https:\/\/yoast.com\/wordpress\/plugins\/seo\/ -->\n<title>Avoiding the vague<\/title>\n<meta name=\"description\" content=\"Avoiding the vague in the context of trading refers to the fear of the unknown, and its impact on missed trading opportunities.\" \/>\n<meta name=\"robots\" content=\"index, follow, max-snippet:-1, max-image-preview:large, max-video-preview:-1\" \/>\n<link rel=\"canonical\" href=\"https:\/\/www.t4trade.com\/es\/wp-json\/wp\/v2\/pages\/27692\/\" \/>\n<meta property=\"og:locale\" content=\"es_ES\" \/>\n<meta property=\"og:type\" content=\"article\" \/>\n<meta property=\"og:title\" content=\"Avoiding the vague\" \/>\n<meta property=\"og:description\" content=\"Avoiding the vague in the context of trading refers to the fear of the unknown, and its impact on missed trading opportunities.\" \/>\n<meta property=\"og:url\" content=\"https:\/\/www.t4trade-cn.com\/es\/trading-psychology\/trading-instincts\/avoiding-the-vague\/\" \/>\n<meta property=\"og:site_name\" content=\"T4Trade\" \/>\n<meta property=\"article:modified_time\" content=\"2024-07-22T13:25:23+00:00\" \/>\n<meta name=\"twitter:card\" content=\"summary_large_image\" \/>\n<meta name=\"twitter:label1\" content=\"Tiempo de lectura\" \/>\n\t<meta name=\"twitter:data1\" content=\"3 minutos\" \/>\n<script type=\"application\/ld+json\" class=\"yoast-schema-graph\">{\"@context\":\"https:\/\/schema.org\",\"@graph\":[{\"@type\":\"WebPage\",\"@id\":\"https:\/\/www.t4trade-cn.com\/es\/trading-psychology\/trading-instincts\/avoiding-the-vague\/\",\"url\":\"https:\/\/www.t4trade-cn.com\/es\/trading-psychology\/trading-instincts\/avoiding-the-vague\/\",\"name\":\"Avoiding the vague\",\"isPartOf\":{\"@id\":\"https:\/\/www.t4trade-cn.com\/es\/#website\"},\"datePublished\":\"2024-05-03T08:03:49+00:00\",\"dateModified\":\"2024-07-22T13:25:23+00:00\",\"description\":\"Avoiding the vague in the context of trading refers to the fear of the unknown, and its impact on missed trading opportunities.\",\"breadcrumb\":{\"@id\":\"https:\/\/www.t4trade-cn.com\/es\/trading-psychology\/trading-instincts\/avoiding-the-vague\/#breadcrumb\"},\"inLanguage\":\"es\",\"potentialAction\":[{\"@type\":\"ReadAction\",\"target\":[\"https:\/\/www.t4trade-cn.com\/es\/trading-psychology\/trading-instincts\/avoiding-the-vague\/\"]}]},{\"@type\":\"BreadcrumbList\",\"@id\":\"https:\/\/www.t4trade-cn.com\/es\/trading-psychology\/trading-instincts\/avoiding-the-vague\/#breadcrumb\",\"itemListElement\":[{\"@type\":\"ListItem\",\"position\":1,\"name\":\"Home\",\"item\":\"https:\/\/www.t4trade-cn.com\/es\/\"},{\"@type\":\"ListItem\",\"position\":2,\"name\":\"Trading Psychology\",\"item\":\"https:\/\/www.t4trade-cn.com\/es\/trading-psychology\/\"},{\"@type\":\"ListItem\",\"position\":3,\"name\":\"Trading Instincts\",\"item\":\"https:\/\/www.t4trade-cn.com\/es\/trading-psychology\/trading-instincts\/\"},{\"@type\":\"ListItem\",\"position\":4,\"name\":\"Avoiding the vague\"}]},{\"@type\":\"WebSite\",\"@id\":\"https:\/\/www.t4trade-cn.com\/es\/#website\",\"url\":\"https:\/\/www.t4trade-cn.com\/es\/\",\"name\":\"T4Trade\",\"description\":\"\",\"publisher\":{\"@id\":\"https:\/\/www.t4trade-cn.com\/es\/#organization\"},\"potentialAction\":[{\"@type\":\"SearchAction\",\"target\":{\"@type\":\"EntryPoint\",\"urlTemplate\":\"https:\/\/www.t4trade-cn.com\/es\/?s={search_term_string}\"},\"query-input\":{\"@type\":\"PropertyValueSpecification\",\"valueRequired\":true,\"valueName\":\"search_term_string\"}}],\"inLanguage\":\"es\"},{\"@type\":\"Organization\",\"@id\":\"https:\/\/www.t4trade-cn.com\/es\/#organization\",\"name\":\"T4Trade\",\"url\":\"https:\/\/www.t4trade-cn.com\/es\/\",\"logo\":{\"@type\":\"ImageObject\",\"inLanguage\":\"es\",\"@id\":\"https:\/\/www.t4trade-cn.com\/es\/#\/schema\/logo\/image\/\",\"url\":\"\/wp-content\/uploads\/2021\/10\/Group.svg\",\"contentUrl\":\"\/wp-content\/uploads\/2021\/10\/Group.svg\",\"width\":145,\"height\":33,\"caption\":\"T4Trade\"},\"image\":{\"@id\":\"https:\/\/www.t4trade-cn.com\/es\/#\/schema\/logo\/image\/\"}}]}<\/script>\n<!-- \/ Yoast SEO Premium plugin. -->","yoast_head_json":{"title":"Evitar lo desconocido","description":"En el contexto del trading, evitar lo desconocido se refiere al miedo a lo desconocido y al impacto de esta sensaci\u00f3n en las oportunidades de trading que se van perdiendo por el camino.","robots":{"index":"index","follow":"follow","max-snippet":"max-snippet:-1","max-image-preview":"max-image-preview:large","max-video-preview":"max-video-preview:-1"},"canonical":"https:\/\/www.t4trade.com\/es\/wp-json\/wp\/v2\/pages\/27692\/","og_locale":"es_ES","og_type":"article","og_title":"Avoiding the vague","og_description":"Avoiding the vague in the context of trading refers to the fear of the unknown, and its impact on missed trading opportunities.","og_url":"https:\/\/www.t4trade-cn.com\/es\/trading-psychology\/trading-instincts\/avoiding-the-vague\/","og_site_name":"T4Trade","article_modified_time":"2024-07-22T13:25:23+00:00","twitter_card":"summary_large_image","twitter_misc":{"Tiempo de lectura":"3 minutos"},"schema":{"@context":"https:\/\/schema.org","@graph":[{"@type":"WebPage","@id":"https:\/\/www.t4trade-cn.com\/es\/trading-psychology\/trading-instincts\/avoiding-the-vague\/","url":"https:\/\/www.t4trade-cn.com\/es\/trading-psychology\/trading-instincts\/avoiding-the-vague\/","name":"Evitar lo desconocido","isPartOf":{"@id":"https:\/\/www.t4trade-cn.com\/es\/#website"},"datePublished":"2024-05-03T08:03:49+00:00","dateModified":"2024-07-22T13:25:23+00:00","description":"En el contexto del trading, evitar lo desconocido se refiere al miedo a lo desconocido y al impacto de esta sensaci\u00f3n en las oportunidades de trading que se van perdiendo por el camino.","breadcrumb":{"@id":"https:\/\/www.t4trade-cn.com\/es\/trading-psychology\/trading-instincts\/avoiding-the-vague\/#breadcrumb"},"inLanguage":"es","potentialAction":[{"@type":"ReadAction","target":["https:\/\/www.t4trade-cn.com\/es\/trading-psychology\/trading-instincts\/avoiding-the-vague\/"]}]},{"@type":"BreadcrumbList","@id":"https:\/\/www.t4trade-cn.com\/es\/trading-psychology\/trading-instincts\/avoiding-the-vague\/#breadcrumb","itemListElement":[{"@type":"ListItem","position":1,"name":"Home","item":"https:\/\/www.t4trade-cn.com\/es\/"},{"@type":"ListItem","position":2,"name":"Trading Psychology","item":"https:\/\/www.t4trade-cn.com\/es\/trading-psychology\/"},{"@type":"ListItem","position":3,"name":"Trading Instincts","item":"https:\/\/www.t4trade-cn.com\/es\/trading-psychology\/trading-instincts\/"},{"@type":"ListItem","position":4,"name":"Avoiding the vague"}]},{"@type":"WebSite","@id":"https:\/\/www.t4trade-cn.com\/es\/#website","url":"https:\/\/www.t4trade-cn.com\/es\/","name":"T4Trade","description":"","publisher":{"@id":"https:\/\/www.t4trade-cn.com\/es\/#organization"},"potentialAction":[{"@type":"SearchAction","target":{"@type":"EntryPoint","urlTemplate":"https:\/\/www.t4trade-cn.com\/es\/?s={search_term_string}"},"query-input":{"@type":"PropertyValueSpecification","valueRequired":true,"valueName":"search_term_string"}}],"inLanguage":"es"},{"@type":"Organization","@id":"https:\/\/www.t4trade-cn.com\/es\/#organization","name":"T4Trade","url":"https:\/\/www.t4trade-cn.com\/es\/","logo":{"@type":"ImageObject","inLanguage":"es","@id":"https:\/\/www.t4trade-cn.com\/es\/#\/schema\/logo\/image\/","url":"\/wp-content\/uploads\/2021\/10\/Group.svg","contentUrl":"\/wp-content\/uploads\/2021\/10\/Group.svg","width":145,"height":33,"caption":"T4Trade"},"image":{"@id":"https:\/\/www.t4trade-cn.com\/es\/#\/schema\/logo\/image\/"}}]}},"_links":{"self":[{"href":"https:\/\/www.t4trade-cn.com\/es\/wp-json\/wp\/v2\/pages\/27692","targetHints":{"allow":["GET"]}}],"collection":[{"href":"https:\/\/www.t4trade-cn.com\/es\/wp-json\/wp\/v2\/pages"}],"about":[{"href":"https:\/\/www.t4trade-cn.com\/es\/wp-json\/wp\/v2\/types\/page"}],"author":[{"embeddable":true,"href":"https:\/\/www.t4trade-cn.com\/es\/wp-json\/wp\/v2\/users\/19"}],"replies":[{"embeddable":true,"href":"https:\/\/www.t4trade-cn.com\/es\/wp-json\/wp\/v2\/comments?post=27692"}],"version-history":[{"count":10,"href":"https:\/\/www.t4trade-cn.com\/es\/wp-json\/wp\/v2\/pages\/27692\/revisions"}],"predecessor-version":[{"id":29151,"href":"https:\/\/www.t4trade-cn.com\/es\/wp-json\/wp\/v2\/pages\/27692\/revisions\/29151"}],"up":[{"embeddable":true,"href":"https:\/\/www.t4trade-cn.com\/es\/wp-json\/wp\/v2\/pages\/27660"}],"wp:attachment":[{"href":"https:\/\/www.t4trade-cn.com\/es\/wp-json\/wp\/v2\/media?parent=27692"}],"curies":[{"name":"wp","href":"https:\/\/api.w.org\/{rel}","templated":true}]}}