{"id":25580,"date":"2024-03-25T14:48:05","date_gmt":"2024-03-25T12:48:05","guid":{"rendered":"https:\/\/t4t-com-php8.wp-dev.int.theitops.net\/?page_id=25580"},"modified":"2024-07-22T16:25:45","modified_gmt":"2024-07-22T13:25:45","slug":"emotional-trading","status":"publish","type":"page","link":"https:\/\/www.t4trade-cn.com\/fr\/trading-psychology\/emotional-trading\/","title":{"rendered":"Trading \u00e9motionnel"},"content":{"rendered":"<div data-elementor-type=\"wp-page\" data-elementor-id=\"25580\" class=\"elementor elementor-25580\" data-elementor-post-type=\"page\">\n\t\t\t\t<div class=\"elementor-element elementor-element-d93ef87 e-con-full e-flex wpr-particle-no wpr-jarallax-no wpr-parallax-no wpr-sticky-section-no e-con e-parent\" data-id=\"d93ef87\" data-element_type=\"container\">\n\t\t<div class=\"elementor-element elementor-element-5cafbc9 e-flex e-con-boxed wpr-particle-no wpr-jarallax-no wpr-parallax-no wpr-sticky-section-no e-con e-child\" data-id=\"5cafbc9\" data-element_type=\"container\">\n\t\t\t\t\t<div class=\"e-con-inner\">\n\t\t\t\t<div class=\"elementor-element elementor-element-3b7d73c elementor-widget elementor-widget-breadcrumbs\" data-id=\"3b7d73c\" data-element_type=\"widget\" data-widget_type=\"breadcrumbs.default\">\n\t\t\t\t<div class=\"elementor-widget-container\">\n\t\t\t\t\t<p id=\"breadcrumbs\"><span><span><a href=\"https:\/\/www.t4trade-cn.com\/fr\/\">Home<\/a><\/span><\/span><\/p>\t\t\t\t<\/div>\n\t\t\t\t<\/div>\n\t\t\t\t<div class=\"elementor-element elementor-element-d9370ac elementor-widget elementor-widget-html\" data-id=\"d9370ac\" data-element_type=\"widget\" data-widget_type=\"html.default\">\n\t\t\t\t<div class=\"elementor-widget-container\">\n\t\t\t\t\t<script>\r\nwindow.addEventListener('DOMContentLoaded', function() {\r\n  var homeLink = document.querySelector('#breadcrumbs a:first-child');\r\n  if (homeLink) {\r\n    homeLink.textContent = 'Tools & Education';\r\n  }\r\n});\r\n<\/script>\t\t\t\t<\/div>\n\t\t\t\t<\/div>\n\t\t\t\t\t<\/div>\n\t\t\t\t<\/div>\n\t\t<div class=\"elementor-element elementor-element-944449b e-flex e-con-boxed wpr-particle-no wpr-jarallax-no wpr-parallax-no wpr-sticky-section-no e-con e-child\" data-id=\"944449b\" data-element_type=\"container\">\n\t\t\t\t\t<div class=\"e-con-inner\">\n\t\t\t\t<div class=\"elementor-element elementor-element-5c39188 elementor-widget elementor-widget-heading\" data-id=\"5c39188\" data-element_type=\"widget\" data-widget_type=\"heading.default\">\n\t\t\t\t<div class=\"elementor-widget-container\">\n\t\t\t\t\t<h1 class=\"elementor-heading-title elementor-size-default\">Trading \u00e9motionnel<\/h1>\t\t\t\t<\/div>\n\t\t\t\t<\/div>\n\t\t\t\t<div class=\"elementor-element elementor-element-7c56b36 elementor-widget__width-initial elementor-widget elementor-widget-text-editor\" data-id=\"7c56b36\" data-element_type=\"widget\" data-widget_type=\"text-editor.default\">\n\t\t\t\t<div class=\"elementor-widget-container\">\n\t\t\t\t\t\t\t\t\t<p class=\"translation-block\">Le trading \u00e9motionnel fait partie int\u00e9grante de la psychologie du trading. \u00c9galement connu sous le nom d'investissement \u00e9motionnel, il s'agit de l'\u00e9vocation de diff\u00e9rents comportements en raison des fluctuations des march\u00e9s, ce qui conduit \u00e0 l'achat ou \u00e0 la vente d'actifs sous le coup de l'\u00e9motion.<\/p>\t\t\t\t\t\t\t\t<\/div>\n\t\t\t\t<\/div>\n\t\t\t\t\t<\/div>\n\t\t\t\t<\/div>\n\t\t<div class=\"elementor-element elementor-element-c87b89d e-flex e-con-boxed wpr-particle-no wpr-jarallax-no wpr-parallax-no wpr-sticky-section-no e-con e-child\" data-id=\"c87b89d\" data-element_type=\"container\">\n\t\t\t\t\t<div class=\"e-con-inner\">\n\t\t<div class=\"elementor-element elementor-element-c8f342f e-flex e-con-boxed wpr-particle-no wpr-jarallax-no wpr-parallax-no wpr-sticky-section-no e-con e-child\" data-id=\"c8f342f\" data-element_type=\"container\" data-settings=\"{&quot;background_background&quot;:&quot;classic&quot;}\">\n\t\t\t\t\t<div class=\"e-con-inner\">\n\t\t<div class=\"elementor-element elementor-element-4ff2238 e-con-full e-flex wpr-particle-no wpr-jarallax-no wpr-parallax-no wpr-sticky-section-no e-con e-child\" data-id=\"4ff2238\" data-element_type=\"container\">\n\t\t\t\t<div class=\"elementor-element elementor-element-af199b0 elementor-widget elementor-widget-text-editor\" data-id=\"af199b0\" data-element_type=\"widget\" data-widget_type=\"text-editor.default\">\n\t\t\t\t<div class=\"elementor-widget-container\">\n\t\t\t\t\t\t\t\t\t<p>Les facteurs qui agissent comme des d\u00e9clencheurs sont vari\u00e9s mais comprennent g\u00e9n\u00e9ralement des sentiments de panique, d'excitation, de peur, d'avidit\u00e9, d'arrogance, etc.evenir lorsqu'il s'agit de g\u00e9rer des capitaux.<\/p><p class=\"translation-block\">Il est important de comprendre l'impact de ces \u00e9motions dans le contexte du trading \u00e9motionnel, car elles nous aident \u00e0 comprendre les puissants facteurs de motivation qu'elles peuvent devenir lorsqu'il s'agit de g\u00e9rer des capitaux.<\/p>\t\t\t\t\t\t\t\t<\/div>\n\t\t\t\t<\/div>\n\t\t\t\t<\/div>\n\t\t<div class=\"elementor-element elementor-element-116ef2e e-con-full e-flex wpr-particle-no wpr-jarallax-no wpr-parallax-no wpr-sticky-section-no e-con e-child\" data-id=\"116ef2e\" data-element_type=\"container\">\n\t\t\t\t<div class=\"elementor-element elementor-element-a44d28c elementor-widget elementor-widget-image\" data-id=\"a44d28c\" data-element_type=\"widget\" data-widget_type=\"image.default\">\n\t\t\t\t<div class=\"elementor-widget-container\">\n\t\t\t\t\t\t\t\t\t\t\t\t\t\t\t<img fetchpriority=\"high\" decoding=\"async\" width=\"472\" height=\"276\" src=\"\/wp-content\/uploads\/2024\/03\/emotional-trading-feelings.png\" class=\"attachment-full size-full wp-image-25583\" alt=\"\" srcset=\"\/wp-content\/uploads\/2024\/03\/emotional-trading-feelings.png 472w, \/wp-content\/uploads\/2024\/03\/emotional-trading-feelings-300x175.png 300w, \/wp-content\/uploads\/2024\/03\/emotional-trading-feelings-18x12.png 18w\" sizes=\"(max-width: 472px) 100vw, 472px\" style=\"width:100%;height:58.47%;max-width:472px\" \/>\t\t\t\t\t\t\t\t\t\t\t\t\t\t\t<\/div>\n\t\t\t\t<\/div>\n\t\t\t\t<\/div>\n\t\t\t\t\t<\/div>\n\t\t\t\t<\/div>\n\t\t\t\t\t<\/div>\n\t\t\t\t<\/div>\n\t\t\t\t<\/div>\n\t\t<div class=\"elementor-element elementor-element-8063f82 e-flex e-con-boxed wpr-particle-no wpr-jarallax-no wpr-parallax-no wpr-sticky-section-no e-con e-parent\" data-id=\"8063f82\" data-element_type=\"container\">\n\t\t\t\t\t<div class=\"e-con-inner\">\n\t\t\t\t<div class=\"elementor-element elementor-element-ef45988 elementor-widget__width-initial elementor-widget elementor-widget-heading\" data-id=\"ef45988\" data-element_type=\"widget\" data-widget_type=\"heading.default\">\n\t\t\t\t<div class=\"elementor-widget-container\">\n\t\t\t\t\t<h2 class=\"elementor-heading-title elementor-size-default\">Le trading \u00e9motionnel et le comportement des investisseurs<\/h2>\t\t\t\t<\/div>\n\t\t\t\t<\/div>\n\t\t<div class=\"elementor-element elementor-element-febd36d e-con-full e-flex wpr-particle-no wpr-jarallax-no wpr-parallax-no wpr-sticky-section-no e-con e-child\" data-id=\"febd36d\" data-element_type=\"container\">\n\t\t<div class=\"elementor-element elementor-element-3988f66 e-flex e-con-boxed wpr-particle-no wpr-jarallax-no wpr-parallax-no wpr-sticky-section-no e-con e-child\" data-id=\"3988f66\" data-element_type=\"container\">\n\t\t\t\t\t<div class=\"e-con-inner\">\n\t\t\t\t<div class=\"elementor-element elementor-element-4d52f70 elementor-widget elementor-widget-image\" data-id=\"4d52f70\" data-element_type=\"widget\" data-widget_type=\"image.default\">\n\t\t\t\t<div class=\"elementor-widget-container\">\n\t\t\t\t\t\t\t\t\t\t\t\t\t\t\t<img decoding=\"async\" width=\"410\" height=\"179\" src=\"\/wp-content\/uploads\/2024\/03\/investor-behaviour-decisions.png\" class=\"attachment-full size-full wp-image-25750\" alt=\"\" srcset=\"\/wp-content\/uploads\/2024\/03\/investor-behaviour-decisions.png 410w, \/wp-content\/uploads\/2024\/03\/investor-behaviour-decisions-300x131.png 300w, \/wp-content\/uploads\/2024\/03\/investor-behaviour-decisions-18x8.png 18w\" sizes=\"(max-width: 410px) 100vw, 410px\" style=\"width:100%;height:43.66%;max-width:410px\" \/>\t\t\t\t\t\t\t\t\t\t\t\t\t\t\t<\/div>\n\t\t\t\t<\/div>\n\t\t\t\t\t<\/div>\n\t\t\t\t<\/div>\n\t\t<div class=\"elementor-element elementor-element-971cde7 e-flex e-con-boxed wpr-particle-no wpr-jarallax-no wpr-parallax-no wpr-sticky-section-no e-con e-child\" data-id=\"971cde7\" data-element_type=\"container\">\n\t\t\t\t\t<div class=\"e-con-inner\">\n\t\t\t\t<div class=\"elementor-element elementor-element-369c314 elementor-widget elementor-widget-text-editor\" data-id=\"369c314\" data-element_type=\"widget\" data-widget_type=\"text-editor.default\">\n\t\t\t\t<div class=\"elementor-widget-container\">\n\t\t\t\t\t\t\t\t\t<p>Le comportement des investisseurs a fait l'objet de nombreuses recherches sur le trading \u00e9motionnel. Il s'agit d'une tentative d'expliquer les \u00e9motions que les acheteurs ou les vendeurs ressentent lorsqu'il s'agit d'argent et la mani\u00e8re dont elles d\u00e9terminent les d\u00e9cisions financi\u00e8res.<\/p><p class=\"translation-block\">Et en comprenant les impulsions comportementales lorsque l'on navigue sur des march\u00e9s impr\u00e9visibles, on est mieux \u00e0 m\u00eame d'att\u00e9nuer les mauvaises d\u00e9cisions. Apr\u00e8s tout, ce sont \u00e0 la fois les sentiments d'euphorie et de d\u00e9pression qui ont le potentiel de conduire \u00e0 des r\u00e9sultats de trading n\u00e9gatifs, m\u00eame s'ils se situent \u00e0 des extr\u00e9mit\u00e9s oppos\u00e9es du spectre.<\/p>\t\t\t\t\t\t\t\t<\/div>\n\t\t\t\t<\/div>\n\t\t\t\t\t<\/div>\n\t\t\t\t<\/div>\n\t\t\t\t<\/div>\n\t\t<div class=\"elementor-element elementor-element-fe72a71 e-con-full e-flex wpr-particle-no wpr-jarallax-no wpr-parallax-no wpr-sticky-section-no e-con e-child\" data-id=\"fe72a71\" data-element_type=\"container\">\n\t\t<div class=\"elementor-element elementor-element-d8fbdae e-flex e-con-boxed wpr-particle-no wpr-jarallax-no wpr-parallax-no wpr-sticky-section-no e-con e-child\" data-id=\"d8fbdae\" data-element_type=\"container\">\n\t\t\t\t\t<div class=\"e-con-inner\">\n\t\t\t\t<div class=\"elementor-element elementor-element-7043b5e elementor-widget elementor-widget-text-editor\" data-id=\"7043b5e\" data-element_type=\"widget\" data-widget_type=\"text-editor.default\">\n\t\t\t\t<div class=\"elementor-widget-container\">\n\t\t\t\t\t\t\t\t\t<p>Savoir g\u00e9rer ses \u00e9motions, qu'elles soient joyeuses ou tristes, est essentiel pour maintenir une approche \u00e9quilibr\u00e9e et strat\u00e9gique du trading.  Il faut \u00e9galement surmonter les pr\u00e9jug\u00e9s cognitifs pour r\u00e9duire les pertes lorsque cela est n\u00e9cessaire et \u00e9viter que les attachements \u00e9motionnels n'obscurcissent le jugement.\u00a0<\/p><p>Parmi les exemples de pr\u00e9jug\u00e9s courants, citons le comportement gr\u00e9gaire, l'\u00e9cart \u00e9motionnel, l'auto-attribution, la comptabilit\u00e9 mentale et l'ancrage, que nous examinons plus en <a href=\"\/fr\/trading-psychology\/behavioural-finance\/\" target=\"_blank\" rel=\"noopener\">d\u00e9tail ici.<\/a><\/p>\t\t\t\t\t\t\t\t<\/div>\n\t\t\t\t<\/div>\n\t\t\t\t\t<\/div>\n\t\t\t\t<\/div>\n\t\t<div class=\"elementor-element elementor-element-f68122c e-flex e-con-boxed wpr-particle-no wpr-jarallax-no wpr-parallax-no wpr-sticky-section-no e-con e-child\" data-id=\"f68122c\" data-element_type=\"container\">\n\t\t\t\t\t<div class=\"e-con-inner\">\n\t\t\t\t<div class=\"elementor-element elementor-element-5b0f1aa elementor-widget elementor-widget-image\" data-id=\"5b0f1aa\" data-element_type=\"widget\" data-widget_type=\"image.default\">\n\t\t\t\t<div class=\"elementor-widget-container\">\n\t\t\t\t\t\t\t\t\t\t\t\t\t\t\t<img decoding=\"async\" width=\"356\" height=\"263\" src=\"\/wp-content\/uploads\/2024\/03\/cognitive-biases-challenge.png\" class=\"attachment-full size-full wp-image-25751\" alt=\"\" srcset=\"\/wp-content\/uploads\/2024\/03\/cognitive-biases-challenge.png 356w, \/wp-content\/uploads\/2024\/03\/cognitive-biases-challenge-300x222.png 300w, \/wp-content\/uploads\/2024\/03\/cognitive-biases-challenge-16x12.png 16w\" sizes=\"(max-width: 356px) 100vw, 356px\" style=\"width:100%;height:73.88%;max-width:356px\" \/>\t\t\t\t\t\t\t\t\t\t\t\t\t\t\t<\/div>\n\t\t\t\t<\/div>\n\t\t\t\t\t<\/div>\n\t\t\t\t<\/div>\n\t\t\t\t<\/div>\n\t\t\t\t\t<\/div>\n\t\t\t\t<\/div>\n\t\t<div class=\"elementor-element elementor-element-44a5c0f e-flex e-con-boxed wpr-particle-no wpr-jarallax-no wpr-parallax-no wpr-sticky-section-no e-con e-parent\" data-id=\"44a5c0f\" data-element_type=\"container\">\n\t\t\t\t\t<div class=\"e-con-inner\">\n\t\t\t\t<div class=\"elementor-element elementor-element-9cbad14 elementor-widget__width-initial elementor-widget elementor-widget-heading\" data-id=\"9cbad14\" data-element_type=\"widget\" data-widget_type=\"heading.default\">\n\t\t\t\t<div class=\"elementor-widget-container\">\n\t\t\t\t\t<h2 class=\"elementor-heading-title elementor-size-default\">Les strat\u00e9gies pour r\u00e9duire le risque de trading \u00e9motionnel<\/h2>\t\t\t\t<\/div>\n\t\t\t\t<\/div>\n\t\t<div class=\"elementor-element elementor-element-29611ea e-con-full e-flex wpr-particle-no wpr-jarallax-no wpr-parallax-no wpr-sticky-section-no e-con e-child\" data-id=\"29611ea\" data-element_type=\"container\">\n\t\t<div class=\"elementor-element elementor-element-a5d76d2 e-flex e-con-boxed wpr-particle-no wpr-jarallax-no wpr-parallax-no wpr-sticky-section-no e-con e-child\" data-id=\"a5d76d2\" data-element_type=\"container\">\n\t\t\t\t\t<div class=\"e-con-inner\">\n\t\t\t\t<div class=\"elementor-element elementor-element-93f2263 elementor-widget elementor-widget-text-editor\" data-id=\"93f2263\" data-element_type=\"widget\" data-widget_type=\"text-editor.default\">\n\t\t\t\t<div class=\"elementor-widget-container\">\n\t\t\t\t\t\t\t\t\t<p class=\"translation-block\">Le trading \u00e9motionnel est un d\u00e9fi inh\u00e9rent aux march\u00e9s financiers, quelle que soit votre expertise.  En d\u00e9veloppant une approche de trading r\u00e9siliente et disciplin\u00e9e, vous serez probablement en mesure de conserver votre objectivit\u00e9 et de ma\u00eetriser vos \u00e9motions. Il y a plusieurs mani\u00e8res de le faire:<\/p><p>\u00a0<\/p><p>\u00a0<\/p><p>D'une part, vous pouvez envisager de suivre un plan pr\u00e9\u00e9tabli qui fournit un cadre rationnel pour les activit\u00e9s de trading. Veillez \u00e0 ce que le plan d\u00e9finisse des points d'entr\u00e9e et de sortie judicieux ainsi que des objectifs de rentabilit\u00e9. Utilisez \u00e9galement des outils de gestion des risques efficaces pour prot\u00e9ger votre patrimoine et limiter les pertes.<\/p><p>\u00a0<\/p><p>\u00a0<\/p><p class=\"translation-block\">La diversification est un autre moyen de tenir le cap. Elle permet de r\u00e9partir les risques et d'\u00e9viter l'attachement \u00e9motionnel \u00e0 des investissements sp\u00e9cifiques. Obtenez une solide compr\u00e9hension des march\u00e9s et des facteurs qui d\u00e9terminent les tendances haussi\u00e8res et baissi\u00e8res. Les connaissances et les donn\u00e9es sont essentielles pour prendre des d\u00e9cisions bas\u00e9es sur des faits plut\u00f4t que sur des raisonnements subjectifs.<\/p>\t\t\t\t\t\t\t\t<\/div>\n\t\t\t\t<\/div>\n\t\t\t\t\t<\/div>\n\t\t\t\t<\/div>\n\t\t<div class=\"elementor-element elementor-element-d247afc e-flex e-con-boxed wpr-particle-no wpr-jarallax-no wpr-parallax-no wpr-sticky-section-no e-con e-child\" data-id=\"d247afc\" data-element_type=\"container\">\n\t\t\t\t\t<div class=\"e-con-inner\">\n\t\t\t\t<div class=\"elementor-element elementor-element-225eb6c elementor-widget elementor-widget-image\" data-id=\"225eb6c\" data-element_type=\"widget\" data-widget_type=\"image.default\">\n\t\t\t\t<div class=\"elementor-widget-container\">\n\t\t\t\t\t\t\t\t\t\t\t\t\t\t\t<img loading=\"lazy\" decoding=\"async\" width=\"485\" height=\"419\" src=\"\/wp-content\/uploads\/2024\/03\/strategies-risk-investments.png\" class=\"attachment-full size-full wp-image-25859\" alt=\"\" srcset=\"\/wp-content\/uploads\/2024\/03\/strategies-risk-investments.png 485w, \/wp-content\/uploads\/2024\/03\/strategies-risk-investments-300x259.png 300w, \/wp-content\/uploads\/2024\/03\/strategies-risk-investments-14x12.png 14w\" sizes=\"(max-width: 485px) 100vw, 485px\" style=\"width:100%;height:86.39%;max-width:485px\" \/>\t\t\t\t\t\t\t\t\t\t\t\t\t\t\t<\/div>\n\t\t\t\t<\/div>\n\t\t\t\t\t<\/div>\n\t\t\t\t<\/div>\n\t\t\t\t<\/div>\n\t\t\t\t\t<\/div>\n\t\t\t\t<\/div>\n\t\t<div class=\"elementor-element elementor-element-2a33049 e-flex e-con-boxed wpr-particle-no wpr-jarallax-no wpr-parallax-no wpr-sticky-section-no e-con e-parent\" data-id=\"2a33049\" data-element_type=\"container\">\n\t\t\t\t\t<div class=\"e-con-inner\">\n\t\t<div class=\"elementor-element elementor-element-e42a6aa e-con-full e-flex wpr-particle-no wpr-jarallax-no wpr-parallax-no wpr-sticky-section-no e-con e-child\" data-id=\"e42a6aa\" data-element_type=\"container\" data-settings=\"{&quot;background_background&quot;:&quot;classic&quot;}\">\n\t\t\t\t<div class=\"elementor-element elementor-element-c25bd50 elementor-widget__width-initial elementor-widget elementor-widget-heading\" data-id=\"c25bd50\" data-element_type=\"widget\" data-widget_type=\"heading.default\">\n\t\t\t\t<div class=\"elementor-widget-container\">\n\t\t\t\t\t<h2 class=\"elementor-heading-title elementor-size-default\">Il est difficile de n\u00e9gocier sans \u00e9motion. Mais ce n'est pas impossible.<\/h2>\t\t\t\t<\/div>\n\t\t\t\t<\/div>\n\t\t\t\t<div class=\"elementor-element elementor-element-8978aa7 elementor-widget__width-initial elementor-widget elementor-widget-text-editor\" data-id=\"8978aa7\" data-element_type=\"widget\" data-widget_type=\"text-editor.default\">\n\t\t\t\t<div class=\"elementor-widget-container\">\n\t\t\t\t\t\t\t\t\t<p>Prendre le temps de reconna\u00eetre vos comportements et de comprendre votre propre tol\u00e9rance au risque constitue une base essentielle pour g\u00e9rer efficacement l'impact n\u00e9gatif du trading \u00e9motionnel.<\/p>\t\t\t\t\t\t\t\t<\/div>\n\t\t\t\t<\/div>\n\t\t\t\t<\/div>\n\t\t\t\t\t<\/div>\n\t\t\t\t<\/div>\n\t\t\t\t<\/div>","protected":false},"excerpt":{"rendered":"<p>Emotional Trading Emotional trading is a fundamental part of trading psychology. Also known as emotional investing, it pertains&#8230;<\/p>","protected":false},"author":19,"featured_media":0,"parent":25484,"menu_order":0,"comment_status":"closed","ping_status":"closed","template":"elementor_header_footer","meta":{"_acf_changed":false,"inline_featured_image":false,"footnotes":""},"class_list":["post-25580","page","type-page","status-publish","hentry","entry"],"acf":[],"yoast_head":"<!-- This site is optimized with the Yoast SEO Premium plugin v26.2 (Yoast SEO v26.5) - https:\/\/yoast.com\/wordpress\/plugins\/seo\/ -->\n<title>Emotional Trading - T4Trade<\/title>\n<meta name=\"description\" content=\"We explore the fundamental premise ofemotional trading and its impact on financial decisionmaking.\" \/>\n<meta name=\"robots\" content=\"index, follow, max-snippet:-1, max-image-preview:large, max-video-preview:-1\" \/>\n<link rel=\"canonical\" href=\"https:\/\/www.t4trade.com\/fr\/wp-json\/wp\/v2\/pages\/25580\/\" \/>\n<meta property=\"og:locale\" content=\"fr_FR\" \/>\n<meta property=\"og:type\" content=\"article\" \/>\n<meta property=\"og:title\" content=\"Emotional Trading\" \/>\n<meta property=\"og:description\" content=\"We explore the fundamental premise ofemotional trading and its impact on financial decisionmaking.\" \/>\n<meta property=\"og:url\" content=\"https:\/\/www.t4trade-cn.com\/fr\/trading-psychology\/emotional-trading\/\" \/>\n<meta property=\"og:site_name\" content=\"T4Trade\" \/>\n<meta property=\"article:modified_time\" content=\"2024-07-22T13:25:45+00:00\" \/>\n<meta name=\"twitter:card\" content=\"summary_large_image\" \/>\n<meta name=\"twitter:label1\" content=\"Dur\u00e9e de lecture estim\u00e9e\" \/>\n\t<meta name=\"twitter:data1\" content=\"3 minutes\" \/>\n<script type=\"application\/ld+json\" class=\"yoast-schema-graph\">{\"@context\":\"https:\/\/schema.org\",\"@graph\":[{\"@type\":\"WebPage\",\"@id\":\"https:\/\/www.t4trade-cn.com\/fr\/trading-psychology\/emotional-trading\/\",\"url\":\"https:\/\/www.t4trade-cn.com\/fr\/trading-psychology\/emotional-trading\/\",\"name\":\"Emotional Trading - T4Trade\",\"isPartOf\":{\"@id\":\"https:\/\/www.t4trade-cn.com\/fr\/#website\"},\"datePublished\":\"2024-03-25T12:48:05+00:00\",\"dateModified\":\"2024-07-22T13:25:45+00:00\",\"description\":\"We explore the fundamental premise ofemotional trading and its impact on financial decisionmaking.\",\"breadcrumb\":{\"@id\":\"https:\/\/www.t4trade-cn.com\/fr\/trading-psychology\/emotional-trading\/#breadcrumb\"},\"inLanguage\":\"fr-FR\",\"potentialAction\":[{\"@type\":\"ReadAction\",\"target\":[\"https:\/\/www.t4trade-cn.com\/fr\/trading-psychology\/emotional-trading\/\"]}]},{\"@type\":\"BreadcrumbList\",\"@id\":\"https:\/\/www.t4trade-cn.com\/fr\/trading-psychology\/emotional-trading\/#breadcrumb\",\"itemListElement\":[{\"@type\":\"ListItem\",\"position\":1,\"name\":\"Home\",\"item\":\"https:\/\/www.t4trade-cn.com\/fr\/\"},{\"@type\":\"ListItem\",\"position\":2,\"name\":\"Trading Psychology\",\"item\":\"https:\/\/www.t4trade-cn.com\/fr\/trading-psychology\/\"},{\"@type\":\"ListItem\",\"position\":3,\"name\":\"Emotional Trading\"}]},{\"@type\":\"WebSite\",\"@id\":\"https:\/\/www.t4trade-cn.com\/fr\/#website\",\"url\":\"https:\/\/www.t4trade-cn.com\/fr\/\",\"name\":\"T4Trade\",\"description\":\"\",\"publisher\":{\"@id\":\"https:\/\/www.t4trade-cn.com\/fr\/#organization\"},\"potentialAction\":[{\"@type\":\"SearchAction\",\"target\":{\"@type\":\"EntryPoint\",\"urlTemplate\":\"https:\/\/www.t4trade-cn.com\/fr\/?s={search_term_string}\"},\"query-input\":{\"@type\":\"PropertyValueSpecification\",\"valueRequired\":true,\"valueName\":\"search_term_string\"}}],\"inLanguage\":\"fr-FR\"},{\"@type\":\"Organization\",\"@id\":\"https:\/\/www.t4trade-cn.com\/fr\/#organization\",\"name\":\"T4Trade\",\"url\":\"https:\/\/www.t4trade-cn.com\/fr\/\",\"logo\":{\"@type\":\"ImageObject\",\"inLanguage\":\"fr-FR\",\"@id\":\"https:\/\/www.t4trade-cn.com\/fr\/#\/schema\/logo\/image\/\",\"url\":\"\/wp-content\/uploads\/2021\/10\/Group.svg\",\"contentUrl\":\"\/wp-content\/uploads\/2021\/10\/Group.svg\",\"width\":145,\"height\":33,\"caption\":\"T4Trade\"},\"image\":{\"@id\":\"https:\/\/www.t4trade-cn.com\/fr\/#\/schema\/logo\/image\/\"}}]}<\/script>\n<!-- \/ Yoast SEO Premium plugin. -->","yoast_head_json":{"title":"Trading \u00e9motionnel et comportement des investisseurs - T4Trade.","description":"Nous explorons le principe fondamental du trading \u00e9motionnel et son impact sur la prise de d\u00e9cision financi\u00e8re.","robots":{"index":"index","follow":"follow","max-snippet":"max-snippet:-1","max-image-preview":"max-image-preview:large","max-video-preview":"max-video-preview:-1"},"canonical":"https:\/\/www.t4trade.com\/fr\/wp-json\/wp\/v2\/pages\/25580\/","og_locale":"fr_FR","og_type":"article","og_title":"Emotional Trading","og_description":"We explore the fundamental premise ofemotional trading and its impact on financial decisionmaking.","og_url":"https:\/\/www.t4trade-cn.com\/fr\/trading-psychology\/emotional-trading\/","og_site_name":"T4Trade","article_modified_time":"2024-07-22T13:25:45+00:00","twitter_card":"summary_large_image","twitter_misc":{"Dur\u00e9e de lecture estim\u00e9e":"3 minutes"},"schema":{"@context":"https:\/\/schema.org","@graph":[{"@type":"WebPage","@id":"https:\/\/www.t4trade-cn.com\/fr\/trading-psychology\/emotional-trading\/","url":"https:\/\/www.t4trade-cn.com\/fr\/trading-psychology\/emotional-trading\/","name":"Trading \u00e9motionnel et comportement des investisseurs - T4Trade.","isPartOf":{"@id":"https:\/\/www.t4trade-cn.com\/fr\/#website"},"datePublished":"2024-03-25T12:48:05+00:00","dateModified":"2024-07-22T13:25:45+00:00","description":"Nous explorons le principe fondamental du trading \u00e9motionnel et son impact sur la prise de d\u00e9cision financi\u00e8re.","breadcrumb":{"@id":"https:\/\/www.t4trade-cn.com\/fr\/trading-psychology\/emotional-trading\/#breadcrumb"},"inLanguage":"fr-FR","potentialAction":[{"@type":"ReadAction","target":["https:\/\/www.t4trade-cn.com\/fr\/trading-psychology\/emotional-trading\/"]}]},{"@type":"BreadcrumbList","@id":"https:\/\/www.t4trade-cn.com\/fr\/trading-psychology\/emotional-trading\/#breadcrumb","itemListElement":[{"@type":"ListItem","position":1,"name":"Home","item":"https:\/\/www.t4trade-cn.com\/fr\/"},{"@type":"ListItem","position":2,"name":"Trading Psychology","item":"https:\/\/www.t4trade-cn.com\/fr\/trading-psychology\/"},{"@type":"ListItem","position":3,"name":"Emotional Trading"}]},{"@type":"WebSite","@id":"https:\/\/www.t4trade-cn.com\/fr\/#website","url":"https:\/\/www.t4trade-cn.com\/fr\/","name":"T4Trade","description":"","publisher":{"@id":"https:\/\/www.t4trade-cn.com\/fr\/#organization"},"potentialAction":[{"@type":"SearchAction","target":{"@type":"EntryPoint","urlTemplate":"https:\/\/www.t4trade-cn.com\/fr\/?s={search_term_string}"},"query-input":{"@type":"PropertyValueSpecification","valueRequired":true,"valueName":"search_term_string"}}],"inLanguage":"fr-FR"},{"@type":"Organization","@id":"https:\/\/www.t4trade-cn.com\/fr\/#organization","name":"T4Trade","url":"https:\/\/www.t4trade-cn.com\/fr\/","logo":{"@type":"ImageObject","inLanguage":"fr-FR","@id":"https:\/\/www.t4trade-cn.com\/fr\/#\/schema\/logo\/image\/","url":"\/wp-content\/uploads\/2021\/10\/Group.svg","contentUrl":"\/wp-content\/uploads\/2021\/10\/Group.svg","width":145,"height":33,"caption":"T4Trade"},"image":{"@id":"https:\/\/www.t4trade-cn.com\/fr\/#\/schema\/logo\/image\/"}}]}},"_links":{"self":[{"href":"https:\/\/www.t4trade-cn.com\/fr\/wp-json\/wp\/v2\/pages\/25580","targetHints":{"allow":["GET"]}}],"collection":[{"href":"https:\/\/www.t4trade-cn.com\/fr\/wp-json\/wp\/v2\/pages"}],"about":[{"href":"https:\/\/www.t4trade-cn.com\/fr\/wp-json\/wp\/v2\/types\/page"}],"author":[{"embeddable":true,"href":"https:\/\/www.t4trade-cn.com\/fr\/wp-json\/wp\/v2\/users\/19"}],"replies":[{"embeddable":true,"href":"https:\/\/www.t4trade-cn.com\/fr\/wp-json\/wp\/v2\/comments?post=25580"}],"version-history":[{"count":10,"href":"https:\/\/www.t4trade-cn.com\/fr\/wp-json\/wp\/v2\/pages\/25580\/revisions"}],"predecessor-version":[{"id":29153,"href":"https:\/\/www.t4trade-cn.com\/fr\/wp-json\/wp\/v2\/pages\/25580\/revisions\/29153"}],"up":[{"embeddable":true,"href":"https:\/\/www.t4trade-cn.com\/fr\/wp-json\/wp\/v2\/pages\/25484"}],"wp:attachment":[{"href":"https:\/\/www.t4trade-cn.com\/fr\/wp-json\/wp\/v2\/media?parent=25580"}],"curies":[{"name":"wp","href":"https:\/\/api.w.org\/{rel}","templated":true}]}}