{"id":27692,"date":"2024-05-03T11:03:49","date_gmt":"2024-05-03T08:03:49","guid":{"rendered":"https:\/\/t4t-com-php8.wp-dev.int.theitops.net\/?page_id=27692"},"modified":"2024-07-22T16:25:23","modified_gmt":"2024-07-22T13:25:23","slug":"avoiding-the-vague","status":"publish","type":"page","link":"https:\/\/www.t4trade-cn.com\/fr\/trading-psychology\/trading-instincts\/avoiding-the-vague\/","title":{"rendered":"\u00c9viter le vague"},"content":{"rendered":"<div data-elementor-type=\"wp-page\" data-elementor-id=\"27692\" class=\"elementor elementor-27692\" data-elementor-post-type=\"page\">\n\t\t\t\t<div class=\"elementor-element elementor-element-2825719 e-con-full e-flex wpr-particle-no wpr-jarallax-no wpr-parallax-no wpr-sticky-section-no e-con e-parent\" data-id=\"2825719\" data-element_type=\"container\">\n\t\t<div class=\"elementor-element elementor-element-dd4e533 e-flex e-con-boxed wpr-particle-no wpr-jarallax-no wpr-parallax-no wpr-sticky-section-no e-con e-child\" data-id=\"dd4e533\" data-element_type=\"container\">\n\t\t\t\t\t<div class=\"e-con-inner\">\n\t\t\t\t<div class=\"elementor-element elementor-element-85f68b1 elementor-widget elementor-widget-breadcrumbs\" data-id=\"85f68b1\" data-element_type=\"widget\" data-widget_type=\"breadcrumbs.default\">\n\t\t\t\t<div class=\"elementor-widget-container\">\n\t\t\t\t\t<p id=\"breadcrumbs\"><span><span><a href=\"https:\/\/www.t4trade-cn.com\/fr\/\">Home<\/a><\/span><\/span><\/p>\t\t\t\t<\/div>\n\t\t\t\t<\/div>\n\t\t\t\t<div class=\"elementor-element elementor-element-5aa4c00 elementor-widget elementor-widget-html\" data-id=\"5aa4c00\" data-element_type=\"widget\" data-widget_type=\"html.default\">\n\t\t\t\t<div class=\"elementor-widget-container\">\n\t\t\t\t\t<script>\r\nwindow.addEventListener('DOMContentLoaded', function() {\r\n  var homeLink = document.querySelector('#breadcrumbs a:first-child');\r\n  if (homeLink) {\r\n    homeLink.textContent = 'Tools & Education';\r\n  }\r\n});\r\n<\/script>\t\t\t\t<\/div>\n\t\t\t\t<\/div>\n\t\t\t\t\t<\/div>\n\t\t\t\t<\/div>\n\t\t<div class=\"elementor-element elementor-element-49dd2f6 e-flex e-con-boxed wpr-particle-no wpr-jarallax-no wpr-parallax-no wpr-sticky-section-no e-con e-child\" data-id=\"49dd2f6\" data-element_type=\"container\">\n\t\t\t\t\t<div class=\"e-con-inner\">\n\t\t\t\t<div class=\"elementor-element elementor-element-5a53902 elementor-widget elementor-widget-heading\" data-id=\"5a53902\" data-element_type=\"widget\" data-widget_type=\"heading.default\">\n\t\t\t\t<div class=\"elementor-widget-container\">\n\t\t\t\t\t<h1 class=\"elementor-heading-title elementor-size-default\">\u00c9viter le vague<\/h1>\t\t\t\t<\/div>\n\t\t\t\t<\/div>\n\t\t\t\t<div class=\"elementor-element elementor-element-c59cf3a elementor-widget__width-initial elementor-widget elementor-widget-text-editor\" data-id=\"c59cf3a\" data-element_type=\"widget\" data-widget_type=\"text-editor.default\">\n\t\t\t\t<div class=\"elementor-widget-container\">\n\t\t\t\t\t\t\t\t\t<p>Au cours de votre apprentissage de la psychologie du trading, vous avez probablement lu ou entendu parler de l'impact des instincts de trading.<\/p>\t\t\t\t\t\t\t\t<\/div>\n\t\t\t\t<\/div>\n\t\t\t\t\t<\/div>\n\t\t\t\t<\/div>\n\t\t<div class=\"elementor-element elementor-element-a3cb9a7 e-flex e-con-boxed wpr-particle-no wpr-jarallax-no wpr-parallax-no wpr-sticky-section-no e-con e-child\" data-id=\"a3cb9a7\" data-element_type=\"container\">\n\t\t\t\t\t<div class=\"e-con-inner\">\n\t\t<div class=\"elementor-element elementor-element-cb2caf5 e-flex e-con-boxed wpr-particle-no wpr-jarallax-no wpr-parallax-no wpr-sticky-section-no e-con e-child\" data-id=\"cb2caf5\" data-element_type=\"container\" data-settings=\"{&quot;background_background&quot;:&quot;classic&quot;}\">\n\t\t\t\t\t<div class=\"e-con-inner\">\n\t\t<div class=\"elementor-element elementor-element-8ec44fc e-con-full e-flex wpr-particle-no wpr-jarallax-no wpr-parallax-no wpr-sticky-section-no e-con e-child\" data-id=\"8ec44fc\" data-element_type=\"container\">\n\t\t\t\t<div class=\"elementor-element elementor-element-248fa0c elementor-widget elementor-widget-text-editor\" data-id=\"248fa0c\" data-element_type=\"widget\" data-widget_type=\"text-editor.default\">\n\t\t\t\t<div class=\"elementor-widget-container\">\n\t\t\t\t\t\t\t\t\t<p>Les instincts de trading font r\u00e9f\u00e9rence \u00e0 ce sentiment ou \u00e0 cette intuition que vous ressentez lorsque vous \u00eates sur le point de prendre une d\u00e9cision financi\u00e8re. Ils sont g\u00e9n\u00e9ralement bas\u00e9s sur l'exp\u00e9rience ou les informations que vous avez acquises tout au long de votre parcours de trader.<\/p><p>Le concept d'instinct de trading est toutefois essentiellement divis\u00e9 en trois parties essentielles : les biais d'origine sensorielle, le fait d'\u00e9viter le vague et la tangibilit\u00e9 de l'anticipation.<\/p>\t\t\t\t\t\t\t\t<\/div>\n\t\t\t\t<\/div>\n\t\t\t\t<\/div>\n\t\t<div class=\"elementor-element elementor-element-efa62a8 e-con-full e-flex wpr-particle-no wpr-jarallax-no wpr-parallax-no wpr-sticky-section-no e-con e-child\" data-id=\"efa62a8\" data-element_type=\"container\">\n\t\t\t\t<div class=\"elementor-element elementor-element-44e3211 elementor-absolute elementor-widget elementor-widget-image\" data-id=\"44e3211\" data-element_type=\"widget\" data-settings=\"{&quot;_position&quot;:&quot;absolute&quot;}\" data-widget_type=\"image.default\">\n\t\t\t\t<div class=\"elementor-widget-container\">\n\t\t\t\t\t\t\t\t\t\t\t\t\t\t\t<img fetchpriority=\"high\" decoding=\"async\" width=\"324\" height=\"353\" src=\"\/wp-content\/uploads\/2024\/05\/cloud-checkmark-trading.png\" class=\"attachment-full size-full wp-image-27695\" alt=\"\" srcset=\"\/wp-content\/uploads\/2024\/05\/cloud-checkmark-trading.png 324w, \/wp-content\/uploads\/2024\/05\/cloud-checkmark-trading-275x300.png 275w, \/wp-content\/uploads\/2024\/05\/cloud-checkmark-trading-11x12.png 11w\" sizes=\"(max-width: 324px) 100vw, 324px\" style=\"width:100%;height:108.95%;max-width:324px\" \/>\t\t\t\t\t\t\t\t\t\t\t\t\t\t\t<\/div>\n\t\t\t\t<\/div>\n\t\t\t\t<\/div>\n\t\t\t\t\t<\/div>\n\t\t\t\t<\/div>\n\t\t\t\t\t<\/div>\n\t\t\t\t<\/div>\n\t\t\t\t<\/div>\n\t\t<div class=\"elementor-element elementor-element-064e92f e-flex e-con-boxed wpr-particle-no wpr-jarallax-no wpr-parallax-no wpr-sticky-section-no e-con e-parent\" data-id=\"064e92f\" data-element_type=\"container\">\n\t\t\t\t\t<div class=\"e-con-inner\">\n\t\t\t\t<div class=\"elementor-element elementor-element-353c2d6 elementor-widget__width-initial elementor-widget elementor-widget-heading\" data-id=\"353c2d6\" data-element_type=\"widget\" data-widget_type=\"heading.default\">\n\t\t\t\t<div class=\"elementor-widget-container\">\n\t\t\t\t\t<h2 class=\"elementor-heading-title elementor-size-default\">La peur de l'inconnu<\/h2>\t\t\t\t<\/div>\n\t\t\t\t<\/div>\n\t\t\t\t<div class=\"elementor-element elementor-element-258d74a elementor-widget__width-initial elementor-widget elementor-widget-text-editor\" data-id=\"258d74a\" data-element_type=\"widget\" data-widget_type=\"text-editor.default\">\n\t\t\t\t<div class=\"elementor-widget-container\">\n\t\t\t\t\t\t\t\t\t<p>\u00c9viter le vague est une question int\u00e9ressante. Il s'agit de la peur de ce que l'on ne conna\u00eet pas et de l'acte d'\u00e9vitement qui en d\u00e9coule.<\/p>\t\t\t\t\t\t\t\t<\/div>\n\t\t\t\t<\/div>\n\t\t<div class=\"elementor-element elementor-element-ca4fb5f e-con-full e-flex wpr-particle-no wpr-jarallax-no wpr-parallax-no wpr-sticky-section-no e-con e-child\" data-id=\"ca4fb5f\" data-element_type=\"container\">\n\t\t<div class=\"elementor-element elementor-element-041437f e-con-full e-flex wpr-particle-no wpr-jarallax-no wpr-parallax-no wpr-sticky-section-no e-con e-child\" data-id=\"041437f\" data-element_type=\"container\">\n\t\t\t\t<div class=\"elementor-element elementor-element-9f99321 elementor-widget elementor-widget-text-editor\" data-id=\"9f99321\" data-element_type=\"widget\" data-widget_type=\"text-editor.default\">\n\t\t\t\t<div class=\"elementor-widget-container\">\n\t\t\t\t\t\t\t\t\t<p>En d'autres termes, \u00e9viter le vague consiste \u00e0 s'abstenir d'agir en raison de l'incertitude quant \u00e0 la r\u00e9alisation ou non d'un \u00e9v\u00e9nement ou d'un r\u00e9sultat.  Dans le contexte du trading, cela peut \u00eatre attribu\u00e9 \u00e0 la peur de perdre son argent.<\/p><p>La peur de l'inconnu n'est pas rare dans le monde du trading, en particulier chez les traders d\u00e9butants qui manquent de comp\u00e9tences et d'exp\u00e9rience pour g\u00e9rer les complexit\u00e9s du march\u00e9.  Il existe cependant plusieurs fa\u00e7ons de mieux g\u00e9rer cette peur et d'obtenir de meilleurs r\u00e9sultats en mati\u00e8re de trading.<\/p><p>D'une part, un trader peut craindre l'inconnu s'il manque d'informations sur les diff\u00e9rents march\u00e9s. Cela peut \u00e9galement conduire \u00e0 des sentiments d'incertitude en raison de l'impr\u00e9visibilit\u00e9 de ces m\u00eames march\u00e9s. Pour surmonter ces craintes, il est essentiel de s'engager dans un processus d'apprentissage et de recherche continus, ainsi que de suivre l'actualit\u00e9 et\/ou les tendances.<\/p>\t\t\t\t\t\t\t\t<\/div>\n\t\t\t\t<\/div>\n\t\t\t\t<\/div>\n\t\t<div class=\"elementor-element elementor-element-260b492 e-con-full e-flex wpr-particle-no wpr-jarallax-no wpr-parallax-no wpr-sticky-section-no e-con e-child\" data-id=\"260b492\" data-element_type=\"container\">\n\t\t\t\t<div class=\"elementor-element elementor-element-b638eaf elementor-widget elementor-widget-image\" data-id=\"b638eaf\" data-element_type=\"widget\" data-widget_type=\"image.default\">\n\t\t\t\t<div class=\"elementor-widget-container\">\n\t\t\t\t\t\t\t\t\t\t\t\t\t\t\t<img decoding=\"async\" width=\"310\" height=\"352\" src=\"\/wp-content\/uploads\/2024\/05\/shield-question-risk.png\" class=\"attachment-full size-full wp-image-27702\" alt=\"\" srcset=\"\/wp-content\/uploads\/2024\/05\/shield-question-risk.png 310w, \/wp-content\/uploads\/2024\/05\/shield-question-risk-264x300.png 264w, \/wp-content\/uploads\/2024\/05\/shield-question-risk-11x12.png 11w\" sizes=\"(max-width: 310px) 100vw, 310px\" style=\"width:100%;height:113.55%;max-width:310px\" \/>\t\t\t\t\t\t\t\t\t\t\t\t\t\t\t<\/div>\n\t\t\t\t<\/div>\n\t\t\t\t<\/div>\n\t\t\t\t<\/div>\n\t\t<div class=\"elementor-element elementor-element-2871232 e-con-full e-flex wpr-particle-no wpr-jarallax-no wpr-parallax-no wpr-sticky-section-no e-con e-child\" data-id=\"2871232\" data-element_type=\"container\">\n\t\t<div class=\"elementor-element elementor-element-2712432 e-con-full e-flex wpr-particle-no wpr-jarallax-no wpr-parallax-no wpr-sticky-section-no e-con e-child\" data-id=\"2712432\" data-element_type=\"container\">\n\t\t\t\t<div class=\"elementor-element elementor-element-1238f32 elementor-widget elementor-widget-image\" data-id=\"1238f32\" data-element_type=\"widget\" data-widget_type=\"image.default\">\n\t\t\t\t<div class=\"elementor-widget-container\">\n\t\t\t\t\t\t\t\t\t\t\t\t\t\t\t<img decoding=\"async\" width=\"408\" height=\"356\" src=\"\/wp-content\/uploads\/2024\/05\/profit-management-chart.png\" class=\"attachment-full size-full wp-image-27703\" alt=\"\" srcset=\"\/wp-content\/uploads\/2024\/05\/profit-management-chart.png 408w, \/wp-content\/uploads\/2024\/05\/profit-management-chart-300x262.png 300w, \/wp-content\/uploads\/2024\/05\/profit-management-chart-14x12.png 14w\" sizes=\"(max-width: 408px) 100vw, 408px\" style=\"width:100%;height:87.25%;max-width:408px\" \/>\t\t\t\t\t\t\t\t\t\t\t\t\t\t\t<\/div>\n\t\t\t\t<\/div>\n\t\t\t\t<\/div>\n\t\t<div class=\"elementor-element elementor-element-a69e614 e-con-full e-flex wpr-particle-no wpr-jarallax-no wpr-parallax-no wpr-sticky-section-no e-con e-child\" data-id=\"a69e614\" data-element_type=\"container\">\n\t\t\t\t<div class=\"elementor-element elementor-element-244fcc5 elementor-widget elementor-widget-text-editor\" data-id=\"244fcc5\" data-element_type=\"widget\" data-widget_type=\"text-editor.default\">\n\t\t\t\t<div class=\"elementor-widget-container\">\n\t\t\t\t\t\t\t\t\t<p>En outre, les traders peuvent \u00e9galement craindre de mettre en \u0153uvre des strat\u00e9gies de trading diff\u00e9rentes ou de consulter des sources d'information diff\u00e9rentes parce qu'ils ont des pr\u00e9jug\u00e9s sur ce qu'ils ont utilis\u00e9 ou ce qu'on leur a recommand\u00e9 jusqu'\u00e0 pr\u00e9sent.<\/p><p>Pour lutter contre les pr\u00e9jug\u00e9s, il faut faire preuve d'ouverture d'esprit, \u00eatre attentif \u00e0 son comportement et \u00eatre pr\u00eat \u00e0 s'adapter en fonction des r\u00e9sultats.<\/p><p>Il est int\u00e9ressant de noter qu'il y a aussi des traders qui laissent la peur de la perte prendre le pas sur leur motivation \u00e0 r\u00e9aliser des gains. En cons\u00e9quence, ils peuvent s'abstenir de prendre des d\u00e9cisions financi\u00e8res, ce qui les emp\u00eache de saisir des opportunit\u00e9s de trading ou de r\u00e9aliser des profits potentiels.<\/p><p>Comprendre que les pertes sont courantes dans le trading et adopter des techniques efficaces de gestion des risques peut att\u00e9nuer cette crainte.<\/p>\t\t\t\t\t\t\t\t<\/div>\n\t\t\t\t<\/div>\n\t\t\t\t<\/div>\n\t\t\t\t<\/div>\n\t\t\t\t\t<\/div>\n\t\t\t\t<\/div>\n\t\t<div class=\"elementor-element elementor-element-7f7eb98 e-flex e-con-boxed wpr-particle-no wpr-jarallax-no wpr-parallax-no wpr-sticky-section-no e-con e-parent\" data-id=\"7f7eb98\" data-element_type=\"container\">\n\t\t\t\t\t<div class=\"e-con-inner\">\n\t\t<div class=\"elementor-element elementor-element-f5bb772 e-flex e-con-boxed wpr-particle-no wpr-jarallax-no wpr-parallax-no wpr-sticky-section-no e-con e-child\" data-id=\"f5bb772\" data-element_type=\"container\" data-settings=\"{&quot;background_background&quot;:&quot;classic&quot;}\">\n\t\t\t\t\t<div class=\"e-con-inner\">\n\t\t<div class=\"elementor-element elementor-element-d5ff39b e-con-full e-flex wpr-particle-no wpr-jarallax-no wpr-parallax-no wpr-sticky-section-no e-con e-child\" data-id=\"d5ff39b\" data-element_type=\"container\">\n\t\t\t\t<div class=\"elementor-element elementor-element-8835561 elementor-widget elementor-widget-heading\" data-id=\"8835561\" data-element_type=\"widget\" data-widget_type=\"heading.default\">\n\t\t\t\t<div class=\"elementor-widget-container\">\n\t\t\t\t\t<h2 class=\"elementor-heading-title elementor-size-default\">Vaincre la peur dans le domaine du trading<\/h2>\t\t\t\t<\/div>\n\t\t\t\t<\/div>\n\t\t\t\t<div class=\"elementor-element elementor-element-63075c7 elementor-widget__width-initial elementor-widget elementor-widget-text-editor\" data-id=\"63075c7\" data-element_type=\"widget\" data-widget_type=\"text-editor.default\">\n\t\t\t\t<div class=\"elementor-widget-container\">\n\t\t\t\t\t\t\t\t\t<p>Pour surmonter la peur et r\u00e9ussir dans le trading, il faut d\u00e9velopper une r\u00e9silience \u00e9motionnelle afin de pouvoir g\u00e9rer des r\u00e9actions telles que la peur, la panique ou l'anxi\u00e9t\u00e9.<\/p><p>La tenue d'un journal de trading et le respect d'un plan de trading efficace sont des outils utiles pour g\u00e9rer ces sentiments et renforcer la confiance en soi.<\/p><p>En outre, les traders peuvent att\u00e9nuer leurs inqui\u00e9tudes en s'adressant \u00e0 des professionnels exp\u00e9riment\u00e9s et en leur demandant conseil, en particulier pendant les p\u00e9riodes de forte volatilit\u00e9 des march\u00e9s.<\/p>\t\t\t\t\t\t\t\t<\/div>\n\t\t\t\t<\/div>\n\t\t\t\t<\/div>\n\t\t<div class=\"elementor-element elementor-element-ab65209 e-con-full e-flex wpr-particle-no wpr-jarallax-no wpr-parallax-no wpr-sticky-section-no e-con e-child\" data-id=\"ab65209\" data-element_type=\"container\">\n\t\t\t\t<div class=\"elementor-element elementor-element-3be39a2 elementor-widget elementor-widget-image\" data-id=\"3be39a2\" data-element_type=\"widget\" data-widget_type=\"image.default\">\n\t\t\t\t<div class=\"elementor-widget-container\">\n\t\t\t\t\t\t\t\t\t\t\t\t\t\t\t<img loading=\"lazy\" decoding=\"async\" width=\"288\" height=\"352\" src=\"\/wp-content\/uploads\/2024\/05\/notepad-journal-professional.png\" class=\"attachment-full size-full wp-image-27710\" alt=\"\" srcset=\"\/wp-content\/uploads\/2024\/05\/notepad-journal-professional.png 288w, \/wp-content\/uploads\/2024\/05\/notepad-journal-professional-245x300.png 245w, \/wp-content\/uploads\/2024\/05\/notepad-journal-professional-10x12.png 10w\" sizes=\"(max-width: 288px) 100vw, 288px\" style=\"width:100%;height:122.22%;max-width:288px\" \/>\t\t\t\t\t\t\t\t\t\t\t\t\t\t\t<\/div>\n\t\t\t\t<\/div>\n\t\t\t\t<\/div>\n\t\t\t\t\t<\/div>\n\t\t\t\t<\/div>\n\t\t\t\t\t<\/div>\n\t\t\t\t<\/div>\n\t\t\t\t<\/div>","protected":false},"excerpt":{"rendered":"<p>Avoiding the vague In the course of learning more about trading psychology, you\u2019ll have probably read or heard&#8230;<\/p>","protected":false},"author":19,"featured_media":0,"parent":27660,"menu_order":0,"comment_status":"closed","ping_status":"closed","template":"elementor_header_footer","meta":{"_acf_changed":false,"inline_featured_image":false,"footnotes":""},"class_list":["post-27692","page","type-page","status-publish","hentry","entry"],"acf":[],"yoast_head":"<!-- This site is optimized with the Yoast SEO Premium plugin v26.2 (Yoast SEO v26.5) - https:\/\/yoast.com\/wordpress\/plugins\/seo\/ -->\n<title>Avoiding the vague<\/title>\n<meta name=\"description\" content=\"Avoiding the vague in the context of trading refers to the fear of the unknown, and its impact on missed trading opportunities.\" \/>\n<meta name=\"robots\" content=\"index, follow, max-snippet:-1, max-image-preview:large, max-video-preview:-1\" \/>\n<link rel=\"canonical\" href=\"https:\/\/www.t4trade.com\/fr\/wp-json\/wp\/v2\/pages\/27692\/\" \/>\n<meta property=\"og:locale\" content=\"fr_FR\" \/>\n<meta property=\"og:type\" content=\"article\" \/>\n<meta property=\"og:title\" content=\"Avoiding the vague\" \/>\n<meta property=\"og:description\" content=\"Avoiding the vague in the context of trading refers to the fear of the unknown, and its impact on missed trading opportunities.\" \/>\n<meta property=\"og:url\" content=\"https:\/\/www.t4trade-cn.com\/fr\/trading-psychology\/trading-instincts\/avoiding-the-vague\/\" \/>\n<meta property=\"og:site_name\" content=\"T4Trade\" \/>\n<meta property=\"article:modified_time\" content=\"2024-07-22T13:25:23+00:00\" \/>\n<meta name=\"twitter:card\" content=\"summary_large_image\" \/>\n<meta name=\"twitter:label1\" content=\"Dur\u00e9e de lecture estim\u00e9e\" \/>\n\t<meta name=\"twitter:data1\" content=\"3 minutes\" \/>\n<script type=\"application\/ld+json\" class=\"yoast-schema-graph\">{\"@context\":\"https:\/\/schema.org\",\"@graph\":[{\"@type\":\"WebPage\",\"@id\":\"https:\/\/www.t4trade-cn.com\/fr\/trading-psychology\/trading-instincts\/avoiding-the-vague\/\",\"url\":\"https:\/\/www.t4trade-cn.com\/fr\/trading-psychology\/trading-instincts\/avoiding-the-vague\/\",\"name\":\"Avoiding the vague\",\"isPartOf\":{\"@id\":\"https:\/\/www.t4trade-cn.com\/fr\/#website\"},\"datePublished\":\"2024-05-03T08:03:49+00:00\",\"dateModified\":\"2024-07-22T13:25:23+00:00\",\"description\":\"Avoiding the vague in the context of trading refers to the fear of the unknown, and its impact on missed trading opportunities.\",\"breadcrumb\":{\"@id\":\"https:\/\/www.t4trade-cn.com\/fr\/trading-psychology\/trading-instincts\/avoiding-the-vague\/#breadcrumb\"},\"inLanguage\":\"fr-FR\",\"potentialAction\":[{\"@type\":\"ReadAction\",\"target\":[\"https:\/\/www.t4trade-cn.com\/fr\/trading-psychology\/trading-instincts\/avoiding-the-vague\/\"]}]},{\"@type\":\"BreadcrumbList\",\"@id\":\"https:\/\/www.t4trade-cn.com\/fr\/trading-psychology\/trading-instincts\/avoiding-the-vague\/#breadcrumb\",\"itemListElement\":[{\"@type\":\"ListItem\",\"position\":1,\"name\":\"Home\",\"item\":\"https:\/\/www.t4trade-cn.com\/fr\/\"},{\"@type\":\"ListItem\",\"position\":2,\"name\":\"Trading Psychology\",\"item\":\"https:\/\/www.t4trade-cn.com\/fr\/trading-psychology\/\"},{\"@type\":\"ListItem\",\"position\":3,\"name\":\"Trading Instincts\",\"item\":\"https:\/\/www.t4trade-cn.com\/fr\/trading-psychology\/trading-instincts\/\"},{\"@type\":\"ListItem\",\"position\":4,\"name\":\"Avoiding the vague\"}]},{\"@type\":\"WebSite\",\"@id\":\"https:\/\/www.t4trade-cn.com\/fr\/#website\",\"url\":\"https:\/\/www.t4trade-cn.com\/fr\/\",\"name\":\"T4Trade\",\"description\":\"\",\"publisher\":{\"@id\":\"https:\/\/www.t4trade-cn.com\/fr\/#organization\"},\"potentialAction\":[{\"@type\":\"SearchAction\",\"target\":{\"@type\":\"EntryPoint\",\"urlTemplate\":\"https:\/\/www.t4trade-cn.com\/fr\/?s={search_term_string}\"},\"query-input\":{\"@type\":\"PropertyValueSpecification\",\"valueRequired\":true,\"valueName\":\"search_term_string\"}}],\"inLanguage\":\"fr-FR\"},{\"@type\":\"Organization\",\"@id\":\"https:\/\/www.t4trade-cn.com\/fr\/#organization\",\"name\":\"T4Trade\",\"url\":\"https:\/\/www.t4trade-cn.com\/fr\/\",\"logo\":{\"@type\":\"ImageObject\",\"inLanguage\":\"fr-FR\",\"@id\":\"https:\/\/www.t4trade-cn.com\/fr\/#\/schema\/logo\/image\/\",\"url\":\"\/wp-content\/uploads\/2021\/10\/Group.svg\",\"contentUrl\":\"\/wp-content\/uploads\/2021\/10\/Group.svg\",\"width\":145,\"height\":33,\"caption\":\"T4Trade\"},\"image\":{\"@id\":\"https:\/\/www.t4trade-cn.com\/fr\/#\/schema\/logo\/image\/\"}}]}<\/script>\n<!-- \/ Yoast SEO Premium plugin. -->","yoast_head_json":{"title":"\u00c9viter le vague","description":"Dans le contexte du trading, \u00e9viter le vague fait r\u00e9f\u00e9rence \u00e0 la peur de l'inconnu et \u00e0 son impact sur les opportunit\u00e9s de trading manqu\u00e9es.","robots":{"index":"index","follow":"follow","max-snippet":"max-snippet:-1","max-image-preview":"max-image-preview:large","max-video-preview":"max-video-preview:-1"},"canonical":"https:\/\/www.t4trade.com\/fr\/wp-json\/wp\/v2\/pages\/27692\/","og_locale":"fr_FR","og_type":"article","og_title":"Avoiding the vague","og_description":"Avoiding the vague in the context of trading refers to the fear of the unknown, and its impact on missed trading opportunities.","og_url":"https:\/\/www.t4trade-cn.com\/fr\/trading-psychology\/trading-instincts\/avoiding-the-vague\/","og_site_name":"T4Trade","article_modified_time":"2024-07-22T13:25:23+00:00","twitter_card":"summary_large_image","twitter_misc":{"Dur\u00e9e de lecture estim\u00e9e":"3 minutes"},"schema":{"@context":"https:\/\/schema.org","@graph":[{"@type":"WebPage","@id":"https:\/\/www.t4trade-cn.com\/fr\/trading-psychology\/trading-instincts\/avoiding-the-vague\/","url":"https:\/\/www.t4trade-cn.com\/fr\/trading-psychology\/trading-instincts\/avoiding-the-vague\/","name":"\u00c9viter le vague","isPartOf":{"@id":"https:\/\/www.t4trade-cn.com\/fr\/#website"},"datePublished":"2024-05-03T08:03:49+00:00","dateModified":"2024-07-22T13:25:23+00:00","description":"Dans le contexte du trading, \u00e9viter le vague fait r\u00e9f\u00e9rence \u00e0 la peur de l'inconnu et \u00e0 son impact sur les opportunit\u00e9s de trading manqu\u00e9es.","breadcrumb":{"@id":"https:\/\/www.t4trade-cn.com\/fr\/trading-psychology\/trading-instincts\/avoiding-the-vague\/#breadcrumb"},"inLanguage":"fr-FR","potentialAction":[{"@type":"ReadAction","target":["https:\/\/www.t4trade-cn.com\/fr\/trading-psychology\/trading-instincts\/avoiding-the-vague\/"]}]},{"@type":"BreadcrumbList","@id":"https:\/\/www.t4trade-cn.com\/fr\/trading-psychology\/trading-instincts\/avoiding-the-vague\/#breadcrumb","itemListElement":[{"@type":"ListItem","position":1,"name":"Home","item":"https:\/\/www.t4trade-cn.com\/fr\/"},{"@type":"ListItem","position":2,"name":"Trading Psychology","item":"https:\/\/www.t4trade-cn.com\/fr\/trading-psychology\/"},{"@type":"ListItem","position":3,"name":"Trading Instincts","item":"https:\/\/www.t4trade-cn.com\/fr\/trading-psychology\/trading-instincts\/"},{"@type":"ListItem","position":4,"name":"Avoiding the vague"}]},{"@type":"WebSite","@id":"https:\/\/www.t4trade-cn.com\/fr\/#website","url":"https:\/\/www.t4trade-cn.com\/fr\/","name":"T4Trade","description":"","publisher":{"@id":"https:\/\/www.t4trade-cn.com\/fr\/#organization"},"potentialAction":[{"@type":"SearchAction","target":{"@type":"EntryPoint","urlTemplate":"https:\/\/www.t4trade-cn.com\/fr\/?s={search_term_string}"},"query-input":{"@type":"PropertyValueSpecification","valueRequired":true,"valueName":"search_term_string"}}],"inLanguage":"fr-FR"},{"@type":"Organization","@id":"https:\/\/www.t4trade-cn.com\/fr\/#organization","name":"T4Trade","url":"https:\/\/www.t4trade-cn.com\/fr\/","logo":{"@type":"ImageObject","inLanguage":"fr-FR","@id":"https:\/\/www.t4trade-cn.com\/fr\/#\/schema\/logo\/image\/","url":"\/wp-content\/uploads\/2021\/10\/Group.svg","contentUrl":"\/wp-content\/uploads\/2021\/10\/Group.svg","width":145,"height":33,"caption":"T4Trade"},"image":{"@id":"https:\/\/www.t4trade-cn.com\/fr\/#\/schema\/logo\/image\/"}}]}},"_links":{"self":[{"href":"https:\/\/www.t4trade-cn.com\/fr\/wp-json\/wp\/v2\/pages\/27692","targetHints":{"allow":["GET"]}}],"collection":[{"href":"https:\/\/www.t4trade-cn.com\/fr\/wp-json\/wp\/v2\/pages"}],"about":[{"href":"https:\/\/www.t4trade-cn.com\/fr\/wp-json\/wp\/v2\/types\/page"}],"author":[{"embeddable":true,"href":"https:\/\/www.t4trade-cn.com\/fr\/wp-json\/wp\/v2\/users\/19"}],"replies":[{"embeddable":true,"href":"https:\/\/www.t4trade-cn.com\/fr\/wp-json\/wp\/v2\/comments?post=27692"}],"version-history":[{"count":10,"href":"https:\/\/www.t4trade-cn.com\/fr\/wp-json\/wp\/v2\/pages\/27692\/revisions"}],"predecessor-version":[{"id":29151,"href":"https:\/\/www.t4trade-cn.com\/fr\/wp-json\/wp\/v2\/pages\/27692\/revisions\/29151"}],"up":[{"embeddable":true,"href":"https:\/\/www.t4trade-cn.com\/fr\/wp-json\/wp\/v2\/pages\/27660"}],"wp:attachment":[{"href":"https:\/\/www.t4trade-cn.com\/fr\/wp-json\/wp\/v2\/media?parent=27692"}],"curies":[{"name":"wp","href":"https:\/\/api.w.org\/{rel}","templated":true}]}}