{"id":25580,"date":"2024-03-25T14:48:05","date_gmt":"2024-03-25T12:48:05","guid":{"rendered":"https:\/\/t4t-com-php8.wp-dev.int.theitops.net\/?page_id=25580"},"modified":"2024-07-22T16:25:45","modified_gmt":"2024-07-22T13:25:45","slug":"emotional-trading","status":"publish","type":"page","link":"https:\/\/www.t4trade-cn.com\/pt\/trading-psychology\/emotional-trading\/","title":{"rendered":"Trading emocional"},"content":{"rendered":"<div data-elementor-type=\"wp-page\" data-elementor-id=\"25580\" class=\"elementor elementor-25580\" data-elementor-post-type=\"page\">\n\t\t\t\t<div class=\"elementor-element elementor-element-d93ef87 e-con-full e-flex wpr-particle-no wpr-jarallax-no wpr-parallax-no wpr-sticky-section-no e-con e-parent\" data-id=\"d93ef87\" data-element_type=\"container\">\n\t\t<div class=\"elementor-element elementor-element-5cafbc9 e-flex e-con-boxed wpr-particle-no wpr-jarallax-no wpr-parallax-no wpr-sticky-section-no e-con e-child\" data-id=\"5cafbc9\" data-element_type=\"container\">\n\t\t\t\t\t<div class=\"e-con-inner\">\n\t\t\t\t<div class=\"elementor-element elementor-element-3b7d73c elementor-widget elementor-widget-breadcrumbs\" data-id=\"3b7d73c\" data-element_type=\"widget\" data-widget_type=\"breadcrumbs.default\">\n\t\t\t\t<div class=\"elementor-widget-container\">\n\t\t\t\t\t<p id=\"breadcrumbs\"><span><span><a href=\"https:\/\/www.t4trade-cn.com\/pt\/\">Home<\/a><\/span><\/span><\/p>\t\t\t\t<\/div>\n\t\t\t\t<\/div>\n\t\t\t\t<div class=\"elementor-element elementor-element-d9370ac elementor-widget elementor-widget-html\" data-id=\"d9370ac\" data-element_type=\"widget\" data-widget_type=\"html.default\">\n\t\t\t\t<div class=\"elementor-widget-container\">\n\t\t\t\t\t<script>\r\nwindow.addEventListener('DOMContentLoaded', function() {\r\n  var homeLink = document.querySelector('#breadcrumbs a:first-child');\r\n  if (homeLink) {\r\n    homeLink.textContent = 'Tools & Education';\r\n  }\r\n});\r\n<\/script>\t\t\t\t<\/div>\n\t\t\t\t<\/div>\n\t\t\t\t\t<\/div>\n\t\t\t\t<\/div>\n\t\t<div class=\"elementor-element elementor-element-944449b e-flex e-con-boxed wpr-particle-no wpr-jarallax-no wpr-parallax-no wpr-sticky-section-no e-con e-child\" data-id=\"944449b\" data-element_type=\"container\">\n\t\t\t\t\t<div class=\"e-con-inner\">\n\t\t\t\t<div class=\"elementor-element elementor-element-5c39188 elementor-widget elementor-widget-heading\" data-id=\"5c39188\" data-element_type=\"widget\" data-widget_type=\"heading.default\">\n\t\t\t\t<div class=\"elementor-widget-container\">\n\t\t\t\t\t<h1 class=\"elementor-heading-title elementor-size-default\">Trading emocional<\/h1>\t\t\t\t<\/div>\n\t\t\t\t<\/div>\n\t\t\t\t<div class=\"elementor-element elementor-element-7c56b36 elementor-widget__width-initial elementor-widget elementor-widget-text-editor\" data-id=\"7c56b36\" data-element_type=\"widget\" data-widget_type=\"text-editor.default\">\n\t\t\t\t<div class=\"elementor-widget-container\">\n\t\t\t\t\t\t\t\t\t<p class=\"translation-block\">O trading emocional \u00e9 uma parte essencial da psicologia de negocia\u00e7\u00e3o. Tamb\u00e9m conhecido como investimento emocional, trata-se de uma s\u00e9rie de comportamentos que resultam da instabilidade nos mercados e que levam \u00e0 compra ou venda emocional de ativos.<\/p>\t\t\t\t\t\t\t\t<\/div>\n\t\t\t\t<\/div>\n\t\t\t\t\t<\/div>\n\t\t\t\t<\/div>\n\t\t<div class=\"elementor-element elementor-element-c87b89d e-flex e-con-boxed wpr-particle-no wpr-jarallax-no wpr-parallax-no wpr-sticky-section-no e-con e-child\" data-id=\"c87b89d\" data-element_type=\"container\">\n\t\t\t\t\t<div class=\"e-con-inner\">\n\t\t<div class=\"elementor-element elementor-element-c8f342f e-flex e-con-boxed wpr-particle-no wpr-jarallax-no wpr-parallax-no wpr-sticky-section-no e-con e-child\" data-id=\"c8f342f\" data-element_type=\"container\" data-settings=\"{&quot;background_background&quot;:&quot;classic&quot;}\">\n\t\t\t\t\t<div class=\"e-con-inner\">\n\t\t<div class=\"elementor-element elementor-element-4ff2238 e-con-full e-flex wpr-particle-no wpr-jarallax-no wpr-parallax-no wpr-sticky-section-no e-con e-child\" data-id=\"4ff2238\" data-element_type=\"container\">\n\t\t\t\t<div class=\"elementor-element elementor-element-af199b0 elementor-widget elementor-widget-text-editor\" data-id=\"af199b0\" data-element_type=\"widget\" data-widget_type=\"text-editor.default\">\n\t\t\t\t<div class=\"elementor-widget-container\">\n\t\t\t\t\t\t\t\t\t<p>S\u00e3o v\u00e1rios os fatores que despoletam estes comportamentos. Tipicamente, incluem sentimentos de p\u00e2nico, excita\u00e7\u00e3o, medo, gan\u00e2ncia, arrog\u00e2ncia, etc.<\/p><p class=\"translation-block\">No contexto do trading emocional, \u00e9 importante compreender o impacto destas emo\u00e7\u00f5es porque isso faz-nos perceber qu\u00e3o poderosas estas motiva\u00e7\u00f5es podem ser quando se lida com dinheiro.<\/p>\t\t\t\t\t\t\t\t<\/div>\n\t\t\t\t<\/div>\n\t\t\t\t<\/div>\n\t\t<div class=\"elementor-element elementor-element-116ef2e e-con-full e-flex wpr-particle-no wpr-jarallax-no wpr-parallax-no wpr-sticky-section-no e-con e-child\" data-id=\"116ef2e\" data-element_type=\"container\">\n\t\t\t\t<div class=\"elementor-element elementor-element-a44d28c elementor-widget elementor-widget-image\" data-id=\"a44d28c\" data-element_type=\"widget\" data-widget_type=\"image.default\">\n\t\t\t\t<div class=\"elementor-widget-container\">\n\t\t\t\t\t\t\t\t\t\t\t\t\t\t\t<img fetchpriority=\"high\" decoding=\"async\" width=\"472\" height=\"276\" src=\"\/wp-content\/uploads\/2024\/03\/emotional-trading-feelings.png\" class=\"attachment-full size-full wp-image-25583\" alt=\"\" srcset=\"\/wp-content\/uploads\/2024\/03\/emotional-trading-feelings.png 472w, \/wp-content\/uploads\/2024\/03\/emotional-trading-feelings-300x175.png 300w, \/wp-content\/uploads\/2024\/03\/emotional-trading-feelings-18x12.png 18w\" sizes=\"(max-width: 472px) 100vw, 472px\" style=\"width:100%;height:58.47%;max-width:472px\" \/>\t\t\t\t\t\t\t\t\t\t\t\t\t\t\t<\/div>\n\t\t\t\t<\/div>\n\t\t\t\t<\/div>\n\t\t\t\t\t<\/div>\n\t\t\t\t<\/div>\n\t\t\t\t\t<\/div>\n\t\t\t\t<\/div>\n\t\t\t\t<\/div>\n\t\t<div class=\"elementor-element elementor-element-8063f82 e-flex e-con-boxed wpr-particle-no wpr-jarallax-no wpr-parallax-no wpr-sticky-section-no e-con e-parent\" data-id=\"8063f82\" data-element_type=\"container\">\n\t\t\t\t\t<div class=\"e-con-inner\">\n\t\t\t\t<div class=\"elementor-element elementor-element-ef45988 elementor-widget__width-initial elementor-widget elementor-widget-heading\" data-id=\"ef45988\" data-element_type=\"widget\" data-widget_type=\"heading.default\">\n\t\t\t\t<div class=\"elementor-widget-container\">\n\t\t\t\t\t<h2 class=\"elementor-heading-title elementor-size-default\">Trading emocional e comportamento do investidor<\/h2>\t\t\t\t<\/div>\n\t\t\t\t<\/div>\n\t\t<div class=\"elementor-element elementor-element-febd36d e-con-full e-flex wpr-particle-no wpr-jarallax-no wpr-parallax-no wpr-sticky-section-no e-con e-child\" data-id=\"febd36d\" data-element_type=\"container\">\n\t\t<div class=\"elementor-element elementor-element-3988f66 e-flex e-con-boxed wpr-particle-no wpr-jarallax-no wpr-parallax-no wpr-sticky-section-no e-con e-child\" data-id=\"3988f66\" data-element_type=\"container\">\n\t\t\t\t\t<div class=\"e-con-inner\">\n\t\t\t\t<div class=\"elementor-element elementor-element-4d52f70 elementor-widget elementor-widget-image\" data-id=\"4d52f70\" data-element_type=\"widget\" data-widget_type=\"image.default\">\n\t\t\t\t<div class=\"elementor-widget-container\">\n\t\t\t\t\t\t\t\t\t\t\t\t\t\t\t<img decoding=\"async\" width=\"410\" height=\"179\" src=\"\/wp-content\/uploads\/2024\/03\/investor-behaviour-decisions.png\" class=\"attachment-full size-full wp-image-25750\" alt=\"\" srcset=\"\/wp-content\/uploads\/2024\/03\/investor-behaviour-decisions.png 410w, \/wp-content\/uploads\/2024\/03\/investor-behaviour-decisions-300x131.png 300w, \/wp-content\/uploads\/2024\/03\/investor-behaviour-decisions-18x8.png 18w\" sizes=\"(max-width: 410px) 100vw, 410px\" style=\"width:100%;height:43.66%;max-width:410px\" \/>\t\t\t\t\t\t\t\t\t\t\t\t\t\t\t<\/div>\n\t\t\t\t<\/div>\n\t\t\t\t\t<\/div>\n\t\t\t\t<\/div>\n\t\t<div class=\"elementor-element elementor-element-971cde7 e-flex e-con-boxed wpr-particle-no wpr-jarallax-no wpr-parallax-no wpr-sticky-section-no e-con e-child\" data-id=\"971cde7\" data-element_type=\"container\">\n\t\t\t\t\t<div class=\"e-con-inner\">\n\t\t\t\t<div class=\"elementor-element elementor-element-369c314 elementor-widget elementor-widget-text-editor\" data-id=\"369c314\" data-element_type=\"widget\" data-widget_type=\"text-editor.default\">\n\t\t\t\t<div class=\"elementor-widget-container\">\n\t\t\t\t\t\t\t\t\t<p>Grande parte da investiga\u00e7\u00e3o sobre trading emocional centra-se no comportamento do investidor. \u00c9 uma tentativa de explicar as emo\u00e7\u00f5es sentidas pelos compradores e vendedores face ao dinheiro e de que forma elas condicionam as decis\u00f5es financeiras.<\/p><p class=\"translation-block\">De facto, ao perceber os impulsos comportamentais, em situa\u00e7\u00f5es de imprevisibilidade dos mercados, conseguimos mitigar uma m\u00e1 decis\u00e3o. Afinal, s\u00e3o os sentimentos de euforia e de tristeza que podem levar a resultados negativos, apesar de estarem em lados opostos da equa\u00e7\u00e3o.<\/p>\t\t\t\t\t\t\t\t<\/div>\n\t\t\t\t<\/div>\n\t\t\t\t\t<\/div>\n\t\t\t\t<\/div>\n\t\t\t\t<\/div>\n\t\t<div class=\"elementor-element elementor-element-fe72a71 e-con-full e-flex wpr-particle-no wpr-jarallax-no wpr-parallax-no wpr-sticky-section-no e-con e-child\" data-id=\"fe72a71\" data-element_type=\"container\">\n\t\t<div class=\"elementor-element elementor-element-d8fbdae e-flex e-con-boxed wpr-particle-no wpr-jarallax-no wpr-parallax-no wpr-sticky-section-no e-con e-child\" data-id=\"d8fbdae\" data-element_type=\"container\">\n\t\t\t\t\t<div class=\"e-con-inner\">\n\t\t\t\t<div class=\"elementor-element elementor-element-7043b5e elementor-widget elementor-widget-text-editor\" data-id=\"7043b5e\" data-element_type=\"widget\" data-widget_type=\"text-editor.default\">\n\t\t\t\t<div class=\"elementor-widget-container\">\n\t\t\t\t\t\t\t\t\t<p>Saber como lidar com as suas emo\u00e7\u00f5es, sejam elas de felicidade ou de tristeza, \u00e9 crucial para manter uma abordagem de trading equilibrada e estrat\u00e9gica.  Tamb\u00e9m implica, quando necess\u00e1rio, ultrapassar vieses cognitivos para reduzir as perdas, evitando que liga\u00e7\u00f5es emocionais toldem o discernimento.\u00a0<\/p><p>Os vieses mais comuns incluem o comportamento de manada, vazio emocional, autoatribui\u00e7\u00e3o, contabilidade mental e fixa\u00e7\u00e3o. Iremos abord\u00e1-los mais detalhadamente <a href=\"\/pt\/trading-psychology\/behavioural-finance\/\" target=\"_blank\" rel=\"noopener\">aqui.<\/a><\/p>\t\t\t\t\t\t\t\t<\/div>\n\t\t\t\t<\/div>\n\t\t\t\t\t<\/div>\n\t\t\t\t<\/div>\n\t\t<div class=\"elementor-element elementor-element-f68122c e-flex e-con-boxed wpr-particle-no wpr-jarallax-no wpr-parallax-no wpr-sticky-section-no e-con e-child\" data-id=\"f68122c\" data-element_type=\"container\">\n\t\t\t\t\t<div class=\"e-con-inner\">\n\t\t\t\t<div class=\"elementor-element elementor-element-5b0f1aa elementor-widget elementor-widget-image\" data-id=\"5b0f1aa\" data-element_type=\"widget\" data-widget_type=\"image.default\">\n\t\t\t\t<div class=\"elementor-widget-container\">\n\t\t\t\t\t\t\t\t\t\t\t\t\t\t\t<img decoding=\"async\" width=\"356\" height=\"263\" src=\"\/wp-content\/uploads\/2024\/03\/cognitive-biases-challenge.png\" class=\"attachment-full size-full wp-image-25751\" alt=\"\" srcset=\"\/wp-content\/uploads\/2024\/03\/cognitive-biases-challenge.png 356w, \/wp-content\/uploads\/2024\/03\/cognitive-biases-challenge-300x222.png 300w, \/wp-content\/uploads\/2024\/03\/cognitive-biases-challenge-16x12.png 16w\" sizes=\"(max-width: 356px) 100vw, 356px\" style=\"width:100%;height:73.88%;max-width:356px\" \/>\t\t\t\t\t\t\t\t\t\t\t\t\t\t\t<\/div>\n\t\t\t\t<\/div>\n\t\t\t\t\t<\/div>\n\t\t\t\t<\/div>\n\t\t\t\t<\/div>\n\t\t\t\t\t<\/div>\n\t\t\t\t<\/div>\n\t\t<div class=\"elementor-element elementor-element-44a5c0f e-flex e-con-boxed wpr-particle-no wpr-jarallax-no wpr-parallax-no wpr-sticky-section-no e-con e-parent\" data-id=\"44a5c0f\" data-element_type=\"container\">\n\t\t\t\t\t<div class=\"e-con-inner\">\n\t\t\t\t<div class=\"elementor-element elementor-element-9cbad14 elementor-widget__width-initial elementor-widget elementor-widget-heading\" data-id=\"9cbad14\" data-element_type=\"widget\" data-widget_type=\"heading.default\">\n\t\t\t\t<div class=\"elementor-widget-container\">\n\t\t\t\t\t<h2 class=\"elementor-heading-title elementor-size-default\">Estrat\u00e9gias para reduzir o risco do trading emocional<\/h2>\t\t\t\t<\/div>\n\t\t\t\t<\/div>\n\t\t<div class=\"elementor-element elementor-element-29611ea e-con-full e-flex wpr-particle-no wpr-jarallax-no wpr-parallax-no wpr-sticky-section-no e-con e-child\" data-id=\"29611ea\" data-element_type=\"container\">\n\t\t<div class=\"elementor-element elementor-element-a5d76d2 e-flex e-con-boxed wpr-particle-no wpr-jarallax-no wpr-parallax-no wpr-sticky-section-no e-con e-child\" data-id=\"a5d76d2\" data-element_type=\"container\">\n\t\t\t\t\t<div class=\"e-con-inner\">\n\t\t\t\t<div class=\"elementor-element elementor-element-93f2263 elementor-widget elementor-widget-text-editor\" data-id=\"93f2263\" data-element_type=\"widget\" data-widget_type=\"text-editor.default\">\n\t\t\t\t<div class=\"elementor-widget-container\">\n\t\t\t\t\t\t\t\t\t<p class=\"translation-block\">A negocia\u00e7\u00e3o emocional \u00e9 um desafio que faz parte dos mercados financeiros, independentemente do seu n\u00edvel de experi\u00eancia. \u00c9 mais f\u00e1cil manter a objetividade e controlar as suas emo\u00e7\u00f5es se implementar uma abordagem de trading resiliente e disciplinada. H\u00e1 v\u00e1rias formas de o fazer.<\/p><p>\u00a0<\/p><p>\u00a0<\/p><p>Pense, por exemplo, em seguir um plano pr\u00e9-definido que lhe d\u00ea um enquadramento racional das suas atividades. Certifique-se que esse plano define pontos sens\u00edveis de entrada e de sa\u00edda e objetivos de lucro. De forma a proteger o seu capital e limitar as perdas, lembre-se sempre de utilizar ferramentas de gest\u00e3o de risco eficazes.<\/p><p>\u00a0<\/p><p>\u00a0<\/p><p class=\"translation-block\">Outro fator importante \u00e9 a diversifica\u00e7\u00e3o. Reparte os riscos e evita a liga\u00e7\u00e3o emocional a determinados investimentos. Tenha uma s\u00f3lida compreens\u00e3o dos mercados e dos fatores que dinamizam tend\u00eancias altistas e baixistas. O conhecimento e a informa\u00e7\u00e3o s\u00e3o cruciais para a tomada de decis\u00f5es objetivas e n\u00e3o subjetivas.<\/p>\t\t\t\t\t\t\t\t<\/div>\n\t\t\t\t<\/div>\n\t\t\t\t\t<\/div>\n\t\t\t\t<\/div>\n\t\t<div class=\"elementor-element elementor-element-d247afc e-flex e-con-boxed wpr-particle-no wpr-jarallax-no wpr-parallax-no wpr-sticky-section-no e-con e-child\" data-id=\"d247afc\" data-element_type=\"container\">\n\t\t\t\t\t<div class=\"e-con-inner\">\n\t\t\t\t<div class=\"elementor-element elementor-element-225eb6c elementor-widget elementor-widget-image\" data-id=\"225eb6c\" data-element_type=\"widget\" data-widget_type=\"image.default\">\n\t\t\t\t<div class=\"elementor-widget-container\">\n\t\t\t\t\t\t\t\t\t\t\t\t\t\t\t<img loading=\"lazy\" decoding=\"async\" width=\"485\" height=\"419\" src=\"\/wp-content\/uploads\/2024\/03\/strategies-risk-investments.png\" class=\"attachment-full size-full wp-image-25859\" alt=\"\" srcset=\"\/wp-content\/uploads\/2024\/03\/strategies-risk-investments.png 485w, \/wp-content\/uploads\/2024\/03\/strategies-risk-investments-300x259.png 300w, \/wp-content\/uploads\/2024\/03\/strategies-risk-investments-14x12.png 14w\" sizes=\"(max-width: 485px) 100vw, 485px\" style=\"width:100%;height:86.39%;max-width:485px\" \/>\t\t\t\t\t\t\t\t\t\t\t\t\t\t\t<\/div>\n\t\t\t\t<\/div>\n\t\t\t\t\t<\/div>\n\t\t\t\t<\/div>\n\t\t\t\t<\/div>\n\t\t\t\t\t<\/div>\n\t\t\t\t<\/div>\n\t\t<div class=\"elementor-element elementor-element-2a33049 e-flex e-con-boxed wpr-particle-no wpr-jarallax-no wpr-parallax-no wpr-sticky-section-no e-con e-parent\" data-id=\"2a33049\" data-element_type=\"container\">\n\t\t\t\t\t<div class=\"e-con-inner\">\n\t\t<div class=\"elementor-element elementor-element-e42a6aa e-con-full e-flex wpr-particle-no wpr-jarallax-no wpr-parallax-no wpr-sticky-section-no e-con e-child\" data-id=\"e42a6aa\" data-element_type=\"container\" data-settings=\"{&quot;background_background&quot;:&quot;classic&quot;}\">\n\t\t\t\t<div class=\"elementor-element elementor-element-c25bd50 elementor-widget__width-initial elementor-widget elementor-widget-heading\" data-id=\"c25bd50\" data-element_type=\"widget\" data-widget_type=\"heading.default\">\n\t\t\t\t<div class=\"elementor-widget-container\">\n\t\t\t\t\t<h2 class=\"elementor-heading-title elementor-size-default\">Negociar sem emo\u00e7\u00f5es \u00e9 uma tarefa dif\u00edcil. Mas n\u00e3o \u00e9 imposs\u00edvel.<\/h2>\t\t\t\t<\/div>\n\t\t\t\t<\/div>\n\t\t\t\t<div class=\"elementor-element elementor-element-8978aa7 elementor-widget__width-initial elementor-widget elementor-widget-text-editor\" data-id=\"8978aa7\" data-element_type=\"widget\" data-widget_type=\"text-editor.default\">\n\t\t\t\t<div class=\"elementor-widget-container\">\n\t\t\t\t\t\t\t\t\t<p>Dedique o tempo necess\u00e1rio para tomar consci\u00eancia dos seus comportamentos e compreender a sua pr\u00f3pria toler\u00e2ncia ao risco. Isto \u00e9 fundamental para que possa gerir, de forma eficaz, o impacto negativo do trading emocional.<\/p>\t\t\t\t\t\t\t\t<\/div>\n\t\t\t\t<\/div>\n\t\t\t\t<\/div>\n\t\t\t\t\t<\/div>\n\t\t\t\t<\/div>\n\t\t\t\t<\/div>","protected":false},"excerpt":{"rendered":"<p>Emotional Trading Emotional trading is a fundamental part of trading psychology. Also known as emotional investing, it pertains&#8230;<\/p>","protected":false},"author":19,"featured_media":0,"parent":25484,"menu_order":0,"comment_status":"closed","ping_status":"closed","template":"elementor_header_footer","meta":{"_acf_changed":false,"inline_featured_image":false,"footnotes":""},"class_list":["post-25580","page","type-page","status-publish","hentry","entry"],"acf":[],"yoast_head":"<!-- This site is optimized with the Yoast SEO Premium plugin v26.2 (Yoast SEO v26.5) - https:\/\/yoast.com\/wordpress\/plugins\/seo\/ -->\n<title>Emotional Trading - T4Trade<\/title>\n<meta name=\"description\" content=\"We explore the fundamental premise ofemotional trading and its impact on financial decisionmaking.\" \/>\n<meta name=\"robots\" content=\"index, follow, max-snippet:-1, max-image-preview:large, max-video-preview:-1\" \/>\n<link rel=\"canonical\" href=\"https:\/\/www.t4trade.com\/pt\/wp-json\/wp\/v2\/pages\/25580\/\" \/>\n<meta property=\"og:locale\" content=\"pt_PT\" \/>\n<meta property=\"og:type\" content=\"article\" \/>\n<meta property=\"og:title\" content=\"Emotional Trading\" \/>\n<meta property=\"og:description\" content=\"We explore the fundamental premise ofemotional trading and its impact on financial decisionmaking.\" \/>\n<meta property=\"og:url\" content=\"https:\/\/www.t4trade-cn.com\/pt\/trading-psychology\/emotional-trading\/\" \/>\n<meta property=\"og:site_name\" content=\"T4Trade\" \/>\n<meta property=\"article:modified_time\" content=\"2024-07-22T13:25:45+00:00\" \/>\n<meta name=\"twitter:card\" content=\"summary_large_image\" \/>\n<meta name=\"twitter:label1\" content=\"Tempo estimado de leitura\" \/>\n\t<meta name=\"twitter:data1\" content=\"3 minutos\" \/>\n<script type=\"application\/ld+json\" class=\"yoast-schema-graph\">{\"@context\":\"https:\/\/schema.org\",\"@graph\":[{\"@type\":\"WebPage\",\"@id\":\"https:\/\/www.t4trade-cn.com\/pt\/trading-psychology\/emotional-trading\/\",\"url\":\"https:\/\/www.t4trade-cn.com\/pt\/trading-psychology\/emotional-trading\/\",\"name\":\"Emotional Trading - T4Trade\",\"isPartOf\":{\"@id\":\"https:\/\/www.t4trade-cn.com\/pt\/#website\"},\"datePublished\":\"2024-03-25T12:48:05+00:00\",\"dateModified\":\"2024-07-22T13:25:45+00:00\",\"description\":\"We explore the fundamental premise ofemotional trading and its impact on financial decisionmaking.\",\"breadcrumb\":{\"@id\":\"https:\/\/www.t4trade-cn.com\/pt\/trading-psychology\/emotional-trading\/#breadcrumb\"},\"inLanguage\":\"pt-PT\",\"potentialAction\":[{\"@type\":\"ReadAction\",\"target\":[\"https:\/\/www.t4trade-cn.com\/pt\/trading-psychology\/emotional-trading\/\"]}]},{\"@type\":\"BreadcrumbList\",\"@id\":\"https:\/\/www.t4trade-cn.com\/pt\/trading-psychology\/emotional-trading\/#breadcrumb\",\"itemListElement\":[{\"@type\":\"ListItem\",\"position\":1,\"name\":\"Home\",\"item\":\"https:\/\/www.t4trade-cn.com\/pt\/\"},{\"@type\":\"ListItem\",\"position\":2,\"name\":\"Trading Psychology\",\"item\":\"https:\/\/www.t4trade-cn.com\/pt\/trading-psychology\/\"},{\"@type\":\"ListItem\",\"position\":3,\"name\":\"Emotional Trading\"}]},{\"@type\":\"WebSite\",\"@id\":\"https:\/\/www.t4trade-cn.com\/pt\/#website\",\"url\":\"https:\/\/www.t4trade-cn.com\/pt\/\",\"name\":\"T4Trade\",\"description\":\"\",\"publisher\":{\"@id\":\"https:\/\/www.t4trade-cn.com\/pt\/#organization\"},\"potentialAction\":[{\"@type\":\"SearchAction\",\"target\":{\"@type\":\"EntryPoint\",\"urlTemplate\":\"https:\/\/www.t4trade-cn.com\/pt\/?s={search_term_string}\"},\"query-input\":{\"@type\":\"PropertyValueSpecification\",\"valueRequired\":true,\"valueName\":\"search_term_string\"}}],\"inLanguage\":\"pt-PT\"},{\"@type\":\"Organization\",\"@id\":\"https:\/\/www.t4trade-cn.com\/pt\/#organization\",\"name\":\"T4Trade\",\"url\":\"https:\/\/www.t4trade-cn.com\/pt\/\",\"logo\":{\"@type\":\"ImageObject\",\"inLanguage\":\"pt-PT\",\"@id\":\"https:\/\/www.t4trade-cn.com\/pt\/#\/schema\/logo\/image\/\",\"url\":\"\/wp-content\/uploads\/2021\/10\/Group.svg\",\"contentUrl\":\"\/wp-content\/uploads\/2021\/10\/Group.svg\",\"width\":145,\"height\":33,\"caption\":\"T4Trade\"},\"image\":{\"@id\":\"https:\/\/www.t4trade-cn.com\/pt\/#\/schema\/logo\/image\/\"}}]}<\/script>\n<!-- \/ Yoast SEO Premium plugin. -->","yoast_head_json":{"title":"Trading emocional e comportamento do investidor - T4Trade.","description":"Vamos descobrir o princ\u00edpio fundamental do trading emocional e qual o seu impacto na tomada de decis\u00f5es financeiras.","robots":{"index":"index","follow":"follow","max-snippet":"max-snippet:-1","max-image-preview":"max-image-preview:large","max-video-preview":"max-video-preview:-1"},"canonical":"https:\/\/www.t4trade.com\/pt\/wp-json\/wp\/v2\/pages\/25580\/","og_locale":"pt_PT","og_type":"article","og_title":"Emotional Trading","og_description":"We explore the fundamental premise ofemotional trading and its impact on financial decisionmaking.","og_url":"https:\/\/www.t4trade-cn.com\/pt\/trading-psychology\/emotional-trading\/","og_site_name":"T4Trade","article_modified_time":"2024-07-22T13:25:45+00:00","twitter_card":"summary_large_image","twitter_misc":{"Tempo estimado de leitura":"3 minutos"},"schema":{"@context":"https:\/\/schema.org","@graph":[{"@type":"WebPage","@id":"https:\/\/www.t4trade-cn.com\/pt\/trading-psychology\/emotional-trading\/","url":"https:\/\/www.t4trade-cn.com\/pt\/trading-psychology\/emotional-trading\/","name":"Trading emocional e comportamento do investidor - T4Trade.","isPartOf":{"@id":"https:\/\/www.t4trade-cn.com\/pt\/#website"},"datePublished":"2024-03-25T12:48:05+00:00","dateModified":"2024-07-22T13:25:45+00:00","description":"Vamos descobrir o princ\u00edpio fundamental do trading emocional e qual o seu impacto na tomada de decis\u00f5es financeiras.","breadcrumb":{"@id":"https:\/\/www.t4trade-cn.com\/pt\/trading-psychology\/emotional-trading\/#breadcrumb"},"inLanguage":"pt-PT","potentialAction":[{"@type":"ReadAction","target":["https:\/\/www.t4trade-cn.com\/pt\/trading-psychology\/emotional-trading\/"]}]},{"@type":"BreadcrumbList","@id":"https:\/\/www.t4trade-cn.com\/pt\/trading-psychology\/emotional-trading\/#breadcrumb","itemListElement":[{"@type":"ListItem","position":1,"name":"Home","item":"https:\/\/www.t4trade-cn.com\/pt\/"},{"@type":"ListItem","position":2,"name":"Trading Psychology","item":"https:\/\/www.t4trade-cn.com\/pt\/trading-psychology\/"},{"@type":"ListItem","position":3,"name":"Emotional Trading"}]},{"@type":"WebSite","@id":"https:\/\/www.t4trade-cn.com\/pt\/#website","url":"https:\/\/www.t4trade-cn.com\/pt\/","name":"T4Trade","description":"","publisher":{"@id":"https:\/\/www.t4trade-cn.com\/pt\/#organization"},"potentialAction":[{"@type":"SearchAction","target":{"@type":"EntryPoint","urlTemplate":"https:\/\/www.t4trade-cn.com\/pt\/?s={search_term_string}"},"query-input":{"@type":"PropertyValueSpecification","valueRequired":true,"valueName":"search_term_string"}}],"inLanguage":"pt-PT"},{"@type":"Organization","@id":"https:\/\/www.t4trade-cn.com\/pt\/#organization","name":"T4Trade","url":"https:\/\/www.t4trade-cn.com\/pt\/","logo":{"@type":"ImageObject","inLanguage":"pt-PT","@id":"https:\/\/www.t4trade-cn.com\/pt\/#\/schema\/logo\/image\/","url":"\/wp-content\/uploads\/2021\/10\/Group.svg","contentUrl":"\/wp-content\/uploads\/2021\/10\/Group.svg","width":145,"height":33,"caption":"T4Trade"},"image":{"@id":"https:\/\/www.t4trade-cn.com\/pt\/#\/schema\/logo\/image\/"}}]}},"_links":{"self":[{"href":"https:\/\/www.t4trade-cn.com\/pt\/wp-json\/wp\/v2\/pages\/25580","targetHints":{"allow":["GET"]}}],"collection":[{"href":"https:\/\/www.t4trade-cn.com\/pt\/wp-json\/wp\/v2\/pages"}],"about":[{"href":"https:\/\/www.t4trade-cn.com\/pt\/wp-json\/wp\/v2\/types\/page"}],"author":[{"embeddable":true,"href":"https:\/\/www.t4trade-cn.com\/pt\/wp-json\/wp\/v2\/users\/19"}],"replies":[{"embeddable":true,"href":"https:\/\/www.t4trade-cn.com\/pt\/wp-json\/wp\/v2\/comments?post=25580"}],"version-history":[{"count":10,"href":"https:\/\/www.t4trade-cn.com\/pt\/wp-json\/wp\/v2\/pages\/25580\/revisions"}],"predecessor-version":[{"id":29153,"href":"https:\/\/www.t4trade-cn.com\/pt\/wp-json\/wp\/v2\/pages\/25580\/revisions\/29153"}],"up":[{"embeddable":true,"href":"https:\/\/www.t4trade-cn.com\/pt\/wp-json\/wp\/v2\/pages\/25484"}],"wp:attachment":[{"href":"https:\/\/www.t4trade-cn.com\/pt\/wp-json\/wp\/v2\/media?parent=25580"}],"curies":[{"name":"wp","href":"https:\/\/api.w.org\/{rel}","templated":true}]}}