{"id":11610,"date":"2022-06-15T06:23:49","date_gmt":"2022-06-15T06:23:49","guid":{"rendered":"https:\/\/t4t-com-php8.wp-dev.int.theitops.net\/?page_id=11610"},"modified":"2024-03-25T12:23:16","modified_gmt":"2024-03-25T10:23:16","slug":"client-testimonials","status":"publish","type":"page","link":"https:\/\/www.t4trade-cn.com\/vi\/t4trade\/client-testimonials\/","title":{"rendered":"Kh\u00e1ch h\u00e0ng ch\u1ee9ng th\u1ef1c"},"content":{"rendered":"<div data-elementor-type=\"wp-page\" data-elementor-id=\"11610\" class=\"elementor elementor-11610\" data-elementor-post-type=\"page\">\n\t\t\t\t\t\t<section class=\"elementor-section elementor-top-section elementor-element elementor-element-2cd6308 elementor-section-stretched elementor-section-height-min-height elementor-section-items-bottom elementor-section-boxed elementor-section-height-default wpr-particle-no wpr-jarallax-no wpr-parallax-no wpr-sticky-section-no\" data-id=\"2cd6308\" data-element_type=\"section\" data-settings=\"{&quot;stretch_section&quot;:&quot;section-stretched&quot;,&quot;background_background&quot;:&quot;classic&quot;}\">\n\t\t\t\t\t\t\t<div class=\"elementor-background-overlay\"><\/div>\n\t\t\t\t\t\t\t<div class=\"elementor-container elementor-column-gap-default\">\n\t\t\t\t\t<div class=\"elementor-column elementor-col-50 elementor-top-column elementor-element elementor-element-520b8a0 elementor-invisible\" data-id=\"520b8a0\" data-element_type=\"column\" data-settings=\"{&quot;animation&quot;:&quot;fadeInUp&quot;,&quot;animation_tablet&quot;:&quot;fadeInUp&quot;,&quot;animation_mobile&quot;:&quot;fadeInUp&quot;,&quot;background_background&quot;:&quot;classic&quot;}\">\n\t\t\t<div class=\"elementor-widget-wrap elementor-element-populated\">\n\t\t\t\t\t\t<div class=\"elementor-element elementor-element-986381c client-testimonials-class elementor-widget elementor-widget-heading\" data-id=\"986381c\" data-element_type=\"widget\" data-widget_type=\"heading.default\">\n\t\t\t\t<div class=\"elementor-widget-container\">\n\t\t\t\t\t<h1 class=\"elementor-heading-title elementor-size-default\">Kh\u00e1ch h\u00e0ng ch\u1ee9ng th\u1ef1c<\/h1>\t\t\t\t<\/div>\n\t\t\t\t<\/div>\n\t\t\t\t<div class=\"elementor-element elementor-element-ddbc503 elementor-widget elementor-widget-heading\" data-id=\"ddbc503\" data-element_type=\"widget\" data-widget_type=\"heading.default\">\n\t\t\t\t<div class=\"elementor-widget-container\">\n\t\t\t\t\t<h2 class=\"elementor-heading-title elementor-size-default\">B\u1ea1n l\u00e0 tr\u1ecdng t\u00e2m<\/h2>\t\t\t\t<\/div>\n\t\t\t\t<\/div>\n\t\t\t\t<div class=\"elementor-element elementor-element-fbd1ab8 elementor-widget elementor-widget-text-editor\" data-id=\"fbd1ab8\" data-element_type=\"widget\" data-widget_type=\"text-editor.default\">\n\t\t\t\t<div class=\"elementor-widget-container\">\n\t\t\t\t\t\t\t\t\t<p>Ch\u00fang t\u00f4i t\u1eadn t\u00e2m \u0111\u1ec3 hi\u1ec3u con \u0111\u01b0\u1eddng c\u1ee7a kh\u00e1ch h\u00e0ng v\u00e0 gi\u00fap h\u1ecd th\u00e0nh c\u00f4ng. Ph\u1ea3n h\u1ed3i c\u1ee7a b\u1ea1n gi\u00fap ch\u00fang t\u00f4i c\u1ea3i thi\u1ec7n h\u01a1n v\u00e0 cung c\u1ea5p c\u00e1c d\u1ecbch v\u1ee5 c\u00f3 gi\u00e1 tr\u1ecb h\u01a1n.<\/p>\t\t\t\t\t\t\t\t<\/div>\n\t\t\t\t<\/div>\n\t\t\t\t\t<\/div>\n\t\t<\/div>\n\t\t\t\t<div class=\"elementor-column elementor-col-50 elementor-top-column elementor-element elementor-element-c514ce1 elementor-invisible\" data-id=\"c514ce1\" data-element_type=\"column\" data-settings=\"{&quot;animation&quot;:&quot;fadeInRight&quot;,&quot;animation_tablet&quot;:&quot;fadeInRight&quot;,&quot;animation_mobile&quot;:&quot;fadeInUp&quot;}\">\n\t\t\t<div class=\"elementor-widget-wrap elementor-element-populated\">\n\t\t\t\t\t\t<div class=\"elementor-element elementor-element-45530a3 elementor-widget elementor-widget-image\" data-id=\"45530a3\" data-element_type=\"widget\" data-widget_type=\"image.default\">\n\t\t\t\t<div class=\"elementor-widget-container\">\n\t\t\t\t\t\t\t\t\t\t\t\t\t\t\t<img fetchpriority=\"high\" decoding=\"async\" width=\"691\" height=\"618\" src=\"\/wp-content\/uploads\/2022\/06\/client-testimonials-feedback.png\" class=\"attachment-large size-large wp-image-11776\" alt=\"\" style=\"width:100%;height:89.44%;max-width:691px\" \/>\t\t\t\t\t\t\t\t\t\t\t\t\t\t\t<\/div>\n\t\t\t\t<\/div>\n\t\t\t\t\t<\/div>\n\t\t<\/div>\n\t\t\t\t\t<\/div>\n\t\t<\/section>\n\t\t\t\t<section class=\"elementor-section elementor-top-section elementor-element elementor-element-0970f76 elementor-section-stretched elementor-section-full_width elementor-hidden-mobile elementor-section-height-default elementor-section-height-default wpr-particle-no wpr-jarallax-no wpr-parallax-no wpr-sticky-section-no\" data-id=\"0970f76\" data-element_type=\"section\" data-settings=\"{&quot;stretch_section&quot;:&quot;section-stretched&quot;,&quot;background_background&quot;:&quot;classic&quot;}\">\n\t\t\t\t\t\t<div class=\"elementor-container elementor-column-gap-default\">\n\t\t\t\t\t<div class=\"elementor-column elementor-col-100 elementor-top-column elementor-element elementor-element-3c20a10\" data-id=\"3c20a10\" data-element_type=\"column\">\n\t\t\t<div class=\"elementor-widget-wrap elementor-element-populated\">\n\t\t\t\t\t\t<div class=\"elementor-element elementor-element-05b4806 elementor-widget elementor-widget-image\" data-id=\"05b4806\" data-element_type=\"widget\" data-widget_type=\"image.default\">\n\t\t\t\t<div class=\"elementor-widget-container\">\n\t\t\t\t\t\t\t\t\t\t\t\t\t\t\t<img decoding=\"async\" width=\"738\" height=\"657\" src=\"\/wp-content\/uploads\/2021\/10\/Vector.png\" class=\"attachment-large size-large wp-image-48\" alt=\"T4Trade Logo on a Black Background: A Striking Emblem of Financial Excellence and Trading Precision\" style=\"width:100%;height:89.02%;max-width:738px\" \/>\t\t\t\t\t\t\t\t\t\t\t\t\t\t\t<\/div>\n\t\t\t\t<\/div>\n\t\t\t\t<div class=\"elementor-element elementor-element-d248fbd elementor-widget elementor-widget-image\" data-id=\"d248fbd\" data-element_type=\"widget\" data-widget_type=\"image.default\">\n\t\t\t\t<div class=\"elementor-widget-container\">\n\t\t\t\t\t\t\t\t\t\t\t\t\t\t\t<img decoding=\"async\" width=\"640\" height=\"641\" src=\"\/wp-content\/uploads\/2021\/10\/Ellipse-21-1.png\" class=\"attachment-large size-large wp-image-151\" alt=\"Blue circle on black background\" style=\"width:100%;height:100.16%;max-width:640px\" \/>\t\t\t\t\t\t\t\t\t\t\t\t\t\t\t<\/div>\n\t\t\t\t<\/div>\n\t\t\t\t<div class=\"elementor-element elementor-element-a5145ae elementor-hidden-mobile elementor-widget elementor-widget-image\" data-id=\"a5145ae\" data-element_type=\"widget\" data-widget_type=\"image.default\">\n\t\t\t\t<div class=\"elementor-widget-container\">\n\t\t\t\t\t\t\t\t\t\t\t\t\t\t\t<img loading=\"lazy\" decoding=\"async\" width=\"531\" height=\"531\" src=\"\/wp-content\/uploads\/2021\/10\/Ellipse-22.png\" class=\"attachment-large size-large wp-image-504\" alt=\"a red cycle with black background\" style=\"width:100%;height:100%;max-width:531px\" \/>\t\t\t\t\t\t\t\t\t\t\t\t\t\t\t<\/div>\n\t\t\t\t<\/div>\n\t\t\t\t<div class=\"elementor-element elementor-element-5950f05 elementor-hidden-mobile elementor-widget elementor-widget-image\" data-id=\"5950f05\" data-element_type=\"widget\" data-widget_type=\"image.default\">\n\t\t\t\t<div class=\"elementor-widget-container\">\n\t\t\t\t\t\t\t\t\t\t\t\t\t\t\t<img loading=\"lazy\" decoding=\"async\" width=\"357\" height=\"619\" src=\"\/wp-content\/uploads\/2021\/10\/Ellipse-24.png\" class=\"attachment-large size-large wp-image-66\" alt=\"Blue Cycle on Black: A Symbol of Endless Motion\" style=\"width:100%;height:173.39%;max-width:357px\" \/>\t\t\t\t\t\t\t\t\t\t\t\t\t\t\t<\/div>\n\t\t\t\t<\/div>\n\t\t\t\t\t<\/div>\n\t\t<\/div>\n\t\t\t\t\t<\/div>\n\t\t<\/section>\n\t\t\t\t<section class=\"elementor-section elementor-top-section elementor-element elementor-element-5eed09f elementor-section-boxed elementor-section-height-default elementor-section-height-default wpr-particle-no wpr-jarallax-no wpr-parallax-no wpr-sticky-section-no\" data-id=\"5eed09f\" data-element_type=\"section\" data-settings=\"{&quot;background_background&quot;:&quot;classic&quot;}\">\n\t\t\t\t\t\t<div class=\"elementor-container elementor-column-gap-default\">\n\t\t\t\t\t<div class=\"elementor-column elementor-col-100 elementor-top-column elementor-element elementor-element-07a978d\" data-id=\"07a978d\" data-element_type=\"column\">\n\t\t\t<div class=\"elementor-widget-wrap elementor-element-populated\">\n\t\t\t\t\t\t<div class=\"elementor-element elementor-element-847ee83 elementor-widget elementor-widget-heading\" data-id=\"847ee83\" data-element_type=\"widget\" data-widget_type=\"heading.default\">\n\t\t\t\t<div class=\"elementor-widget-container\">\n\t\t\t\t\t<h2 class=\"elementor-heading-title elementor-size-default\">C\u00e2u chuy\u1ec7n kh\u00e1ch h\u00e0ng<\/h2>\t\t\t\t<\/div>\n\t\t\t\t<\/div>\n\t\t\t\t<section class=\"elementor-section elementor-inner-section elementor-element elementor-element-929cc76 elementor-section-boxed elementor-section-height-default elementor-section-height-default wpr-particle-no wpr-jarallax-no wpr-parallax-no wpr-sticky-section-no\" data-id=\"929cc76\" data-element_type=\"section\">\n\t\t\t\t\t\t<div class=\"elementor-container elementor-column-gap-default\">\n\t\t\t\t\t<div class=\"elementor-column elementor-col-25 elementor-inner-column elementor-element elementor-element-aa5bf8b\" data-id=\"aa5bf8b\" data-element_type=\"column\" data-settings=\"{&quot;background_background&quot;:&quot;classic&quot;}\">\n\t\t\t<div class=\"elementor-widget-wrap elementor-element-populated\">\n\t\t\t\t\t\t<div class=\"elementor-element elementor-element-b18f37e elementor-widget elementor-widget-text-editor\" data-id=\"b18f37e\" data-element_type=\"widget\" data-widget_type=\"text-editor.default\">\n\t\t\t\t<div class=\"elementor-widget-container\">\n\t\t\t\t\t\t\t\t\t<p>Kayla<\/p>\t\t\t\t\t\t\t\t<\/div>\n\t\t\t\t<\/div>\n\t\t\t\t<div class=\"elementor-element elementor-element-1085c03 elementor-widget elementor-widget-image\" data-id=\"1085c03\" data-element_type=\"widget\" data-widget_type=\"image.default\">\n\t\t\t\t<div class=\"elementor-widget-container\">\n\t\t\t\t\t\t\t\t\t\t\t\t\t\t\t<img loading=\"lazy\" decoding=\"async\" width=\"128\" height=\"24\" src=\"\/wp-content\/uploads\/2022\/06\/Trustpilot-ratings-5star-RGB.png\" class=\"attachment-large size-large wp-image-11777\" alt=\"\" style=\"width:100%;height:18.75%;max-width:128px\" \/>\t\t\t\t\t\t\t\t\t\t\t\t\t\t\t<\/div>\n\t\t\t\t<\/div>\n\t\t\t\t<div class=\"elementor-element elementor-element-658a025 elementor-widget elementor-widget-image\" data-id=\"658a025\" data-element_type=\"widget\" data-widget_type=\"image.default\">\n\t\t\t\t<div class=\"elementor-widget-container\">\n\t\t\t\t\t<style>.elementor-element-658a025{display:none !important}<\/style>\t\t\t\t<\/div>\n\t\t\t\t<\/div>\n\t\t\t\t<div class=\"elementor-element elementor-element-f8d1815 elementor-widget elementor-widget-text-editor\" data-id=\"f8d1815\" data-element_type=\"widget\" data-widget_type=\"text-editor.default\">\n\t\t\t\t<div class=\"elementor-widget-container\">\n\t\t\t\t\t\t\t\t\t<p>Happy<\/p><p>Good Service *****<\/p>\t\t\t\t\t\t\t\t<\/div>\n\t\t\t\t<\/div>\n\t\t\t\t\t<\/div>\n\t\t<\/div>\n\t\t\t\t<div class=\"elementor-column elementor-col-25 elementor-inner-column elementor-element elementor-element-437186c\" data-id=\"437186c\" data-element_type=\"column\" data-settings=\"{&quot;background_background&quot;:&quot;classic&quot;}\">\n\t\t\t<div class=\"elementor-widget-wrap elementor-element-populated\">\n\t\t\t\t\t\t<div class=\"elementor-element elementor-element-2e32979 elementor-widget elementor-widget-text-editor\" data-id=\"2e32979\" data-element_type=\"widget\" data-widget_type=\"text-editor.default\">\n\t\t\t\t<div class=\"elementor-widget-container\">\n\t\t\t\t\t\t\t\t\t<p>Helen<\/p>\t\t\t\t\t\t\t\t<\/div>\n\t\t\t\t<\/div>\n\t\t\t\t<div class=\"elementor-element elementor-element-470bb85 elementor-widget elementor-widget-image\" data-id=\"470bb85\" data-element_type=\"widget\" data-widget_type=\"image.default\">\n\t\t\t\t<div class=\"elementor-widget-container\">\n\t\t\t\t\t\t\t\t\t\t\t\t\t\t\t<img loading=\"lazy\" decoding=\"async\" width=\"128\" height=\"24\" src=\"\/wp-content\/uploads\/2022\/06\/Trustpilot-ratings-5star-RGB.png\" class=\"attachment-large size-large wp-image-11777\" alt=\"\" style=\"width:100%;height:18.75%;max-width:128px\" \/>\t\t\t\t\t\t\t\t\t\t\t\t\t\t\t<\/div>\n\t\t\t\t<\/div>\n\t\t\t\t<div class=\"elementor-element elementor-element-5f04c20 elementor-widget elementor-widget-image\" data-id=\"5f04c20\" data-element_type=\"widget\" data-widget_type=\"image.default\">\n\t\t\t\t<div class=\"elementor-widget-container\">\n\t\t\t\t\t<style>.elementor-element-5f04c20{display:none !important}<\/style>\t\t\t\t<\/div>\n\t\t\t\t<\/div>\n\t\t\t\t<div class=\"elementor-element elementor-element-f22aece elementor-widget elementor-widget-text-editor\" data-id=\"f22aece\" data-element_type=\"widget\" data-widget_type=\"text-editor.default\">\n\t\t\t\t<div class=\"elementor-widget-container\">\n\t\t\t\t\t\t\t\t\t<p>R\u1ea5t t\u1ed1t \u0111\u1ec3 m\u1edf m\u1ed9t t\u00e0i kho\u1ea3nt.<\/p><p>D\u1ecbch v\u1ee5 tuy\u1ec7t v\u1eddi.*****<\/p>\t\t\t\t\t\t\t\t<\/div>\n\t\t\t\t<\/div>\n\t\t\t\t\t<\/div>\n\t\t<\/div>\n\t\t\t\t<div class=\"elementor-column elementor-col-25 elementor-inner-column elementor-element elementor-element-e68c54d\" data-id=\"e68c54d\" data-element_type=\"column\" data-settings=\"{&quot;background_background&quot;:&quot;classic&quot;}\">\n\t\t\t<div class=\"elementor-widget-wrap elementor-element-populated\">\n\t\t\t\t\t\t<div class=\"elementor-element elementor-element-32d6918 elementor-widget elementor-widget-text-editor\" data-id=\"32d6918\" data-element_type=\"widget\" data-widget_type=\"text-editor.default\">\n\t\t\t\t<div class=\"elementor-widget-container\">\n\t\t\t\t\t\t\t\t\t<p>Sheila<\/p>\t\t\t\t\t\t\t\t<\/div>\n\t\t\t\t<\/div>\n\t\t\t\t<div class=\"elementor-element elementor-element-9da0a29 elementor-widget elementor-widget-image\" data-id=\"9da0a29\" data-element_type=\"widget\" data-widget_type=\"image.default\">\n\t\t\t\t<div class=\"elementor-widget-container\">\n\t\t\t\t\t\t\t\t\t\t\t\t\t\t\t<img loading=\"lazy\" decoding=\"async\" width=\"128\" height=\"24\" src=\"\/wp-content\/uploads\/2022\/06\/Trustpilot-ratings-5star-RGB.png\" class=\"attachment-large size-large wp-image-11777\" alt=\"\" style=\"width:100%;height:18.75%;max-width:128px\" \/>\t\t\t\t\t\t\t\t\t\t\t\t\t\t\t<\/div>\n\t\t\t\t<\/div>\n\t\t\t\t<div class=\"elementor-element elementor-element-632d009 elementor-widget elementor-widget-image\" data-id=\"632d009\" data-element_type=\"widget\" data-widget_type=\"image.default\">\n\t\t\t\t<div class=\"elementor-widget-container\">\n\t\t\t\t\t<style>.elementor-element-632d009{display:none !important}<\/style>\t\t\t\t<\/div>\n\t\t\t\t<\/div>\n\t\t\t\t<div class=\"elementor-element elementor-element-d551ca9 elementor-widget elementor-widget-text-editor\" data-id=\"d551ca9\" data-element_type=\"widget\" data-widget_type=\"text-editor.default\">\n\t\t\t\t<div class=\"elementor-widget-container\">\n\t\t\t\t\t\t\t\t\t<p>T\u1ed1t.<\/p><p>C\u00f4ng ty t\u1ed1t *****<\/p>\t\t\t\t\t\t\t\t<\/div>\n\t\t\t\t<\/div>\n\t\t\t\t\t<\/div>\n\t\t<\/div>\n\t\t\t\t<div class=\"elementor-column elementor-col-25 elementor-inner-column elementor-element elementor-element-0da3a84\" data-id=\"0da3a84\" data-element_type=\"column\" data-settings=\"{&quot;background_background&quot;:&quot;classic&quot;}\">\n\t\t\t<div class=\"elementor-widget-wrap elementor-element-populated\">\n\t\t\t\t\t\t<div class=\"elementor-element elementor-element-5e0027e elementor-widget elementor-widget-text-editor\" data-id=\"5e0027e\" data-element_type=\"widget\" data-widget_type=\"text-editor.default\">\n\t\t\t\t<div class=\"elementor-widget-container\">\n\t\t\t\t\t\t\t\t\t<p>Tim<\/p>\t\t\t\t\t\t\t\t<\/div>\n\t\t\t\t<\/div>\n\t\t\t\t<div class=\"elementor-element elementor-element-fc16d55 elementor-widget elementor-widget-image\" data-id=\"fc16d55\" data-element_type=\"widget\" data-widget_type=\"image.default\">\n\t\t\t\t<div class=\"elementor-widget-container\">\n\t\t\t\t\t\t\t\t\t\t\t\t\t\t\t<img loading=\"lazy\" decoding=\"async\" width=\"102\" height=\"24\" src=\"\/wp-content\/uploads\/2022\/06\/Trustpilot-ratings-4star-RGB-non-optimized.png\" class=\"attachment-large size-large wp-image-12054\" alt=\"\" style=\"width:100%;height:23.53%;max-width:102px\" \/>\t\t\t\t\t\t\t\t\t\t\t\t\t\t\t<\/div>\n\t\t\t\t<\/div>\n\t\t\t\t<div class=\"elementor-element elementor-element-d33cbdc elementor-widget elementor-widget-image\" data-id=\"d33cbdc\" data-element_type=\"widget\" data-widget_type=\"image.default\">\n\t\t\t\t<div class=\"elementor-widget-container\">\n\t\t\t\t\t<style>.elementor-element-d33cbdc{display:none !important}<\/style>\t\t\t\t<\/div>\n\t\t\t\t<\/div>\n\t\t\t\t<div class=\"elementor-element elementor-element-350d5d7 elementor-widget elementor-widget-text-editor\" data-id=\"350d5d7\" data-element_type=\"widget\" data-widget_type=\"text-editor.default\">\n\t\t\t\t<div class=\"elementor-widget-container\">\n\t\t\t\t\t\t\t\t\t<p>Ok......\nH\u1ed7 tr\u1ee3 kh\u00e1ch h\u00e0ng r\u1ea5t t\u1ed1t, tr\u00ean t\u1ea5t c\u1ea3 c\u00e1c tr\u1ea3i nghi\u1ec7m \u0111\u1ec1u \u1ed5n, t\u00f4i \u0111\u00e3 y\u00eau c\u1ea7u ho\u00e0n l\u1ea1i ti\u1ec1n v\u00e0 nh\u1eadn \u0111\u01b0\u1ee3c n\u00f3 ****<\/p>\t\t\t\t\t\t\t\t<\/div>\n\t\t\t\t<\/div>\n\t\t\t\t\t<\/div>\n\t\t<\/div>\n\t\t\t\t\t<\/div>\n\t\t<\/section>\n\t\t\t\t\t<\/div>\n\t\t<\/div>\n\t\t\t\t\t<\/div>\n\t\t<\/section>\n\t\t\t\t<\/div>","protected":false},"excerpt":{"rendered":"<p>Client Testimonials You are the centre of our trading universe We are dedicated to understanding our customers\u2019 journey&#8230;<\/p>","protected":false},"author":1,"featured_media":0,"parent":11245,"menu_order":0,"comment_status":"closed","ping_status":"closed","template":"elementor_header_footer","meta":{"_acf_changed":false,"inline_featured_image":false,"footnotes":""},"class_list":["post-11610","page","type-page","status-publish","hentry","entry"],"acf":[],"yoast_head":"<!-- This site is optimized with the Yoast SEO Premium plugin v26.2 (Yoast SEO v26.5) - https:\/\/yoast.com\/wordpress\/plugins\/seo\/ -->\n<title>Read our reviews and client testimonials<\/title>\n<meta name=\"description\" content=\"Read our client testimonials and discover why our customers value our services. We are dedicated to providing reliable services and great customer support.\" \/>\n<meta name=\"robots\" content=\"noindex, nofollow\" \/>\n<meta property=\"og:locale\" content=\"vi_VN\" \/>\n<meta property=\"og:type\" content=\"article\" \/>\n<meta property=\"og:title\" content=\"Client Testimonials\" \/>\n<meta property=\"og:description\" content=\"Read our client testimonials and discover why our customers value our services. We are dedicated to providing reliable services and great customer support.\" \/>\n<meta property=\"og:url\" content=\"https:\/\/www.t4trade-cn.com\/vi\/t4trade\/client-testimonials\/\" \/>\n<meta property=\"og:site_name\" content=\"T4Trade\" \/>\n<meta property=\"article:modified_time\" content=\"2024-03-25T10:23:16+00:00\" \/>\n<meta name=\"twitter:card\" content=\"summary_large_image\" \/>\n<meta name=\"twitter:label1\" content=\"\u01af\u1edbc t\u00ednh th\u1eddi gian \u0111\u1ecdc\" \/>\n\t<meta name=\"twitter:data1\" content=\"3 ph\u00fat\" \/>\n<script type=\"application\/ld+json\" class=\"yoast-schema-graph\">{\"@context\":\"https:\/\/schema.org\",\"@graph\":[{\"@type\":\"WebPage\",\"@id\":\"https:\/\/www.t4trade-cn.com\/vi\/t4trade\/client-testimonials\/\",\"url\":\"https:\/\/www.t4trade-cn.com\/vi\/t4trade\/client-testimonials\/\",\"name\":\"Read our reviews and client testimonials\",\"isPartOf\":{\"@id\":\"https:\/\/www.t4trade-cn.com\/vi\/#website\"},\"datePublished\":\"2022-06-15T06:23:49+00:00\",\"dateModified\":\"2024-03-25T10:23:16+00:00\",\"description\":\"Read our client testimonials and discover why our customers value our services. We are dedicated to providing reliable services and great customer support.\",\"breadcrumb\":{\"@id\":\"https:\/\/www.t4trade-cn.com\/vi\/t4trade\/client-testimonials\/#breadcrumb\"},\"inLanguage\":\"vi\",\"potentialAction\":[{\"@type\":\"ReadAction\",\"target\":[\"https:\/\/www.t4trade-cn.com\/vi\/t4trade\/client-testimonials\/\"]}]},{\"@type\":\"BreadcrumbList\",\"@id\":\"https:\/\/www.t4trade-cn.com\/vi\/t4trade\/client-testimonials\/#breadcrumb\",\"itemListElement\":[{\"@type\":\"ListItem\",\"position\":1,\"name\":\"Home\",\"item\":\"https:\/\/www.t4trade-cn.com\/vi\/\"},{\"@type\":\"ListItem\",\"position\":2,\"name\":\"T4Trade\",\"item\":\"https:\/\/www.t4trade-cn.com\/vi\/t4trade\/\"},{\"@type\":\"ListItem\",\"position\":3,\"name\":\"Client Testimonials\"}]},{\"@type\":\"WebSite\",\"@id\":\"https:\/\/www.t4trade-cn.com\/vi\/#website\",\"url\":\"https:\/\/www.t4trade-cn.com\/vi\/\",\"name\":\"T4Trade\",\"description\":\"\",\"publisher\":{\"@id\":\"https:\/\/www.t4trade-cn.com\/vi\/#organization\"},\"potentialAction\":[{\"@type\":\"SearchAction\",\"target\":{\"@type\":\"EntryPoint\",\"urlTemplate\":\"https:\/\/www.t4trade-cn.com\/vi\/?s={search_term_string}\"},\"query-input\":{\"@type\":\"PropertyValueSpecification\",\"valueRequired\":true,\"valueName\":\"search_term_string\"}}],\"inLanguage\":\"vi\"},{\"@type\":\"Organization\",\"@id\":\"https:\/\/www.t4trade-cn.com\/vi\/#organization\",\"name\":\"T4Trade\",\"url\":\"https:\/\/www.t4trade-cn.com\/vi\/\",\"logo\":{\"@type\":\"ImageObject\",\"inLanguage\":\"vi\",\"@id\":\"https:\/\/www.t4trade-cn.com\/vi\/#\/schema\/logo\/image\/\",\"url\":\"\/wp-content\/uploads\/2021\/10\/Group.svg\",\"contentUrl\":\"\/wp-content\/uploads\/2021\/10\/Group.svg\",\"width\":145,\"height\":33,\"caption\":\"T4Trade\"},\"image\":{\"@id\":\"https:\/\/www.t4trade-cn.com\/vi\/#\/schema\/logo\/image\/\"}}]}<\/script>\n<!-- \/ Yoast SEO Premium plugin. -->","yoast_head_json":{"title":"\u0110\u1ecdc c\u00e1c \u0111\u00e1nh gi\u00e1 c\u1ee7a ch\u00fang t\u00f4i v\u00e0 l\u1eddi ch\u1ee9ng th\u1ef1c c\u1ee7a kh\u00e1ch h\u00e0ng","description":"\u0110\u1ecdc \u0111\u00e1nh gi\u00e1 kh\u00e1ch h\u00e0ng v\u00e0 kh\u00e1m ph\u00e1 l\u00fd do t\u1ea1i sao kh\u00e1ch h\u00e0ng c\u1ee7a ch\u00fang t\u00f4i coi tr\u1ecdng d\u1ecbch v\u1ee5 \u1edf \u0111\u00e2y. Ch\u00fang t\u00f4i t\u1eadn t\u00e2m cung c\u1ea5p c\u00e1c d\u1ecbch v\u1ee5 \u0111\u00e1ng tin c\u1eady v\u00e0 h\u1ed7 tr\u1ee3 kh\u00e1ch h\u00e0ng m\u1ed9t c\u00e1ch t\u1ed1t nh\u1ea5t.","robots":{"index":"noindex","follow":"nofollow"},"og_locale":"vi_VN","og_type":"article","og_title":"Client Testimonials","og_description":"Read our client testimonials and discover why our customers value our services. We are dedicated to providing reliable services and great customer support.","og_url":"https:\/\/www.t4trade-cn.com\/vi\/t4trade\/client-testimonials\/","og_site_name":"T4Trade","article_modified_time":"2024-03-25T10:23:16+00:00","twitter_card":"summary_large_image","twitter_misc":{"\u01af\u1edbc t\u00ednh th\u1eddi gian \u0111\u1ecdc":"3 ph\u00fat"},"schema":{"@context":"https:\/\/schema.org","@graph":[{"@type":"WebPage","@id":"https:\/\/www.t4trade-cn.com\/vi\/t4trade\/client-testimonials\/","url":"https:\/\/www.t4trade-cn.com\/vi\/t4trade\/client-testimonials\/","name":"\u0110\u1ecdc c\u00e1c \u0111\u00e1nh gi\u00e1 c\u1ee7a ch\u00fang t\u00f4i v\u00e0 l\u1eddi ch\u1ee9ng th\u1ef1c c\u1ee7a kh\u00e1ch h\u00e0ng","isPartOf":{"@id":"https:\/\/www.t4trade-cn.com\/vi\/#website"},"datePublished":"2022-06-15T06:23:49+00:00","dateModified":"2024-03-25T10:23:16+00:00","description":"\u0110\u1ecdc \u0111\u00e1nh gi\u00e1 kh\u00e1ch h\u00e0ng v\u00e0 kh\u00e1m ph\u00e1 l\u00fd do t\u1ea1i sao kh\u00e1ch h\u00e0ng c\u1ee7a ch\u00fang t\u00f4i coi tr\u1ecdng d\u1ecbch v\u1ee5 \u1edf \u0111\u00e2y. Ch\u00fang t\u00f4i t\u1eadn t\u00e2m cung c\u1ea5p c\u00e1c d\u1ecbch v\u1ee5 \u0111\u00e1ng tin c\u1eady v\u00e0 h\u1ed7 tr\u1ee3 kh\u00e1ch h\u00e0ng m\u1ed9t c\u00e1ch t\u1ed1t nh\u1ea5t.","breadcrumb":{"@id":"https:\/\/www.t4trade-cn.com\/vi\/t4trade\/client-testimonials\/#breadcrumb"},"inLanguage":"vi","potentialAction":[{"@type":"ReadAction","target":["https:\/\/www.t4trade-cn.com\/vi\/t4trade\/client-testimonials\/"]}]},{"@type":"BreadcrumbList","@id":"https:\/\/www.t4trade-cn.com\/vi\/t4trade\/client-testimonials\/#breadcrumb","itemListElement":[{"@type":"ListItem","position":1,"name":"Home","item":"https:\/\/www.t4trade-cn.com\/vi\/"},{"@type":"ListItem","position":2,"name":"T4Trade","item":"https:\/\/www.t4trade-cn.com\/vi\/t4trade\/"},{"@type":"ListItem","position":3,"name":"Client Testimonials"}]},{"@type":"WebSite","@id":"https:\/\/www.t4trade-cn.com\/vi\/#website","url":"https:\/\/www.t4trade-cn.com\/vi\/","name":"T4Trade","description":"","publisher":{"@id":"https:\/\/www.t4trade-cn.com\/vi\/#organization"},"potentialAction":[{"@type":"SearchAction","target":{"@type":"EntryPoint","urlTemplate":"https:\/\/www.t4trade-cn.com\/vi\/?s={search_term_string}"},"query-input":{"@type":"PropertyValueSpecification","valueRequired":true,"valueName":"search_term_string"}}],"inLanguage":"vi"},{"@type":"Organization","@id":"https:\/\/www.t4trade-cn.com\/vi\/#organization","name":"T4Trade","url":"https:\/\/www.t4trade-cn.com\/vi\/","logo":{"@type":"ImageObject","inLanguage":"vi","@id":"https:\/\/www.t4trade-cn.com\/vi\/#\/schema\/logo\/image\/","url":"\/wp-content\/uploads\/2021\/10\/Group.svg","contentUrl":"\/wp-content\/uploads\/2021\/10\/Group.svg","width":145,"height":33,"caption":"T4Trade"},"image":{"@id":"https:\/\/www.t4trade-cn.com\/vi\/#\/schema\/logo\/image\/"}}]}},"_links":{"self":[{"href":"https:\/\/www.t4trade-cn.com\/vi\/wp-json\/wp\/v2\/pages\/11610","targetHints":{"allow":["GET"]}}],"collection":[{"href":"https:\/\/www.t4trade-cn.com\/vi\/wp-json\/wp\/v2\/pages"}],"about":[{"href":"https:\/\/www.t4trade-cn.com\/vi\/wp-json\/wp\/v2\/types\/page"}],"author":[{"embeddable":true,"href":"https:\/\/www.t4trade-cn.com\/vi\/wp-json\/wp\/v2\/users\/1"}],"replies":[{"embeddable":true,"href":"https:\/\/www.t4trade-cn.com\/vi\/wp-json\/wp\/v2\/comments?post=11610"}],"version-history":[{"count":10,"href":"https:\/\/www.t4trade-cn.com\/vi\/wp-json\/wp\/v2\/pages\/11610\/revisions"}],"predecessor-version":[{"id":25858,"href":"https:\/\/www.t4trade-cn.com\/vi\/wp-json\/wp\/v2\/pages\/11610\/revisions\/25858"}],"up":[{"embeddable":true,"href":"https:\/\/www.t4trade-cn.com\/vi\/wp-json\/wp\/v2\/pages\/11245"}],"wp:attachment":[{"href":"https:\/\/www.t4trade-cn.com\/vi\/wp-json\/wp\/v2\/media?parent=11610"}],"curies":[{"name":"wp","href":"https:\/\/api.w.org\/{rel}","templated":true}]}}