{"id":24758,"date":"2024-02-26T11:56:27","date_gmt":"2024-02-26T09:56:27","guid":{"rendered":"https:\/\/t4t-com-php8.wp-dev.int.theitops.net\/?page_id=24758"},"modified":"2024-05-13T11:47:18","modified_gmt":"2024-05-13T08:47:18","slug":"trading-calculators","status":"publish","type":"page","link":"https:\/\/www.t4trade-cn.com\/vi\/trading-calculators\/","title":{"rendered":"C\u00e1c c\u00f4ng c\u1ee5 t\u00ednh trong giao d\u1ecbch"},"content":{"rendered":"<div data-elementor-type=\"wp-page\" data-elementor-id=\"24758\" class=\"elementor elementor-24758\" data-elementor-post-type=\"page\">\n\t\t\t\t<div class=\"elementor-element elementor-element-d857549 e-con-full e-flex wpr-particle-no wpr-jarallax-no wpr-parallax-no wpr-sticky-section-no e-con e-parent\" data-id=\"d857549\" data-element_type=\"container\" data-settings=\"{&quot;background_background&quot;:&quot;classic&quot;}\">\n\t\t<div class=\"elementor-element elementor-element-fa3cd5e e-flex e-con-boxed wpr-particle-no wpr-jarallax-no wpr-parallax-no wpr-sticky-section-no e-con e-child\" data-id=\"fa3cd5e\" data-element_type=\"container\">\n\t\t\t\t\t<div class=\"e-con-inner\">\n\t\t<div class=\"elementor-element elementor-element-d6679f8 e-flex e-con-boxed wpr-particle-no wpr-jarallax-no wpr-parallax-no wpr-sticky-section-no e-con e-child\" data-id=\"d6679f8\" data-element_type=\"container\">\n\t\t\t\t\t<div class=\"e-con-inner\">\n\t\t\t\t<div class=\"elementor-element elementor-element-561421c elementor-widget elementor-widget-heading\" data-id=\"561421c\" data-element_type=\"widget\" data-widget_type=\"heading.default\">\n\t\t\t\t<div class=\"elementor-widget-container\">\n\t\t\t\t\t<h1 class=\"elementor-heading-title elementor-size-default\">C\u00e1c c\u00f4ng c\u1ee5 t\u00ednh trong giao d\u1ecbch<\/h1>\t\t\t\t<\/div>\n\t\t\t\t<\/div>\n\t\t\t\t<div class=\"elementor-element elementor-element-48f49ab elementor-widget elementor-widget-text-editor\" data-id=\"48f49ab\" data-element_type=\"widget\" data-widget_type=\"text-editor.default\">\n\t\t\t\t<div class=\"elementor-widget-container translation-block\"><span class=\"custom-p-text\">C\u00e1c c\u00f4ng c\u1ee5 t\u00ednh trong giao d\u1ecbch<\/span> l\u00e0 s\u1ef1 h\u1ed7 tr\u1ee3 v\u00f4 gi\u00e1 \u0111\u1ed1i v\u1edbi kh\u00e1ch h\u00e0ng, gi\u00fap h\u1ecd giao d\u1ecbch hi\u1ec7u qu\u1ea3 h\u01a1n v\u00e0 \u0111\u01b0a ra nh\u1eefng quy\u1ebft \u0111\u1ecbnh \u0111\u00fang \u0111\u1eafn h\u01a1n khi giao d\u1ecbch. Ch\u00fang c\u00f3 th\u1ec3 \u0111\u01b0\u1ee3c l\u1ed3ng gh\u00e9p d\u1ec5 d\u00e0ng v\u00e0o b\u1ea5t k\u00ec trang web n\u00e0o.<\/div>\n\t\t\t\t<\/div>\n\t\t\t\t\t<\/div>\n\t\t\t\t<\/div>\n\t\t<div class=\"elementor-element elementor-element-c18c5f9 e-flex e-con-boxed wpr-particle-no wpr-jarallax-no wpr-parallax-no wpr-sticky-section-no e-con e-child\" data-id=\"c18c5f9\" data-element_type=\"container\">\n\t\t\t\t\t<div class=\"e-con-inner\">\n\t\t\t\t<div class=\"elementor-element elementor-element-1445425 elementor-widget elementor-widget-image\" data-id=\"1445425\" data-element_type=\"widget\" data-widget_type=\"image.default\">\n\t\t\t\t<div class=\"elementor-widget-container\">\n\t\t\t\t\t\t\t\t\t\t\t\t\t\t\t<img fetchpriority=\"high\" decoding=\"async\" width=\"310\" height=\"321\" src=\"\/wp-content\/uploads\/2024\/02\/banner-calculator-img.png\" class=\"attachment-full size-full wp-image-24998\" alt=\"\" srcset=\"\/wp-content\/uploads\/2024\/02\/banner-calculator-img.png 310w, \/wp-content\/uploads\/2024\/02\/banner-calculator-img-290x300.png 290w, \/wp-content\/uploads\/2024\/02\/banner-calculator-img-12x12.png 12w\" sizes=\"(max-width: 310px) 100vw, 310px\" style=\"width:100%;height:103.55%;max-width:310px\" \/>\t\t\t\t\t\t\t\t\t\t\t\t\t\t\t<\/div>\n\t\t\t\t<\/div>\n\t\t\t\t\t<\/div>\n\t\t\t\t<\/div>\n\t\t\t\t\t<\/div>\n\t\t\t\t<\/div>\n\t\t\t\t<\/div>\n\t\t<div class=\"elementor-element elementor-element-3af1886f trading-calculator-container e-flex e-con-boxed wpr-particle-no wpr-jarallax-no wpr-parallax-no wpr-sticky-section-no e-con e-parent\" data-id=\"3af1886f\" data-element_type=\"container\" data-settings=\"{&quot;background_background&quot;:&quot;classic&quot;}\">\n\t\t\t\t\t<div class=\"e-con-inner\">\n\t\t\t\t<div class=\"elementor-element elementor-element-7aca1f4 elementor-widget elementor-widget-trading-widgets\" data-id=\"7aca1f4\" data-element_type=\"widget\" data-widget_type=\"trading-widgets.default\">\n\t\t\t\t<div class=\"elementor-widget-container\">\n\t\t\t\t\t<link rel=\"stylesheet\" href=\"\/wp-content\/plugins\/cool-widgets\/assets\/assets\/entry-805596c8.css\">\n<link rel=\"stylesheet\" href=\"\/wp-content\/plugins\/cool-widgets\/assets\/assets\/widgets-8c8e09d5.css\"><script type=\"module\" crossorigin=\"anonymous\" src=\"\/wp-content\/plugins\/cool-widgets\/assets\/assets\/trading-widgets-cde4883b.js\"><\/script><div id=\"trading-widgets\" class=\"trading-widget\" data-base-url=\"https:\/\/www.t4trade-cn.com\" data-lang=\"vi\" data-api=\"https:\/\/api.t4trade.com\/prices\" data-ctx=\"{&quot;appName&quot;:&quot;t4t-com&quot;}\"><\/div>\t\t\t\t<\/div>\n\t\t\t\t<\/div>\n\t\t\t\t<div class=\"elementor-element elementor-element-17c98b3d elementor-widget elementor-widget-html\" data-id=\"17c98b3d\" data-element_type=\"widget\" data-widget_type=\"html.default\">\n\t\t\t\t<div class=\"elementor-widget-container\">\n\t\t\t\t\t<script>\n    document.addEventListener(\"DOMContentLoaded\", function() {\n    \/\/ Listen for click events on the body and filter them to only handle clicks on tabs\n    document.body.addEventListener(\"click\", function(event) {\n        const target = event.target;\n        \n        \/\/ Check if the clicked element is a tab\n        if (target.classList.contains(\"tabs__tab\")) {\n            \/\/ Get the data-i attribute value of the clicked tab\n            const tabIndex = target.dataset.i;\n            \n            \/\/ Remove any existing tab-clicked class from the body\n            const existingTabClickedClasses = document.body.className.match(\/tab-clicked-\\d+\/g) || [];\n            existingTabClickedClasses.forEach(cls => {\n                document.body.classList.remove(cls);\n            });\n            \n            \/\/ Add the tab-clicked class to the body\n            document.body.classList.add(`tab-clicked-${tabIndex}`);\n        }\n    });\n});\n<\/script>\t\t\t\t<\/div>\n\t\t\t\t<\/div>\n\t\t\t\t\t<\/div>\n\t\t\t\t<\/div>\n\t\t\t\t<\/div>","protected":false},"excerpt":{"rendered":"<p>Trading Calculators Trading calculators are invaluable tools for clients to help them trade more effectively and make accurate&#8230;<\/p>","protected":false},"author":19,"featured_media":0,"parent":0,"menu_order":0,"comment_status":"closed","ping_status":"closed","template":"elementor_header_footer","meta":{"_acf_changed":false,"inline_featured_image":false,"footnotes":""},"class_list":["post-24758","page","type-page","status-publish","hentry","entry"],"acf":[],"yoast_head":"<!-- This site is optimized with the Yoast SEO Premium plugin v26.2 (Yoast SEO v26.5) - https:\/\/yoast.com\/wordpress\/plugins\/seo\/ -->\n<title>Trade with T4Trade\u2019s Trading Calculators<\/title>\n<meta name=\"description\" content=\"Enhance your trading with our range of tools. Our Currency Converter, PIP Calculator, Margin Calculator and Profit Calculator offer solutions to improve your trading experience.\" \/>\n<meta name=\"robots\" content=\"noindex, nofollow\" \/>\n<meta property=\"og:locale\" content=\"vi_VN\" \/>\n<meta property=\"og:type\" content=\"article\" \/>\n<meta property=\"og:title\" content=\"Trading Calculators\" \/>\n<meta property=\"og:description\" content=\"Enhance your trading with our range of tools. Our Currency Converter, PIP Calculator, Margin Calculator and Profit Calculator offer solutions to improve your trading experience.\" \/>\n<meta property=\"og:url\" content=\"https:\/\/www.t4trade-cn.com\/vi\/trading-calculators\/\" \/>\n<meta property=\"og:site_name\" content=\"T4Trade\" \/>\n<meta property=\"article:modified_time\" content=\"2024-05-13T08:47:18+00:00\" \/>\n<meta name=\"twitter:card\" content=\"summary_large_image\" \/>\n<meta name=\"twitter:label1\" content=\"\u01af\u1edbc t\u00ednh th\u1eddi gian \u0111\u1ecdc\" \/>\n\t<meta name=\"twitter:data1\" content=\"1 ph\u00fat\" \/>\n<script type=\"application\/ld+json\" class=\"yoast-schema-graph\">{\"@context\":\"https:\/\/schema.org\",\"@graph\":[{\"@type\":\"WebPage\",\"@id\":\"https:\/\/www.t4trade-cn.com\/vi\/trading-calculators\/\",\"url\":\"https:\/\/www.t4trade-cn.com\/vi\/trading-calculators\/\",\"name\":\"Trade with T4Trade\u2019s Trading Calculators\",\"isPartOf\":{\"@id\":\"https:\/\/www.t4trade-cn.com\/vi\/#website\"},\"datePublished\":\"2024-02-26T09:56:27+00:00\",\"dateModified\":\"2024-05-13T08:47:18+00:00\",\"description\":\"Enhance your trading with our range of tools. Our Currency Converter, PIP Calculator, Margin Calculator and Profit Calculator offer solutions to improve your trading experience.\",\"breadcrumb\":{\"@id\":\"https:\/\/www.t4trade-cn.com\/vi\/trading-calculators\/#breadcrumb\"},\"inLanguage\":\"vi\",\"potentialAction\":[{\"@type\":\"ReadAction\",\"target\":[\"https:\/\/www.t4trade-cn.com\/vi\/trading-calculators\/\"]}]},{\"@type\":\"BreadcrumbList\",\"@id\":\"https:\/\/www.t4trade-cn.com\/vi\/trading-calculators\/#breadcrumb\",\"itemListElement\":[{\"@type\":\"ListItem\",\"position\":1,\"name\":\"Home\",\"item\":\"https:\/\/www.t4trade-cn.com\/vi\/\"},{\"@type\":\"ListItem\",\"position\":2,\"name\":\"Trading Calculators\"}]},{\"@type\":\"WebSite\",\"@id\":\"https:\/\/www.t4trade-cn.com\/vi\/#website\",\"url\":\"https:\/\/www.t4trade-cn.com\/vi\/\",\"name\":\"T4Trade\",\"description\":\"\",\"publisher\":{\"@id\":\"https:\/\/www.t4trade-cn.com\/vi\/#organization\"},\"potentialAction\":[{\"@type\":\"SearchAction\",\"target\":{\"@type\":\"EntryPoint\",\"urlTemplate\":\"https:\/\/www.t4trade-cn.com\/vi\/?s={search_term_string}\"},\"query-input\":{\"@type\":\"PropertyValueSpecification\",\"valueRequired\":true,\"valueName\":\"search_term_string\"}}],\"inLanguage\":\"vi\"},{\"@type\":\"Organization\",\"@id\":\"https:\/\/www.t4trade-cn.com\/vi\/#organization\",\"name\":\"T4Trade\",\"url\":\"https:\/\/www.t4trade-cn.com\/vi\/\",\"logo\":{\"@type\":\"ImageObject\",\"inLanguage\":\"vi\",\"@id\":\"https:\/\/www.t4trade-cn.com\/vi\/#\/schema\/logo\/image\/\",\"url\":\"\/wp-content\/uploads\/2021\/10\/Group.svg\",\"contentUrl\":\"\/wp-content\/uploads\/2021\/10\/Group.svg\",\"width\":145,\"height\":33,\"caption\":\"T4Trade\"},\"image\":{\"@id\":\"https:\/\/www.t4trade-cn.com\/vi\/#\/schema\/logo\/image\/\"}}]}<\/script>\n<!-- \/ Yoast SEO Premium plugin. -->","yoast_head_json":{"title":"Giao d\u1ecbch c\u00f9ng c\u00e1c c\u00f4ng c\u1ee5 t\u00ednh c\u1ee7a T4Trade","description":"N\u00e2ng t\u1ea7m n\u0103ng l\u1ef1c giao d\u1ecbch c\u1ee7a b\u1ea1n v\u1edbi h\u00e0ng lo\u1ea1t c\u00f4ng c\u1ee5 c\u1ee7a ch\u00fang t\u00f4i. C\u00f4ng c\u1ee5 chuy\u1ec3n \u0111\u1ed5i ti\u1ec1n t\u1ec7, M\u00e1y t\u00ednh PIP, C\u00f4ng c\u1ee5 t\u00ednh m\u1ee9c k\u00fd qu\u1ef9 v\u00e0 l\u1ee3i nhu\u1eadn c\u1ee7a ch\u00fang t\u00f4i s\u1ebd mang \u0111\u1ebfn cho b\u1ea1n c\u00e1c gi\u1ea3i ph\u00e1p nh\u1eb1m c\u1ea3i thi\u1ec7n tr\u1ea3i nghi\u1ec7m giao d\u1ecbch c\u1ee7a b\u1ea1n.","robots":{"index":"noindex","follow":"nofollow"},"og_locale":"vi_VN","og_type":"article","og_title":"Trading Calculators","og_description":"Enhance your trading with our range of tools. Our Currency Converter, PIP Calculator, Margin Calculator and Profit Calculator offer solutions to improve your trading experience.","og_url":"https:\/\/www.t4trade-cn.com\/vi\/trading-calculators\/","og_site_name":"T4Trade","article_modified_time":"2024-05-13T08:47:18+00:00","twitter_card":"summary_large_image","twitter_misc":{"\u01af\u1edbc t\u00ednh th\u1eddi gian \u0111\u1ecdc":"1 ph\u00fat"},"schema":{"@context":"https:\/\/schema.org","@graph":[{"@type":"WebPage","@id":"https:\/\/www.t4trade-cn.com\/vi\/trading-calculators\/","url":"https:\/\/www.t4trade-cn.com\/vi\/trading-calculators\/","name":"Giao d\u1ecbch c\u00f9ng c\u00e1c c\u00f4ng c\u1ee5 t\u00ednh c\u1ee7a T4Trade","isPartOf":{"@id":"https:\/\/www.t4trade-cn.com\/vi\/#website"},"datePublished":"2024-02-26T09:56:27+00:00","dateModified":"2024-05-13T08:47:18+00:00","description":"N\u00e2ng t\u1ea7m n\u0103ng l\u1ef1c giao d\u1ecbch c\u1ee7a b\u1ea1n v\u1edbi h\u00e0ng lo\u1ea1t c\u00f4ng c\u1ee5 c\u1ee7a ch\u00fang t\u00f4i. C\u00f4ng c\u1ee5 chuy\u1ec3n \u0111\u1ed5i ti\u1ec1n t\u1ec7, M\u00e1y t\u00ednh PIP, C\u00f4ng c\u1ee5 t\u00ednh m\u1ee9c k\u00fd qu\u1ef9 v\u00e0 l\u1ee3i nhu\u1eadn c\u1ee7a ch\u00fang t\u00f4i s\u1ebd mang \u0111\u1ebfn cho b\u1ea1n c\u00e1c gi\u1ea3i ph\u00e1p nh\u1eb1m c\u1ea3i thi\u1ec7n tr\u1ea3i nghi\u1ec7m giao d\u1ecbch c\u1ee7a b\u1ea1n.","breadcrumb":{"@id":"https:\/\/www.t4trade-cn.com\/vi\/trading-calculators\/#breadcrumb"},"inLanguage":"vi","potentialAction":[{"@type":"ReadAction","target":["https:\/\/www.t4trade-cn.com\/vi\/trading-calculators\/"]}]},{"@type":"BreadcrumbList","@id":"https:\/\/www.t4trade-cn.com\/vi\/trading-calculators\/#breadcrumb","itemListElement":[{"@type":"ListItem","position":1,"name":"Home","item":"https:\/\/www.t4trade-cn.com\/vi\/"},{"@type":"ListItem","position":2,"name":"Trading Calculators"}]},{"@type":"WebSite","@id":"https:\/\/www.t4trade-cn.com\/vi\/#website","url":"https:\/\/www.t4trade-cn.com\/vi\/","name":"T4Trade","description":"","publisher":{"@id":"https:\/\/www.t4trade-cn.com\/vi\/#organization"},"potentialAction":[{"@type":"SearchAction","target":{"@type":"EntryPoint","urlTemplate":"https:\/\/www.t4trade-cn.com\/vi\/?s={search_term_string}"},"query-input":{"@type":"PropertyValueSpecification","valueRequired":true,"valueName":"search_term_string"}}],"inLanguage":"vi"},{"@type":"Organization","@id":"https:\/\/www.t4trade-cn.com\/vi\/#organization","name":"T4Trade","url":"https:\/\/www.t4trade-cn.com\/vi\/","logo":{"@type":"ImageObject","inLanguage":"vi","@id":"https:\/\/www.t4trade-cn.com\/vi\/#\/schema\/logo\/image\/","url":"\/wp-content\/uploads\/2021\/10\/Group.svg","contentUrl":"\/wp-content\/uploads\/2021\/10\/Group.svg","width":145,"height":33,"caption":"T4Trade"},"image":{"@id":"https:\/\/www.t4trade-cn.com\/vi\/#\/schema\/logo\/image\/"}}]}},"_links":{"self":[{"href":"https:\/\/www.t4trade-cn.com\/vi\/wp-json\/wp\/v2\/pages\/24758","targetHints":{"allow":["GET"]}}],"collection":[{"href":"https:\/\/www.t4trade-cn.com\/vi\/wp-json\/wp\/v2\/pages"}],"about":[{"href":"https:\/\/www.t4trade-cn.com\/vi\/wp-json\/wp\/v2\/types\/page"}],"author":[{"embeddable":true,"href":"https:\/\/www.t4trade-cn.com\/vi\/wp-json\/wp\/v2\/users\/19"}],"replies":[{"embeddable":true,"href":"https:\/\/www.t4trade-cn.com\/vi\/wp-json\/wp\/v2\/comments?post=24758"}],"version-history":[{"count":10,"href":"https:\/\/www.t4trade-cn.com\/vi\/wp-json\/wp\/v2\/pages\/24758\/revisions"}],"predecessor-version":[{"id":27856,"href":"https:\/\/www.t4trade-cn.com\/vi\/wp-json\/wp\/v2\/pages\/24758\/revisions\/27856"}],"wp:attachment":[{"href":"https:\/\/www.t4trade-cn.com\/vi\/wp-json\/wp\/v2\/media?parent=24758"}],"curies":[{"name":"wp","href":"https:\/\/api.w.org\/{rel}","templated":true}]}}