{"id":590,"date":"2021-10-11T13:44:26","date_gmt":"2021-10-11T13:44:26","guid":{"rendered":"https:\/\/t4t-com-php8.wp-dev.int.theitops.net\/?page_id=590"},"modified":"2024-02-08T16:34:44","modified_gmt":"2024-02-08T14:34:44","slug":"account-spread-comparison","status":"publish","type":"page","link":"https:\/\/www.t4trade-cn.com\/vi\/account-spread-comparison\/","title":{"rendered":"Account Spread Comparison"},"content":{"rendered":"<div data-elementor-type=\"wp-page\" data-elementor-id=\"590\" class=\"elementor elementor-590\" data-elementor-post-type=\"page\">\n\t\t\t\t\t\t<section class=\"elementor-section elementor-top-section elementor-element elementor-element-6ae1d13 elementor-section-stretched elementor-section-height-min-height elementor-section-boxed elementor-section-height-default elementor-section-items-middle wpr-particle-no wpr-jarallax-no wpr-parallax-no wpr-sticky-section-no\" data-id=\"6ae1d13\" data-element_type=\"section\" data-settings=\"{&quot;stretch_section&quot;:&quot;section-stretched&quot;,&quot;background_background&quot;:&quot;classic&quot;}\">\n\t\t\t\t\t\t<div class=\"elementor-container elementor-column-gap-default\">\n\t\t\t\t\t<div class=\"elementor-column elementor-col-50 elementor-top-column elementor-element elementor-element-7c51797 elementor-invisible\" data-id=\"7c51797\" data-element_type=\"column\" data-settings=\"{&quot;animation&quot;:&quot;fadeInUp&quot;}\">\n\t\t\t<div class=\"elementor-widget-wrap elementor-element-populated\">\n\t\t\t\t\t\t<div class=\"elementor-element elementor-element-fd1bc5d elementor-widget elementor-widget-heading\" data-id=\"fd1bc5d\" data-element_type=\"widget\" data-widget_type=\"heading.default\">\n\t\t\t\t<div class=\"elementor-widget-container\">\n\t\t\t\t\t<h1 class=\"elementor-heading-title elementor-size-default\">So s\u00e1nh ch\u00eanh l\u1ec7ch t\u00e0i kho\u1ea3n<\/h1>\t\t\t\t<\/div>\n\t\t\t\t<\/div>\n\t\t\t\t<div class=\"elementor-element elementor-element-ce2b589 elementor-mobile-align-center elementor-widget elementor-widget-button\" data-id=\"ce2b589\" data-element_type=\"widget\" data-widget_type=\"button.default\">\n\t\t\t\t<div class=\"elementor-widget-container\">\n\t\t\t\t\t\t\t\t\t<div class=\"elementor-button-wrapper\">\n\t\t\t\t\t<a class=\"elementor-button elementor-button-link elementor-size-sm\" href=\"https:\/\/www.t4trade.com\/vi\/register\">\n\t\t\t\t\t\t<span class=\"elementor-button-content-wrapper\">\n\t\t\t\t\t\t\t\t\t<span class=\"elementor-button-text\">Giao d\u1ecbch ngay<\/span>\n\t\t\t\t\t<\/span>\n\t\t\t\t\t<\/a>\n\t\t\t\t<\/div>\n\t\t\t\t\t\t\t\t<\/div>\n\t\t\t\t<\/div>\n\t\t\t\t<div class=\"elementor-element elementor-element-bdfd551 elementor-hidden-mobile elementor-widget elementor-widget-text-editor\" data-id=\"bdfd551\" data-element_type=\"widget\" data-widget_type=\"text-editor.default\">\n\t\t\t\t<div class=\"elementor-widget-container\">\n\t\t\t\t\t\t\t\t\t<p>M\u1ecdi giao d\u1ecbch \u0111\u1ec1u ti\u1ec1m \u1ea9n r\u1ee7i ro. B\u1ea1n c\u00f3 th\u1ec3 m\u1ea5t to\u00e0n b\u1ed9 v\u1ed1n \u0111\u1ea7u t\u01b0 c\u1ee7a m\u00ecnh.<\/p>\t\t\t\t\t\t\t\t<\/div>\n\t\t\t\t<\/div>\n\t\t\t\t<div class=\"elementor-element elementor-element-4c65ba7 elementor-hidden-desktop elementor-hidden-tablet elementor-widget elementor-widget-text-editor\" data-id=\"4c65ba7\" data-element_type=\"widget\" data-widget_type=\"text-editor.default\">\n\t\t\t\t<div class=\"elementor-widget-container\">\n\t\t\t\t\t\t\t\t\tT\u1ea5t c\u1ea3 c\u00e1c giao d\u1ecbch \u0111\u1ec1u \n<br>\nmang t\u00ednh ch\u1ea5t r\u1ee7i ro, c\u00f3 th\u1ec3 khi\u1ebfn b\u1ea1n m\u1ea5t h\u1ebft s\u1ed1 ti\u1ec1n \u0111\u1ea7u t\u01b0\t\t\t\t\t\t\t\t<\/div>\n\t\t\t\t<\/div>\n\t\t\t\t\t<\/div>\n\t\t<\/div>\n\t\t\t\t<div class=\"elementor-column elementor-col-50 elementor-top-column elementor-element elementor-element-deb6105 elementor-invisible\" data-id=\"deb6105\" data-element_type=\"column\" data-settings=\"{&quot;animation&quot;:&quot;fadeInRight&quot;,&quot;animation_mobile&quot;:&quot;fadeInUp&quot;}\">\n\t\t\t<div class=\"elementor-widget-wrap elementor-element-populated\">\n\t\t\t\t\t\t<div class=\"elementor-element elementor-element-2994f77 elementor-widget elementor-widget-image\" data-id=\"2994f77\" data-element_type=\"widget\" data-widget_type=\"image.default\">\n\t\t\t\t<div class=\"elementor-widget-container\">\n\t\t\t\t\t\t\t\t\t\t\t\t\t\t\t<img fetchpriority=\"high\" decoding=\"async\" width=\"603\" height=\"382\" src=\"\/wp-content\/uploads\/2021\/10\/account-spread-comparison.png\" class=\"attachment-large size-large wp-image-592\" alt=\"\" style=\"width:100%;height:63.35%;max-width:603px\" \/>\t\t\t\t\t\t\t\t\t\t\t\t\t\t\t<\/div>\n\t\t\t\t<\/div>\n\t\t\t\t\t<\/div>\n\t\t<\/div>\n\t\t\t\t\t<\/div>\n\t\t<\/section>\n\t\t\t\t<section class=\"elementor-section elementor-top-section elementor-element elementor-element-f05d9e0 elementor-section-stretched elementor-section-full_width elementor-section-height-default elementor-section-height-default wpr-particle-no wpr-jarallax-no wpr-parallax-no wpr-sticky-section-no\" data-id=\"f05d9e0\" data-element_type=\"section\" data-settings=\"{&quot;stretch_section&quot;:&quot;section-stretched&quot;}\">\n\t\t\t\t\t\t<div class=\"elementor-container elementor-column-gap-default\">\n\t\t\t\t\t<div class=\"elementor-column elementor-col-100 elementor-top-column elementor-element elementor-element-7175a86\" data-id=\"7175a86\" data-element_type=\"column\">\n\t\t\t<div class=\"elementor-widget-wrap elementor-element-populated\">\n\t\t\t\t\t\t<div class=\"elementor-element elementor-element-33fc456 elementor-widget elementor-widget-image\" data-id=\"33fc456\" data-element_type=\"widget\" data-widget_type=\"image.default\">\n\t\t\t\t<div class=\"elementor-widget-container\">\n\t\t\t\t\t\t\t\t\t\t\t\t\t\t\t<img decoding=\"async\" width=\"738\" height=\"657\" src=\"\/wp-content\/uploads\/2021\/10\/Vector.png\" class=\"attachment-large size-large wp-image-48\" alt=\"T4Trade Logo on a Black Background: A Striking Emblem of Financial Excellence and Trading Precision\" style=\"width:100%;height:89.02%;max-width:738px\" \/>\t\t\t\t\t\t\t\t\t\t\t\t\t\t\t<\/div>\n\t\t\t\t<\/div>\n\t\t\t\t<div class=\"elementor-element elementor-element-8ac3319 elementor-widget elementor-widget-image\" data-id=\"8ac3319\" data-element_type=\"widget\" data-widget_type=\"image.default\">\n\t\t\t\t<div class=\"elementor-widget-container\">\n\t\t\t\t\t\t\t\t\t\t\t\t\t\t\t<img decoding=\"async\" width=\"640\" height=\"641\" src=\"\/wp-content\/uploads\/2021\/10\/Ellipse-21-1.png\" class=\"attachment-large size-large wp-image-151\" alt=\"Blue circle on black background\" style=\"width:100%;height:100.16%;max-width:640px\" \/>\t\t\t\t\t\t\t\t\t\t\t\t\t\t\t<\/div>\n\t\t\t\t<\/div>\n\t\t\t\t<div class=\"elementor-element elementor-element-a981522 elementor-hidden-mobile elementor-widget elementor-widget-image\" data-id=\"a981522\" data-element_type=\"widget\" data-widget_type=\"image.default\">\n\t\t\t\t<div class=\"elementor-widget-container\">\n\t\t\t\t\t\t\t\t\t\t\t\t\t\t\t<img loading=\"lazy\" decoding=\"async\" width=\"531\" height=\"531\" src=\"\/wp-content\/uploads\/2021\/10\/Ellipse-22.png\" class=\"attachment-large size-large wp-image-504\" alt=\"a red cycle with black background\" style=\"width:100%;height:100%;max-width:531px\" \/>\t\t\t\t\t\t\t\t\t\t\t\t\t\t\t<\/div>\n\t\t\t\t<\/div>\n\t\t\t\t<div class=\"elementor-element elementor-element-92b4116 elementor-hidden-mobile elementor-widget elementor-widget-image\" data-id=\"92b4116\" data-element_type=\"widget\" data-widget_type=\"image.default\">\n\t\t\t\t<div class=\"elementor-widget-container\">\n\t\t\t\t\t\t\t\t\t\t\t\t\t\t\t<img loading=\"lazy\" decoding=\"async\" width=\"357\" height=\"619\" src=\"\/wp-content\/uploads\/2021\/10\/Ellipse-24.png\" class=\"attachment-large size-large wp-image-66\" alt=\"Blue Cycle on Black: A Symbol of Endless Motion\" style=\"width:100%;height:173.39%;max-width:357px\" \/>\t\t\t\t\t\t\t\t\t\t\t\t\t\t\t<\/div>\n\t\t\t\t<\/div>\n\t\t\t\t\t<\/div>\n\t\t<\/div>\n\t\t\t\t\t<\/div>\n\t\t<\/section>\n\t\t\t\t<section class=\"elementor-section elementor-top-section elementor-element elementor-element-ecd9001 elementor-section-stretched elementor-section-boxed elementor-section-height-default elementor-section-height-default wpr-particle-no wpr-jarallax-no wpr-parallax-no wpr-sticky-section-no\" data-id=\"ecd9001\" data-element_type=\"section\" data-settings=\"{&quot;stretch_section&quot;:&quot;section-stretched&quot;,&quot;background_background&quot;:&quot;classic&quot;}\">\n\t\t\t\t\t\t<div class=\"elementor-container elementor-column-gap-default\">\n\t\t\t\t\t<div class=\"elementor-column elementor-col-100 elementor-top-column elementor-element elementor-element-76dab0b\" data-id=\"76dab0b\" data-element_type=\"column\">\n\t\t\t<div class=\"elementor-widget-wrap elementor-element-populated\">\n\t\t\t\t\t\t<div class=\"elementor-element elementor-element-dde3c4f elementor-widget elementor-widget-spreads\" data-id=\"dde3c4f\" data-element_type=\"widget\" data-widget_type=\"spreads.default\">\n\t\t\t\t<div class=\"elementor-widget-container\">\n\t\t\t\t\t<div class=\"spreads\" data-title=\"Account Spreads Comparison\" data-tabs=\"[{&quot;name&quot;:&quot;Live Floating Spread&quot;,&quot;rest&quot;:&quot;https:\\\/\\\/www.t4trade-cn.com\\\/vi\\\/wp-json\\\/spreads\\\/v1\\\/csv?id=4513&quot;},{&quot;name&quot;:&quot;Live Fixed Spread&quot;,&quot;rest&quot;:&quot;https:\\\/\\\/www.t4trade-cn.com\\\/vi\\\/wp-json\\\/spreads\\\/v1\\\/csv?id=17976&quot;}]\" data-initial-rows=\"5\" data-hide-expand=\"\" data-initial-expand=\"all\"><\/div><link rel=\"stylesheet\" href=\"\/wp-content\/plugins\/cool-widgets\/assets\/assets\/entry-a31d4a58.css\"><script type=\"module\" crossorigin=\"anonymous\" src=\"\/wp-content\/plugins\/cool-widgets\/assets\/assets\/spreads-5c3a17a3.js\"><\/script>\t\t\t\t<\/div>\n\t\t\t\t<\/div>\n\t\t\t\t<div class=\"elementor-element elementor-element-702eb5b elementor-widget elementor-widget-text-editor\" data-id=\"702eb5b\" data-element_type=\"widget\" data-widget_type=\"text-editor.default\">\n\t\t\t\t<div class=\"elementor-widget-container\">\n\t\t\t\t\t\t\t\t\t<p><strong>L\u01b0u \u00fd:<\/strong><br \/>T\u1ea5t c\u1ea3 c\u00e1c m\u1ee9c ch\u00eanh l\u1ec7ch l\u00e0 ch\u1ec9 \u0111\u1ecbnh, \u0111\u1ec3 xem c\u00e1c gi\u00e1 tr\u1ecb th\u1eddi gian th\u1ef1c, kh\u00e1ch h\u00e0ng n\u00ean tham kh\u1ea3o terminal kh\u00e1ch h\u00e0ng.<br \/>M\u1ee9c ch\u00eanh l\u1ec7ch c\u1ed1 \u0111\u1ecbnh th\u1ef1c trong phi\u00ean N\u1eeda \u0111\u00eam (11 gi\u1edd t\u1ed1i \u0111\u1ebfn 2 gi\u1edd s\u00e1ng, GMT + 2) s\u1ebd \u0111\u01b0\u1ee3c thay \u0111\u1ed5i th\u00e0nh m\u1ee9c ch\u00eanh l\u1ec7ch th\u1ea3 n\u1ed5i th\u1ef1c.<br \/>M\u1ee9c ch\u00eanh l\u1ec7ch c\u1ed1 \u0111\u1ecbnh \u1edf tr\u00ean \u0111\u01b0\u1ee3c \u00e1p d\u1ee5ng trong \u0111i\u1ec1u ki\u1ec7n giao d\u1ecbch b\u00ecnh th\u01b0\u1eddng trong phi\u00ean giao d\u1ecbch ban ng\u00e0y. Trong phi\u00ean giao d\u1ecbch ban \u0111\u00eam bi\u1ebfn \u0111\u1ed9ng h\u01a1n, m\u1ee9c ch\u00eanh l\u1ec7ch c\u1ed1 \u0111\u1ecbnh s\u1ebd l\u1edbn h\u01a1n so v\u1edbi nh\u1eefng g\u00ec \u0111\u01b0\u1ee3c hi\u1ec3n th\u1ecb \u1edf tr\u00ean.<\/p>\t\t\t\t\t\t\t\t<\/div>\n\t\t\t\t<\/div>\n\t\t\t\t<div class=\"elementor-element elementor-element-2fc3c90 elementor-align-center elementor-widget elementor-widget-button\" data-id=\"2fc3c90\" data-element_type=\"widget\" data-widget_type=\"button.default\">\n\t\t\t\t<div class=\"elementor-widget-container\">\n\t\t\t\t\t\t\t\t\t<div class=\"elementor-button-wrapper\">\n\t\t\t\t\t<a class=\"elementor-button elementor-button-link elementor-size-sm\" href=\"https:\/\/www.t4trade.com\/vi\/register\">\n\t\t\t\t\t\t<span class=\"elementor-button-content-wrapper\">\n\t\t\t\t\t\t\t\t\t<span class=\"elementor-button-text\">Giao d\u1ecbch ngay<\/span>\n\t\t\t\t\t<\/span>\n\t\t\t\t\t<\/a>\n\t\t\t\t<\/div>\n\t\t\t\t\t\t\t\t<\/div>\n\t\t\t\t<\/div>\n\t\t\t\t<div class=\"elementor-element elementor-element-f7dc035 elementor-hidden-mobile elementor-widget elementor-widget-text-editor\" data-id=\"f7dc035\" data-element_type=\"widget\" data-widget_type=\"text-editor.default\">\n\t\t\t\t<div class=\"elementor-widget-container\">\n\t\t\t\t\t\t\t\t\t<p>M\u1ecdi giao d\u1ecbch \u0111\u1ec1u ti\u1ec1m \u1ea9n r\u1ee7i ro. B\u1ea1n c\u00f3 th\u1ec3 m\u1ea5t to\u00e0n b\u1ed9 v\u1ed1n \u0111\u1ea7u t\u01b0 c\u1ee7a m\u00ecnh.<\/p>\t\t\t\t\t\t\t\t<\/div>\n\t\t\t\t<\/div>\n\t\t\t\t<div class=\"elementor-element elementor-element-796c6f4 elementor-hidden-desktop elementor-hidden-tablet elementor-widget elementor-widget-text-editor\" data-id=\"796c6f4\" data-element_type=\"widget\" data-widget_type=\"text-editor.default\">\n\t\t\t\t<div class=\"elementor-widget-container\">\n\t\t\t\t\t\t\t\t\tT\u1ea5t c\u1ea3 c\u00e1c giao d\u1ecbch \u0111\u1ec1u \n<br>\nmang t\u00ednh ch\u1ea5t r\u1ee7i ro, c\u00f3 th\u1ec3 khi\u1ebfn b\u1ea1n m\u1ea5t h\u1ebft s\u1ed1 ti\u1ec1n \u0111\u1ea7u t\u01b0\t\t\t\t\t\t\t\t<\/div>\n\t\t\t\t<\/div>\n\t\t\t\t\t<\/div>\n\t\t<\/div>\n\t\t\t\t\t<\/div>\n\t\t<\/section>\n\t\t\t\t<\/div>","protected":false},"excerpt":{"rendered":"<p>Account Spread Comparison Trade Now All trading involves risk. It is possible to lose all your capital. All&#8230;<\/p>","protected":false},"author":1,"featured_media":0,"parent":0,"menu_order":0,"comment_status":"closed","ping_status":"closed","template":"elementor_header_footer","meta":{"_acf_changed":false,"inline_featured_image":false,"footnotes":""},"class_list":["post-590","page","type-page","status-publish","hentry","entry"],"acf":[],"yoast_head":"<!-- This site is optimized with the Yoast SEO Premium plugin v26.2 (Yoast SEO v26.5) - https:\/\/yoast.com\/wordpress\/plugins\/seo\/ -->\n<title>Account Spread Comparison - T4Trade<\/title>\n<meta name=\"description\" content=\"Compare account spreads with our comprehensive tool. Explore and choose the best trading conditions to optimize your strategy.\" \/>\n<meta name=\"robots\" content=\"index, follow, max-snippet:-1, max-image-preview:large, max-video-preview:-1\" \/>\n<link rel=\"canonical\" href=\"https:\/\/www.t4trade.com\/vi\/wp-json\/wp\/v2\/pages\/590\/\" \/>\n<meta property=\"og:locale\" content=\"vi_VN\" \/>\n<meta property=\"og:type\" content=\"article\" \/>\n<meta property=\"og:title\" content=\"Account Spread Comparison\" \/>\n<meta property=\"og:description\" content=\"Compare account spreads with our comprehensive tool. Explore and choose the best trading conditions to optimize your strategy.\" \/>\n<meta property=\"og:url\" content=\"https:\/\/www.t4trade-cn.com\/vi\/account-spread-comparison\/\" \/>\n<meta property=\"og:site_name\" content=\"T4Trade\" \/>\n<meta property=\"article:modified_time\" content=\"2024-02-08T14:34:44+00:00\" \/>\n<meta name=\"twitter:card\" content=\"summary_large_image\" \/>\n<meta name=\"twitter:label1\" content=\"\u01af\u1edbc t\u00ednh th\u1eddi gian \u0111\u1ecdc\" \/>\n\t<meta name=\"twitter:data1\" content=\"2 ph\u00fat\" \/>\n<script type=\"application\/ld+json\" class=\"yoast-schema-graph\">{\"@context\":\"https:\/\/schema.org\",\"@graph\":[{\"@type\":\"WebPage\",\"@id\":\"https:\/\/www.t4trade-cn.com\/vi\/account-spread-comparison\/\",\"url\":\"https:\/\/www.t4trade-cn.com\/vi\/account-spread-comparison\/\",\"name\":\"Account Spread Comparison - T4Trade\",\"isPartOf\":{\"@id\":\"https:\/\/www.t4trade-cn.com\/vi\/#website\"},\"datePublished\":\"2021-10-11T13:44:26+00:00\",\"dateModified\":\"2024-02-08T14:34:44+00:00\",\"description\":\"Compare account spreads with our comprehensive tool. Explore and choose the best trading conditions to optimize your strategy.\",\"breadcrumb\":{\"@id\":\"https:\/\/www.t4trade-cn.com\/vi\/account-spread-comparison\/#breadcrumb\"},\"inLanguage\":\"vi\",\"potentialAction\":[{\"@type\":\"ReadAction\",\"target\":[\"https:\/\/www.t4trade-cn.com\/vi\/account-spread-comparison\/\"]}]},{\"@type\":\"BreadcrumbList\",\"@id\":\"https:\/\/www.t4trade-cn.com\/vi\/account-spread-comparison\/#breadcrumb\",\"itemListElement\":[{\"@type\":\"ListItem\",\"position\":1,\"name\":\"Home\",\"item\":\"https:\/\/www.t4trade-cn.com\/vi\/\"},{\"@type\":\"ListItem\",\"position\":2,\"name\":\"Account Spread Comparison\"}]},{\"@type\":\"WebSite\",\"@id\":\"https:\/\/www.t4trade-cn.com\/vi\/#website\",\"url\":\"https:\/\/www.t4trade-cn.com\/vi\/\",\"name\":\"T4Trade\",\"description\":\"\",\"publisher\":{\"@id\":\"https:\/\/www.t4trade-cn.com\/vi\/#organization\"},\"potentialAction\":[{\"@type\":\"SearchAction\",\"target\":{\"@type\":\"EntryPoint\",\"urlTemplate\":\"https:\/\/www.t4trade-cn.com\/vi\/?s={search_term_string}\"},\"query-input\":{\"@type\":\"PropertyValueSpecification\",\"valueRequired\":true,\"valueName\":\"search_term_string\"}}],\"inLanguage\":\"vi\"},{\"@type\":\"Organization\",\"@id\":\"https:\/\/www.t4trade-cn.com\/vi\/#organization\",\"name\":\"T4Trade\",\"url\":\"https:\/\/www.t4trade-cn.com\/vi\/\",\"logo\":{\"@type\":\"ImageObject\",\"inLanguage\":\"vi\",\"@id\":\"https:\/\/www.t4trade-cn.com\/vi\/#\/schema\/logo\/image\/\",\"url\":\"\/wp-content\/uploads\/2021\/10\/Group.svg\",\"contentUrl\":\"\/wp-content\/uploads\/2021\/10\/Group.svg\",\"width\":145,\"height\":33,\"caption\":\"T4Trade\"},\"image\":{\"@id\":\"https:\/\/www.t4trade-cn.com\/vi\/#\/schema\/logo\/image\/\"}}]}<\/script>\n<!-- \/ Yoast SEO Premium plugin. -->","yoast_head_json":{"title":"So s\u00e1nh Spread t\u00e0i kho\u1ea3n - T4Trade","description":"So s\u00e1nh c\u00e1c m\u1ee9c ch\u00eanh l\u1ec7ch t\u00e0i kho\u1ea3n v\u1edbi c\u00f4ng c\u1ee5 to\u00e0n di\u1ec7n c\u1ee7a ch\u00fang t\u00f4i. Kh\u00e1m ph\u00e1 v\u00e0 ch\u1ecdn \u0111i\u1ec1u ki\u1ec7n giao d\u1ecbch t\u1ed1t nh\u1ea5t \u0111\u1ec3 t\u1ed1i \u01b0u h\u00f3a chi\u1ebfn l\u01b0\u1ee3c c\u1ee7a b\u1ea1n.","robots":{"index":"index","follow":"follow","max-snippet":"max-snippet:-1","max-image-preview":"max-image-preview:large","max-video-preview":"max-video-preview:-1"},"canonical":"https:\/\/www.t4trade.com\/vi\/wp-json\/wp\/v2\/pages\/590\/","og_locale":"vi_VN","og_type":"article","og_title":"Account Spread Comparison","og_description":"Compare account spreads with our comprehensive tool. Explore and choose the best trading conditions to optimize your strategy.","og_url":"https:\/\/www.t4trade-cn.com\/vi\/account-spread-comparison\/","og_site_name":"T4Trade","article_modified_time":"2024-02-08T14:34:44+00:00","twitter_card":"summary_large_image","twitter_misc":{"\u01af\u1edbc t\u00ednh th\u1eddi gian \u0111\u1ecdc":"2 ph\u00fat"},"schema":{"@context":"https:\/\/schema.org","@graph":[{"@type":"WebPage","@id":"https:\/\/www.t4trade-cn.com\/vi\/account-spread-comparison\/","url":"https:\/\/www.t4trade-cn.com\/vi\/account-spread-comparison\/","name":"So s\u00e1nh Spread t\u00e0i kho\u1ea3n - T4Trade","isPartOf":{"@id":"https:\/\/www.t4trade-cn.com\/vi\/#website"},"datePublished":"2021-10-11T13:44:26+00:00","dateModified":"2024-02-08T14:34:44+00:00","description":"So s\u00e1nh c\u00e1c m\u1ee9c ch\u00eanh l\u1ec7ch t\u00e0i kho\u1ea3n v\u1edbi c\u00f4ng c\u1ee5 to\u00e0n di\u1ec7n c\u1ee7a ch\u00fang t\u00f4i. Kh\u00e1m ph\u00e1 v\u00e0 ch\u1ecdn \u0111i\u1ec1u ki\u1ec7n giao d\u1ecbch t\u1ed1t nh\u1ea5t \u0111\u1ec3 t\u1ed1i \u01b0u h\u00f3a chi\u1ebfn l\u01b0\u1ee3c c\u1ee7a b\u1ea1n.","breadcrumb":{"@id":"https:\/\/www.t4trade-cn.com\/vi\/account-spread-comparison\/#breadcrumb"},"inLanguage":"vi","potentialAction":[{"@type":"ReadAction","target":["https:\/\/www.t4trade-cn.com\/vi\/account-spread-comparison\/"]}]},{"@type":"BreadcrumbList","@id":"https:\/\/www.t4trade-cn.com\/vi\/account-spread-comparison\/#breadcrumb","itemListElement":[{"@type":"ListItem","position":1,"name":"Home","item":"https:\/\/www.t4trade-cn.com\/vi\/"},{"@type":"ListItem","position":2,"name":"Account Spread Comparison"}]},{"@type":"WebSite","@id":"https:\/\/www.t4trade-cn.com\/vi\/#website","url":"https:\/\/www.t4trade-cn.com\/vi\/","name":"T4Trade","description":"","publisher":{"@id":"https:\/\/www.t4trade-cn.com\/vi\/#organization"},"potentialAction":[{"@type":"SearchAction","target":{"@type":"EntryPoint","urlTemplate":"https:\/\/www.t4trade-cn.com\/vi\/?s={search_term_string}"},"query-input":{"@type":"PropertyValueSpecification","valueRequired":true,"valueName":"search_term_string"}}],"inLanguage":"vi"},{"@type":"Organization","@id":"https:\/\/www.t4trade-cn.com\/vi\/#organization","name":"T4Trade","url":"https:\/\/www.t4trade-cn.com\/vi\/","logo":{"@type":"ImageObject","inLanguage":"vi","@id":"https:\/\/www.t4trade-cn.com\/vi\/#\/schema\/logo\/image\/","url":"\/wp-content\/uploads\/2021\/10\/Group.svg","contentUrl":"\/wp-content\/uploads\/2021\/10\/Group.svg","width":145,"height":33,"caption":"T4Trade"},"image":{"@id":"https:\/\/www.t4trade-cn.com\/vi\/#\/schema\/logo\/image\/"}}]}},"_links":{"self":[{"href":"https:\/\/www.t4trade-cn.com\/vi\/wp-json\/wp\/v2\/pages\/590","targetHints":{"allow":["GET"]}}],"collection":[{"href":"https:\/\/www.t4trade-cn.com\/vi\/wp-json\/wp\/v2\/pages"}],"about":[{"href":"https:\/\/www.t4trade-cn.com\/vi\/wp-json\/wp\/v2\/types\/page"}],"author":[{"embeddable":true,"href":"https:\/\/www.t4trade-cn.com\/vi\/wp-json\/wp\/v2\/users\/1"}],"replies":[{"embeddable":true,"href":"https:\/\/www.t4trade-cn.com\/vi\/wp-json\/wp\/v2\/comments?post=590"}],"version-history":[{"count":10,"href":"https:\/\/www.t4trade-cn.com\/vi\/wp-json\/wp\/v2\/pages\/590\/revisions"}],"predecessor-version":[{"id":23683,"href":"https:\/\/www.t4trade-cn.com\/vi\/wp-json\/wp\/v2\/pages\/590\/revisions\/23683"}],"wp:attachment":[{"href":"https:\/\/www.t4trade-cn.com\/vi\/wp-json\/wp\/v2\/media?parent=590"}],"curies":[{"name":"wp","href":"https:\/\/api.w.org\/{rel}","templated":true}]}}